{"id":22209,"date":"2025-07-22T19:52:54","date_gmt":"2025-07-22T17:52:54","guid":{"rendered":"https:\/\/uj.adatbank.ro\/lexikon\/termek\/szeredai-janos-szentharomsagi-2\/"},"modified":"2025-07-22T19:52:54","modified_gmt":"2025-07-22T17:52:54","slug":"szeredai-janos-szentharomsagi-2","status":"publish","type":"product","link":"https:\/\/uj.adatbank.ro\/lexikon\/termek\/szeredai-janos-szentharomsagi-2\/","title":{"rendered":"SZEREDAI J\u00e1nos, szenth\u00e1roms\u00e1gi"},"content":{"rendered":"<p>? \u2020?: marossz\u00e9ki nemes. \u2013 Vajdahunyad tax\u00e1lis v\u00e1ros k\u00f6vete. Marossz\u00e9ki nemes. Kir. hivatalos az erd\u00e9lyi 1848. \u00e9vi utols\u00f3 rendi orsz\u00e1ggy\u0171l\u00e9sen (Kv., 1848. m\u00e1j. 29.). <br \/><strong>Irod.:<\/strong> Egyed \u00c1.: Erd\u00e9ly 1848. ogy.; P\u00e1lmay; Szathm\u00e1ri Papp K\u00e1roly.<\/br><\/p>\n","protected":false},"excerpt":{"rendered":"<p>? \u2020?: marossz\u00e9ki nemes. \u2013 Vajdahunyad tax\u00e1lis v\u00e1ros k\u00f6vete. Marossz\u00e9ki nemes. Kir. hivatalos az erd\u00e9lyi 1848. \u00e9vi utols\u00f3 rendi orsz\u00e1ggy\u0171l\u00e9sen (Kv., 1848. m\u00e1j. 29.). Irod.: Egyed \u00c1.: Erd\u00e9ly 1848. ogy.; P\u00e1lmay; Szathm\u00e1ri Papp K\u00e1roly.<\/p>\n","protected":false},"featured_media":0,"comment_status":"open","ping_status":"closed","template":"","meta":[],"product_brand":[],"product_cat":[137],"product_tag":[],"class_list":{"0":"post-22209","1":"product","2":"type-product","3":"status-publish","5":"product_cat-maros-megyei-eletrajzi-lexikon","7":"first","8":"instock","9":"shipping-taxable","10":"product-type-simple"},"_links":{"self":[{"href":"https:\/\/uj.adatbank.ro\/lexikon\/wp-json\/wp\/v2\/product\/22209","targetHints":{"allow":["GET"]}}],"collection":[{"href":"https:\/\/uj.adatbank.ro\/lexikon\/wp-json\/wp\/v2\/product"}],"about":[{"href":"https:\/\/uj.adatbank.ro\/lexikon\/wp-json\/wp\/v2\/types\/product"}],"replies":[{"embeddable":true,"href":"https:\/\/uj.adatbank.ro\/lexikon\/wp-json\/wp\/v2\/comments?post=22209"}],"wp:attachment":[{"href":"https:\/\/uj.adatbank.ro\/lexikon\/wp-json\/wp\/v2\/media?parent=22209"}],"wp:term":[{"taxonomy":"product_brand","embeddable":true,"href":"https:\/\/uj.adatbank.ro\/lexikon\/wp-json\/wp\/v2\/product_brand?post=22209"},{"taxonomy":"product_cat","embeddable":true,"href":"https:\/\/uj.adatbank.ro\/lexikon\/wp-json\/wp\/v2\/product_cat?post=22209"},{"taxonomy":"product_tag","embeddable":true,"href":"https:\/\/uj.adatbank.ro\/lexikon\/wp-json\/wp\/v2\/product_tag?post=22209"}],"curies":[{"name":"wp","href":"https:\/\/api.w.org\/{rel}","templated":true}]}}