{"id":22212,"date":"2025-07-22T19:53:00","date_gmt":"2025-07-22T17:53:00","guid":{"rendered":"https:\/\/uj.adatbank.ro\/lexikon\/termek\/szeredai-kristof-szentharomsagi-szeredai-cristoph\/"},"modified":"2025-07-22T19:53:00","modified_gmt":"2025-07-22T17:53:00","slug":"szeredai-kristof-szentharomsagi-szeredai-cristoph","status":"publish","type":"product","link":"https:\/\/uj.adatbank.ro\/lexikon\/termek\/szeredai-kristof-szentharomsagi-szeredai-cristoph\/","title":{"rendered":"SZEREDAI Krist\u00f3f, szenth\u00e1roms\u00e1gi, Szeredai Cristoph"},"content":{"rendered":"<p>? \u2020?: ad\u00f3szed\u0151. \u2013 K\u00fck\u00fcll\u0151megyei kir. p\u00e9nzt\u00e1rnok (1773), majd szolgab\u00edr\u00f3 \u00e9s f\u0151b\u00edr\u00f3 (1771), t\u00e1blai sz\u00e1mfeletti \u00fcln\u00f6k (1784). <br \/><strong>Irod.:<\/strong> Bozac\u2013Pavel; Nagy Iv\u00e1n; P\u00e1lmay.<\/br><\/p>\n","protected":false},"excerpt":{"rendered":"<p>? \u2020?: ad\u00f3szed\u0151. \u2013 K\u00fck\u00fcll\u0151megyei kir. p\u00e9nzt\u00e1rnok (1773), majd szolgab\u00edr\u00f3 \u00e9s f\u0151b\u00edr\u00f3 (1771), t\u00e1blai sz\u00e1mfeletti \u00fcln\u00f6k (1784). Irod.: Bozac\u2013Pavel; Nagy Iv\u00e1n; P\u00e1lmay.<\/p>\n","protected":false},"featured_media":0,"comment_status":"open","ping_status":"closed","template":"","meta":[],"product_brand":[],"product_cat":[137],"product_tag":[],"class_list":{"0":"post-22212","1":"product","2":"type-product","3":"status-publish","5":"product_cat-maros-megyei-eletrajzi-lexikon","7":"first","8":"instock","9":"shipping-taxable","10":"product-type-simple"},"_links":{"self":[{"href":"https:\/\/uj.adatbank.ro\/lexikon\/wp-json\/wp\/v2\/product\/22212","targetHints":{"allow":["GET"]}}],"collection":[{"href":"https:\/\/uj.adatbank.ro\/lexikon\/wp-json\/wp\/v2\/product"}],"about":[{"href":"https:\/\/uj.adatbank.ro\/lexikon\/wp-json\/wp\/v2\/types\/product"}],"replies":[{"embeddable":true,"href":"https:\/\/uj.adatbank.ro\/lexikon\/wp-json\/wp\/v2\/comments?post=22212"}],"wp:attachment":[{"href":"https:\/\/uj.adatbank.ro\/lexikon\/wp-json\/wp\/v2\/media?parent=22212"}],"wp:term":[{"taxonomy":"product_brand","embeddable":true,"href":"https:\/\/uj.adatbank.ro\/lexikon\/wp-json\/wp\/v2\/product_brand?post=22212"},{"taxonomy":"product_cat","embeddable":true,"href":"https:\/\/uj.adatbank.ro\/lexikon\/wp-json\/wp\/v2\/product_cat?post=22212"},{"taxonomy":"product_tag","embeddable":true,"href":"https:\/\/uj.adatbank.ro\/lexikon\/wp-json\/wp\/v2\/product_tag?post=22212"}],"curies":[{"name":"wp","href":"https:\/\/api.w.org\/{rel}","templated":true}]}}