{"id":22213,"date":"2025-07-22T19:53:02","date_gmt":"2025-07-22T17:53:02","guid":{"rendered":"https:\/\/uj.adatbank.ro\/lexikon\/termek\/szeredai-kristof-szentharomsagi\/"},"modified":"2025-07-22T19:53:02","modified_gmt":"2025-07-22T17:53:02","slug":"szeredai-kristof-szentharomsagi","status":"publish","type":"product","link":"https:\/\/uj.adatbank.ro\/lexikon\/termek\/szeredai-kristof-szentharomsagi\/","title":{"rendered":"SZEREDAI Krist\u00f3f, szenth\u00e1roms\u00e1gi"},"content":{"rendered":"<p>? \u2020?: f\u0151b\u00edr\u00f3. \u2013 K\u00fck\u00fcll\u0151megy\u00e9ben szolgab\u00edr\u00f3 (1794), f\u0151b\u00edr\u00f3 (1810\u201331?). <br \/><strong>Irod.:<\/strong> Nagy Iv\u00e1n.<\/br><\/p>\n","protected":false},"excerpt":{"rendered":"<p>? \u2020?: f\u0151b\u00edr\u00f3. \u2013 K\u00fck\u00fcll\u0151megy\u00e9ben szolgab\u00edr\u00f3 (1794), f\u0151b\u00edr\u00f3 (1810\u201331?). Irod.: Nagy Iv\u00e1n.<\/p>\n","protected":false},"featured_media":0,"comment_status":"open","ping_status":"closed","template":"","meta":[],"product_brand":[],"product_cat":[137],"product_tag":[],"class_list":{"0":"post-22213","1":"product","2":"type-product","3":"status-publish","5":"product_cat-maros-megyei-eletrajzi-lexikon","7":"first","8":"instock","9":"shipping-taxable","10":"product-type-simple"},"_links":{"self":[{"href":"https:\/\/uj.adatbank.ro\/lexikon\/wp-json\/wp\/v2\/product\/22213","targetHints":{"allow":["GET"]}}],"collection":[{"href":"https:\/\/uj.adatbank.ro\/lexikon\/wp-json\/wp\/v2\/product"}],"about":[{"href":"https:\/\/uj.adatbank.ro\/lexikon\/wp-json\/wp\/v2\/types\/product"}],"replies":[{"embeddable":true,"href":"https:\/\/uj.adatbank.ro\/lexikon\/wp-json\/wp\/v2\/comments?post=22213"}],"wp:attachment":[{"href":"https:\/\/uj.adatbank.ro\/lexikon\/wp-json\/wp\/v2\/media?parent=22213"}],"wp:term":[{"taxonomy":"product_brand","embeddable":true,"href":"https:\/\/uj.adatbank.ro\/lexikon\/wp-json\/wp\/v2\/product_brand?post=22213"},{"taxonomy":"product_cat","embeddable":true,"href":"https:\/\/uj.adatbank.ro\/lexikon\/wp-json\/wp\/v2\/product_cat?post=22213"},{"taxonomy":"product_tag","embeddable":true,"href":"https:\/\/uj.adatbank.ro\/lexikon\/wp-json\/wp\/v2\/product_tag?post=22213"}],"curies":[{"name":"wp","href":"https:\/\/api.w.org\/{rel}","templated":true}]}}