{"id":22214,"date":"2025-07-22T19:53:03","date_gmt":"2025-07-22T17:53:03","guid":{"rendered":"https:\/\/uj.adatbank.ro\/lexikon\/termek\/szeredai-laszlo\/"},"modified":"2025-07-22T19:53:03","modified_gmt":"2025-07-22T17:53:03","slug":"szeredai-laszlo","status":"publish","type":"product","link":"https:\/\/uj.adatbank.ro\/lexikon\/termek\/szeredai-laszlo\/","title":{"rendered":"SZEREDAI L\u00e1szl\u00f3"},"content":{"rendered":"<p>? \u2020?: alkir\u00e1lyb\u00edr\u00f3. \u2013 Szentront\u00e1si sz\u00fclet\u00e9s\u0171, alkir\u00e1lyb\u00edr\u00f3 (1751\u201353). \u2013 Irod,: Szenth\u00e1roms\u00e1g.<\/br><\/p>\n","protected":false},"excerpt":{"rendered":"<p>? \u2020?: alkir\u00e1lyb\u00edr\u00f3. \u2013 Szentront\u00e1si sz\u00fclet\u00e9s\u0171, alkir\u00e1lyb\u00edr\u00f3 (1751\u201353). \u2013 Irod,: Szenth\u00e1roms\u00e1g.<\/p>\n","protected":false},"featured_media":0,"comment_status":"open","ping_status":"closed","template":"","meta":[],"product_brand":[],"product_cat":[137],"product_tag":[],"class_list":{"0":"post-22214","1":"product","2":"type-product","3":"status-publish","5":"product_cat-maros-megyei-eletrajzi-lexikon","7":"first","8":"instock","9":"shipping-taxable","10":"product-type-simple"},"_links":{"self":[{"href":"https:\/\/uj.adatbank.ro\/lexikon\/wp-json\/wp\/v2\/product\/22214","targetHints":{"allow":["GET"]}}],"collection":[{"href":"https:\/\/uj.adatbank.ro\/lexikon\/wp-json\/wp\/v2\/product"}],"about":[{"href":"https:\/\/uj.adatbank.ro\/lexikon\/wp-json\/wp\/v2\/types\/product"}],"replies":[{"embeddable":true,"href":"https:\/\/uj.adatbank.ro\/lexikon\/wp-json\/wp\/v2\/comments?post=22214"}],"wp:attachment":[{"href":"https:\/\/uj.adatbank.ro\/lexikon\/wp-json\/wp\/v2\/media?parent=22214"}],"wp:term":[{"taxonomy":"product_brand","embeddable":true,"href":"https:\/\/uj.adatbank.ro\/lexikon\/wp-json\/wp\/v2\/product_brand?post=22214"},{"taxonomy":"product_cat","embeddable":true,"href":"https:\/\/uj.adatbank.ro\/lexikon\/wp-json\/wp\/v2\/product_cat?post=22214"},{"taxonomy":"product_tag","embeddable":true,"href":"https:\/\/uj.adatbank.ro\/lexikon\/wp-json\/wp\/v2\/product_tag?post=22214"}],"curies":[{"name":"wp","href":"https:\/\/api.w.org\/{rel}","templated":true}]}}