{"id":22215,"date":"2025-07-22T19:53:05","date_gmt":"2025-07-22T17:53:05","guid":{"rendered":"https:\/\/uj.adatbank.ro\/lexikon\/termek\/szeredai-mihaly\/"},"modified":"2025-07-22T19:53:05","modified_gmt":"2025-07-22T17:53:05","slug":"szeredai-mihaly","status":"publish","type":"product","link":"https:\/\/uj.adatbank.ro\/lexikon\/termek\/szeredai-mihaly\/","title":{"rendered":"SZEREDAI Mih\u00e1ly"},"content":{"rendered":"<p>Szenth\u00e1roms\u00e1g, 1762., \u2020 Gyulafeh\u00e9rv\u00e1r, 1822. dec. 11., a sz\u00e9kesegyh\u00e1z kript\u00e1j\u00e1ban nyugszik: r. k. pap. \u2013 Kv.-on az egyetemen (1775\u201381) \u00e9s Bud\u00e1n (1782) tanult. Papp\u00e1 szentelt\u00e9k (1788. m\u00e1rc. 8.). K\u00e1pl\u00e1n Sz\u00e9kelyudvarhelyen (1788), majd Gyulafeh\u00e9rv\u00e1ron, ahol teol. tan\u00e1r (1799), gimn. igazgat\u00f3 \u00e9s kanonok (1808-. <br \/><strong>Irod.:<\/strong> Ferenczi S\u00e1ndor 2009.<\/br><\/p>\n","protected":false},"excerpt":{"rendered":"<p>Szenth\u00e1roms\u00e1g, 1762., \u2020 Gyulafeh\u00e9rv\u00e1r, 1822. dec. 11., a sz\u00e9kesegyh\u00e1z kript\u00e1j\u00e1ban nyugszik: r. k. pap. \u2013 Kv.-on az egyetemen (1775\u201381) \u00e9s Bud\u00e1n (1782) tanult. Papp\u00e1 szentelt\u00e9k (1788. m\u00e1rc. 8.). K\u00e1pl\u00e1n Sz\u00e9kelyudvarhelyen (1788), majd Gyulafeh\u00e9rv\u00e1ron, ahol teol. tan\u00e1r (1799), gimn. igazgat\u00f3 \u00e9s kanonok (1808-. Irod.: Ferenczi S\u00e1ndor 2009.<\/p>\n","protected":false},"featured_media":0,"comment_status":"open","ping_status":"closed","template":"","meta":[],"product_brand":[],"product_cat":[137],"product_tag":[],"class_list":{"0":"post-22215","1":"product","2":"type-product","3":"status-publish","5":"product_cat-maros-megyei-eletrajzi-lexikon","7":"first","8":"instock","9":"shipping-taxable","10":"product-type-simple"},"_links":{"self":[{"href":"https:\/\/uj.adatbank.ro\/lexikon\/wp-json\/wp\/v2\/product\/22215","targetHints":{"allow":["GET"]}}],"collection":[{"href":"https:\/\/uj.adatbank.ro\/lexikon\/wp-json\/wp\/v2\/product"}],"about":[{"href":"https:\/\/uj.adatbank.ro\/lexikon\/wp-json\/wp\/v2\/types\/product"}],"replies":[{"embeddable":true,"href":"https:\/\/uj.adatbank.ro\/lexikon\/wp-json\/wp\/v2\/comments?post=22215"}],"wp:attachment":[{"href":"https:\/\/uj.adatbank.ro\/lexikon\/wp-json\/wp\/v2\/media?parent=22215"}],"wp:term":[{"taxonomy":"product_brand","embeddable":true,"href":"https:\/\/uj.adatbank.ro\/lexikon\/wp-json\/wp\/v2\/product_brand?post=22215"},{"taxonomy":"product_cat","embeddable":true,"href":"https:\/\/uj.adatbank.ro\/lexikon\/wp-json\/wp\/v2\/product_cat?post=22215"},{"taxonomy":"product_tag","embeddable":true,"href":"https:\/\/uj.adatbank.ro\/lexikon\/wp-json\/wp\/v2\/product_tag?post=22215"}],"curies":[{"name":"wp","href":"https:\/\/api.w.org\/{rel}","templated":true}]}}