{"id":22216,"date":"2025-07-22T19:53:07","date_gmt":"2025-07-22T17:53:07","guid":{"rendered":"https:\/\/uj.adatbank.ro\/lexikon\/termek\/szeredai-peter-szerdahelyi\/"},"modified":"2025-07-22T19:53:07","modified_gmt":"2025-07-22T17:53:07","slug":"szeredai-peter-szerdahelyi","status":"publish","type":"product","link":"https:\/\/uj.adatbank.ro\/lexikon\/termek\/szeredai-peter-szerdahelyi\/","title":{"rendered":"SZEREDAI P\u00e9ter, Szerdahelyi"},"content":{"rendered":"<p>? \u2020?: ref. lelk\u00e9sz. \u2013 K\u00f3r\u00f3dszentm\u00e1rtonban (1648\u201354), H\u00e9derf\u00e1j\u00e1n (1655), B\u00faz\u00e1sbeseny\u0151ben (1665) \u00e9s Kerel\u0151szentp\u00e1lon (1657, 1666\u201373), K\u00f3r\u00f3dszentm\u00e1rtonban (1675) szolg\u00e1lt. Feles\u00e9ge P\u00e9terffi Erzs\u00e9bet. <br \/><strong>Irod.:<\/strong> K\u00fck\u00fcll\u0151i Ref. Egyh\u00e1zm. 2.<\/br><\/p>\n","protected":false},"excerpt":{"rendered":"<p>? \u2020?: ref. lelk\u00e9sz. \u2013 K\u00f3r\u00f3dszentm\u00e1rtonban (1648\u201354), H\u00e9derf\u00e1j\u00e1n (1655), B\u00faz\u00e1sbeseny\u0151ben (1665) \u00e9s Kerel\u0151szentp\u00e1lon (1657, 1666\u201373), K\u00f3r\u00f3dszentm\u00e1rtonban (1675) szolg\u00e1lt. Feles\u00e9ge P\u00e9terffi Erzs\u00e9bet. Irod.: K\u00fck\u00fcll\u0151i Ref. Egyh\u00e1zm. 2.<\/p>\n","protected":false},"featured_media":0,"comment_status":"open","ping_status":"closed","template":"","meta":[],"product_brand":[],"product_cat":[137],"product_tag":[],"class_list":{"0":"post-22216","1":"product","2":"type-product","3":"status-publish","5":"product_cat-maros-megyei-eletrajzi-lexikon","7":"first","8":"instock","9":"shipping-taxable","10":"product-type-simple"},"_links":{"self":[{"href":"https:\/\/uj.adatbank.ro\/lexikon\/wp-json\/wp\/v2\/product\/22216","targetHints":{"allow":["GET"]}}],"collection":[{"href":"https:\/\/uj.adatbank.ro\/lexikon\/wp-json\/wp\/v2\/product"}],"about":[{"href":"https:\/\/uj.adatbank.ro\/lexikon\/wp-json\/wp\/v2\/types\/product"}],"replies":[{"embeddable":true,"href":"https:\/\/uj.adatbank.ro\/lexikon\/wp-json\/wp\/v2\/comments?post=22216"}],"wp:attachment":[{"href":"https:\/\/uj.adatbank.ro\/lexikon\/wp-json\/wp\/v2\/media?parent=22216"}],"wp:term":[{"taxonomy":"product_brand","embeddable":true,"href":"https:\/\/uj.adatbank.ro\/lexikon\/wp-json\/wp\/v2\/product_brand?post=22216"},{"taxonomy":"product_cat","embeddable":true,"href":"https:\/\/uj.adatbank.ro\/lexikon\/wp-json\/wp\/v2\/product_cat?post=22216"},{"taxonomy":"product_tag","embeddable":true,"href":"https:\/\/uj.adatbank.ro\/lexikon\/wp-json\/wp\/v2\/product_tag?post=22216"}],"curies":[{"name":"wp","href":"https:\/\/api.w.org\/{rel}","templated":true}]}}