{"id":22217,"date":"2025-07-22T19:53:10","date_gmt":"2025-07-22T17:53:10","guid":{"rendered":"https:\/\/uj.adatbank.ro\/lexikon\/termek\/szeredai-peter-szentharomsagi\/"},"modified":"2025-07-22T19:53:10","modified_gmt":"2025-07-22T17:53:10","slug":"szeredai-peter-szentharomsagi","status":"publish","type":"product","link":"https:\/\/uj.adatbank.ro\/lexikon\/termek\/szeredai-peter-szentharomsagi\/","title":{"rendered":"SZEREDAI P\u00e9ter, szenth\u00e1roms\u00e1gi"},"content":{"rendered":"<p>? \u2020?: orsz\u00e1ggy\u0171l\u00e9si k\u00f6vet \u00e9s kir. hivatalos, a parajdi s\u00f3b\u00e1ny\u00e1k inspektora volt. (1722). Adom\u00e1nyt adott a tervezett mv.-i templom \u00e9p\u00edt\u00e9s\u00e9hez. <br \/><strong>Irod.:<\/strong> Mv.-i Pl\u00e9b\u00e1nia; P\u00e1lmay.<\/br><\/p>\n","protected":false},"excerpt":{"rendered":"<p>? \u2020?: orsz\u00e1ggy\u0171l\u00e9si k\u00f6vet \u00e9s kir. hivatalos, a parajdi s\u00f3b\u00e1ny\u00e1k inspektora volt. (1722). Adom\u00e1nyt adott a tervezett mv.-i templom \u00e9p\u00edt\u00e9s\u00e9hez. Irod.: Mv.-i Pl\u00e9b\u00e1nia; P\u00e1lmay.<\/p>\n","protected":false},"featured_media":0,"comment_status":"open","ping_status":"closed","template":"","meta":[],"product_brand":[],"product_cat":[137],"product_tag":[],"class_list":{"0":"post-22217","1":"product","2":"type-product","3":"status-publish","5":"product_cat-maros-megyei-eletrajzi-lexikon","7":"first","8":"instock","9":"shipping-taxable","10":"product-type-simple"},"_links":{"self":[{"href":"https:\/\/uj.adatbank.ro\/lexikon\/wp-json\/wp\/v2\/product\/22217","targetHints":{"allow":["GET"]}}],"collection":[{"href":"https:\/\/uj.adatbank.ro\/lexikon\/wp-json\/wp\/v2\/product"}],"about":[{"href":"https:\/\/uj.adatbank.ro\/lexikon\/wp-json\/wp\/v2\/types\/product"}],"replies":[{"embeddable":true,"href":"https:\/\/uj.adatbank.ro\/lexikon\/wp-json\/wp\/v2\/comments?post=22217"}],"wp:attachment":[{"href":"https:\/\/uj.adatbank.ro\/lexikon\/wp-json\/wp\/v2\/media?parent=22217"}],"wp:term":[{"taxonomy":"product_brand","embeddable":true,"href":"https:\/\/uj.adatbank.ro\/lexikon\/wp-json\/wp\/v2\/product_brand?post=22217"},{"taxonomy":"product_cat","embeddable":true,"href":"https:\/\/uj.adatbank.ro\/lexikon\/wp-json\/wp\/v2\/product_cat?post=22217"},{"taxonomy":"product_tag","embeddable":true,"href":"https:\/\/uj.adatbank.ro\/lexikon\/wp-json\/wp\/v2\/product_tag?post=22217"}],"curies":[{"name":"wp","href":"https:\/\/api.w.org\/{rel}","templated":true}]}}