{"id":2222,"date":"2025-06-28T12:07:29","date_gmt":"2025-06-28T10:07:29","guid":{"rendered":"https:\/\/uj.adatbank.ro\/lexikon\/termek\/banfi-octavian-bonfiniu\/"},"modified":"2025-06-28T12:07:29","modified_gmt":"2025-06-28T10:07:29","slug":"banfi-octavian-bonfiniu","status":"publish","type":"product","link":"https:\/\/uj.adatbank.ro\/lexikon\/termek\/banfi-octavian-bonfiniu\/","title":{"rendered":"B\u00c1NFI Octavian Bonfiniu"},"content":{"rendered":"<p>Somostelke, 1856., \u2020 1911: tan\u00e1r. \u2013 A k\u00f6z\u00e9piskol\u00e1t Mv.-en, fels\u0151bb tanulm\u00e1nyait Bal\u00e1zsfalv\u00e1n v\u00e9gezte (1875). Teol\u00f3gi\u00e1t tanult Bp.-en, majd B\u00e9csben klasszika-filol\u00f3giai k\u00e9pes\u00edt\u00e9st szerzett. Bal\u00e1zsfalv\u00e1n tan\u00edtott (1882\u2013), a latin \u00e9s g\u00f6r\u00f6g nyelv mellett id\u0151nk\u00e9nt matematik\u00e1t is oktatott. Sz\u00e1mos iskol\u00e1nk\u00edv\u00fcli tev\u00e9kenys\u00e9get folytatott. <br \/><strong>Irod.:<\/strong> Todea 2013<\/br><\/p>\n","protected":false},"excerpt":{"rendered":"<p>Somostelke, 1856., \u2020 1911: tan\u00e1r. \u2013 A k\u00f6z\u00e9piskol\u00e1t Mv.-en, fels\u0151bb tanulm\u00e1nyait Bal\u00e1zsfalv\u00e1n v\u00e9gezte (1875). Teol\u00f3gi\u00e1t tanult Bp.-en, majd B\u00e9csben klasszika-filol\u00f3giai k\u00e9pes\u00edt\u00e9st szerzett. Bal\u00e1zsfalv\u00e1n tan\u00edtott (1882\u2013), a latin \u00e9s g\u00f6r\u00f6g nyelv mellett id\u0151nk\u00e9nt matematik\u00e1t is oktatott. Sz\u00e1mos iskol\u00e1nk\u00edv\u00fcli tev\u00e9kenys\u00e9get folytatott. Irod.: Todea 2013<\/p>\n","protected":false},"featured_media":0,"comment_status":"open","ping_status":"closed","template":"","meta":[],"product_brand":[],"product_cat":[137],"product_tag":[],"class_list":{"0":"post-2222","1":"product","2":"type-product","3":"status-publish","5":"product_cat-maros-megyei-eletrajzi-lexikon","7":"first","8":"instock","9":"shipping-taxable","10":"product-type-simple"},"_links":{"self":[{"href":"https:\/\/uj.adatbank.ro\/lexikon\/wp-json\/wp\/v2\/product\/2222","targetHints":{"allow":["GET"]}}],"collection":[{"href":"https:\/\/uj.adatbank.ro\/lexikon\/wp-json\/wp\/v2\/product"}],"about":[{"href":"https:\/\/uj.adatbank.ro\/lexikon\/wp-json\/wp\/v2\/types\/product"}],"replies":[{"embeddable":true,"href":"https:\/\/uj.adatbank.ro\/lexikon\/wp-json\/wp\/v2\/comments?post=2222"}],"wp:attachment":[{"href":"https:\/\/uj.adatbank.ro\/lexikon\/wp-json\/wp\/v2\/media?parent=2222"}],"wp:term":[{"taxonomy":"product_brand","embeddable":true,"href":"https:\/\/uj.adatbank.ro\/lexikon\/wp-json\/wp\/v2\/product_brand?post=2222"},{"taxonomy":"product_cat","embeddable":true,"href":"https:\/\/uj.adatbank.ro\/lexikon\/wp-json\/wp\/v2\/product_cat?post=2222"},{"taxonomy":"product_tag","embeddable":true,"href":"https:\/\/uj.adatbank.ro\/lexikon\/wp-json\/wp\/v2\/product_tag?post=2222"}],"curies":[{"name":"wp","href":"https:\/\/api.w.org\/{rel}","templated":true}]}}