{"id":22222,"date":"2025-07-22T19:53:22","date_gmt":"2025-07-22T17:53:22","guid":{"rendered":"https:\/\/uj.adatbank.ro\/lexikon\/termek\/szeremy-lajos\/"},"modified":"2025-07-22T19:53:22","modified_gmt":"2025-07-22T17:53:22","slug":"szeremy-lajos","status":"publish","type":"product","link":"https:\/\/uj.adatbank.ro\/lexikon\/termek\/szeremy-lajos\/","title":{"rendered":"SZER\u00c9MY Lajos"},"content":{"rendered":"<p>Szatm\u00e1rn\u00e9meti, 1918., \u2020?: orvos, seb\u00e9sz. \u2013 Orvosi diplom\u00e1j\u00e1t Kv.-on szerzte (1945). Seb\u00e9sz volt Mv.-en, Szatm\u00e1ron. \u2013 <strong>F. m.<\/strong>: <strong>t\u00e1rssz.:<\/strong> Seb\u00e9szeti jegyzet. 1\u20132 k\u00f6t. (Mv., 1953.), R\u00e9szletes seb\u00e9szet. 1. k\u00f6t. (Sz\u00e1va J\u00e1nos, Ny\u00edr\u0151 Csab\u00e1val, Mv., 1954.). <br \/><strong>Irod.:<\/strong> Genersich; P\u00e9ter; Todea.<\/br><\/p>\n","protected":false},"excerpt":{"rendered":"<p>Szatm\u00e1rn\u00e9meti, 1918., \u2020?: orvos, seb\u00e9sz. \u2013 Orvosi diplom\u00e1j\u00e1t Kv.-on szerzte (1945). Seb\u00e9sz volt Mv.-en, Szatm\u00e1ron. \u2013 F. m.: t\u00e1rssz.: Seb\u00e9szeti jegyzet. 1\u20132 k\u00f6t. (Mv., 1953.), R\u00e9szletes seb\u00e9szet. 1. k\u00f6t. (Sz\u00e1va J\u00e1nos, Ny\u00edr\u0151 Csab\u00e1val, Mv., 1954.). Irod.: Genersich; P\u00e9ter; Todea.<\/p>\n","protected":false},"featured_media":0,"comment_status":"open","ping_status":"closed","template":"","meta":[],"product_brand":[],"product_cat":[137],"product_tag":[],"class_list":{"0":"post-22222","1":"product","2":"type-product","3":"status-publish","5":"product_cat-maros-megyei-eletrajzi-lexikon","7":"first","8":"instock","9":"shipping-taxable","10":"product-type-simple"},"_links":{"self":[{"href":"https:\/\/uj.adatbank.ro\/lexikon\/wp-json\/wp\/v2\/product\/22222","targetHints":{"allow":["GET"]}}],"collection":[{"href":"https:\/\/uj.adatbank.ro\/lexikon\/wp-json\/wp\/v2\/product"}],"about":[{"href":"https:\/\/uj.adatbank.ro\/lexikon\/wp-json\/wp\/v2\/types\/product"}],"replies":[{"embeddable":true,"href":"https:\/\/uj.adatbank.ro\/lexikon\/wp-json\/wp\/v2\/comments?post=22222"}],"wp:attachment":[{"href":"https:\/\/uj.adatbank.ro\/lexikon\/wp-json\/wp\/v2\/media?parent=22222"}],"wp:term":[{"taxonomy":"product_brand","embeddable":true,"href":"https:\/\/uj.adatbank.ro\/lexikon\/wp-json\/wp\/v2\/product_brand?post=22222"},{"taxonomy":"product_cat","embeddable":true,"href":"https:\/\/uj.adatbank.ro\/lexikon\/wp-json\/wp\/v2\/product_cat?post=22222"},{"taxonomy":"product_tag","embeddable":true,"href":"https:\/\/uj.adatbank.ro\/lexikon\/wp-json\/wp\/v2\/product_tag?post=22222"}],"curies":[{"name":"wp","href":"https:\/\/api.w.org\/{rel}","templated":true}]}}