{"id":22223,"date":"2025-07-22T19:53:25","date_gmt":"2025-07-22T17:53:25","guid":{"rendered":"https:\/\/uj.adatbank.ro\/lexikon\/termek\/szeremy-margit-szeremy-brody-margit\/"},"modified":"2025-07-22T19:53:25","modified_gmt":"2025-07-22T17:53:25","slug":"szeremy-margit-szeremy-brody-margit","status":"publish","type":"product","link":"https:\/\/uj.adatbank.ro\/lexikon\/termek\/szeremy-margit-szeremy-brody-margit\/","title":{"rendered":"SZER\u00c9MY Margit; Szer\u00e9my Br\u00f3dy Margit"},"content":{"rendered":"<p>Kv., 1914. j\u00fal. 18., \u2020 Szatm\u00e1rn\u00e9meti, 2002. m\u00e1rc. 9.: orvos, szem\u00e9sz. \u2013 K\u00f6z\u00e9piskolai tanulm\u00e1nyait Kv.-on \u00e9s M\u00e1ramarosszigeten v\u00e9gezte (1932). Orvosi tanulm\u00e1nyait Kv.-on fejezte be (1938). A kv.-i Szem\u00e9szeti Klinika gyakornoka, tan\u00e1rseg\u00e9de (1943), majd adjunktus (1946). Mv.-re k\u00f6lt\u00f6z\u00f6tt az egyetemmel egy\u00fctt, ahol el\u0151ad\u00f3tan\u00e1r (1948\u2013) volt. Fontos szerepet j\u00e1tszott a Mv.-re k\u00f6lt\u00f6z\u00f6tt szem\u00e9szeti tansz\u00e9k \u00e9s klinika megszervez\u00e9s\u00e9ben, munk\u00e1j\u00e1nak beind\u00edt\u00e1s\u00e1ban. Jelent\u0151s tudom\u00e1nyos munk\u00e1t folytatott. Els\u0151nek \u00edrta le h\u00e1rom kolleg\u00e1j\u00e1val haz\u00e1nkban a j\u00e1rv\u00e1nyos cheratoconjuctivitis epidemica k\u00f3rk\u00e9p\u00e9t. Elnyerte az orvostudom\u00e1nyok doktora c\u00edmet (1952). K\u00f6zlem\u00e9nyei jelentek meg az Oftalmol\u00f3gi\u00e1ban, amelynek szerkeszt\u0151bizotts\u00e1gi tagja is volt, a Magyar Szem\u00e9szetben, az EME \u00c9vk\u00f6nyveiben. Rendszeresen szerepelt a hazai szem\u00e9szeti tudom\u00e1nyos rendezv\u00e9nyeken. A szatm\u00e1rn\u00e9meti megyei k\u00f3rh\u00e1z szem\u00e9szeti oszt\u00e1ly\u00e1nak vezet\u0151je (1952\u2013). \u2013 <strong>F. m.<\/strong>: <strong>t\u00e1rssz.:<\/strong> Szem\u00e9szet. (Mv., 1954, 1957,); Oftalmologia. (Buc., 1958.). <br \/><strong>Irod.:<\/strong> Dezs\u0151 Istv\u00e1n; Fodor Ferenc 2000; Genersich; MOGYE; Nagy L; P\u00e9ter; Todea.<\/br><\/p>\n","protected":false},"excerpt":{"rendered":"<p>Kv., 1914. j\u00fal. 18., \u2020 Szatm\u00e1rn\u00e9meti, 2002. m\u00e1rc. 9.: orvos, szem\u00e9sz. \u2013 K\u00f6z\u00e9piskolai tanulm\u00e1nyait Kv.-on \u00e9s M\u00e1ramarosszigeten v\u00e9gezte (1932). Orvosi tanulm\u00e1nyait Kv.-on fejezte be (1938). A kv.-i Szem\u00e9szeti Klinika gyakornoka, tan\u00e1rseg\u00e9de (1943), majd adjunktus (1946). Mv.-re k\u00f6lt\u00f6z\u00f6tt az egyetemmel egy\u00fctt, ahol el\u0151ad\u00f3tan\u00e1r (1948\u2013) volt. Fontos szerepet j\u00e1tszott a Mv.-re k\u00f6lt\u00f6z\u00f6tt szem\u00e9szeti tansz\u00e9k \u00e9s klinika megszervez\u00e9s\u00e9ben, [&hellip;]<\/p>\n","protected":false},"featured_media":0,"comment_status":"open","ping_status":"closed","template":"","meta":[],"product_brand":[],"product_cat":[137],"product_tag":[],"class_list":{"0":"post-22223","1":"product","2":"type-product","3":"status-publish","5":"product_cat-maros-megyei-eletrajzi-lexikon","7":"first","8":"instock","9":"shipping-taxable","10":"product-type-simple"},"_links":{"self":[{"href":"https:\/\/uj.adatbank.ro\/lexikon\/wp-json\/wp\/v2\/product\/22223","targetHints":{"allow":["GET"]}}],"collection":[{"href":"https:\/\/uj.adatbank.ro\/lexikon\/wp-json\/wp\/v2\/product"}],"about":[{"href":"https:\/\/uj.adatbank.ro\/lexikon\/wp-json\/wp\/v2\/types\/product"}],"replies":[{"embeddable":true,"href":"https:\/\/uj.adatbank.ro\/lexikon\/wp-json\/wp\/v2\/comments?post=22223"}],"wp:attachment":[{"href":"https:\/\/uj.adatbank.ro\/lexikon\/wp-json\/wp\/v2\/media?parent=22223"}],"wp:term":[{"taxonomy":"product_brand","embeddable":true,"href":"https:\/\/uj.adatbank.ro\/lexikon\/wp-json\/wp\/v2\/product_brand?post=22223"},{"taxonomy":"product_cat","embeddable":true,"href":"https:\/\/uj.adatbank.ro\/lexikon\/wp-json\/wp\/v2\/product_cat?post=22223"},{"taxonomy":"product_tag","embeddable":true,"href":"https:\/\/uj.adatbank.ro\/lexikon\/wp-json\/wp\/v2\/product_tag?post=22223"}],"curies":[{"name":"wp","href":"https:\/\/api.w.org\/{rel}","templated":true}]}}