{"id":22224,"date":"2025-07-22T19:53:27","date_gmt":"2025-07-22T17:53:27","guid":{"rendered":"https:\/\/uj.adatbank.ro\/lexikon\/termek\/szerenyi-karoly\/"},"modified":"2025-07-22T19:53:27","modified_gmt":"2025-07-22T17:53:27","slug":"szerenyi-karoly","status":"publish","type":"product","link":"https:\/\/uj.adatbank.ro\/lexikon\/termek\/szerenyi-karoly\/","title":{"rendered":"SZER\u00c9NYI K\u00e1roly"},"content":{"rendered":"<p>1864? \u2020\u00a0Mv., 1924. aug. 12.: tan\u00e1r, igazgat\u00f3. \u2013 Testv\u00e9rei: Sz. G\u00e9za; Anna. Feles\u00e9ge: Bartsch Irma (1873? \u2013 Mv., 1925. j\u00fan. 24). Gyermekeik: K\u00e1roly; M\u00e1ria Tellman Andorn\u00e9. \u2013 Mv.-en a fels\u0151bb le\u00e1nyiskola megkapta a gimn.-i rangot, annak igazgat\u00f3ja lett (1915\u2013). Tan\u00e1ri m\u0171k\u00f6d\u00e9se 37. \u00e9v\u00e9ben hunyt el. \u2013 <strong>F. m.<\/strong>: <strong>t\u00e1rssz.:<\/strong> Maros-V\u00e1s\u00e1rhelyi lexikon (Mv., 1912); <br \/><strong>Irod.:<\/strong> Gy\u00e1szjelent\u0151; Hermann Antal hat\u00e1rozati javaslata a sz\u00e9kely n\u00e9prajz \u00fcgy\u00e9ben (Mv., 1913); Id\u0151t\u00e1r 2.<\/br><\/p>\n","protected":false},"excerpt":{"rendered":"<p>1864? \u2020\u00a0Mv., 1924. aug. 12.: tan\u00e1r, igazgat\u00f3. \u2013 Testv\u00e9rei: Sz. G\u00e9za; Anna. Feles\u00e9ge: Bartsch Irma (1873? \u2013 Mv., 1925. j\u00fan. 24). Gyermekeik: K\u00e1roly; M\u00e1ria Tellman Andorn\u00e9. \u2013 Mv.-en a fels\u0151bb le\u00e1nyiskola megkapta a gimn.-i rangot, annak igazgat\u00f3ja lett (1915\u2013). Tan\u00e1ri m\u0171k\u00f6d\u00e9se 37. \u00e9v\u00e9ben hunyt el. \u2013 F. m.: t\u00e1rssz.: Maros-V\u00e1s\u00e1rhelyi lexikon (Mv., 1912); Irod.: Gy\u00e1szjelent\u0151; [&hellip;]<\/p>\n","protected":false},"featured_media":0,"comment_status":"open","ping_status":"closed","template":"","meta":[],"product_brand":[],"product_cat":[137],"product_tag":[],"class_list":{"0":"post-22224","1":"product","2":"type-product","3":"status-publish","5":"product_cat-maros-megyei-eletrajzi-lexikon","7":"first","8":"instock","9":"shipping-taxable","10":"product-type-simple"},"_links":{"self":[{"href":"https:\/\/uj.adatbank.ro\/lexikon\/wp-json\/wp\/v2\/product\/22224","targetHints":{"allow":["GET"]}}],"collection":[{"href":"https:\/\/uj.adatbank.ro\/lexikon\/wp-json\/wp\/v2\/product"}],"about":[{"href":"https:\/\/uj.adatbank.ro\/lexikon\/wp-json\/wp\/v2\/types\/product"}],"replies":[{"embeddable":true,"href":"https:\/\/uj.adatbank.ro\/lexikon\/wp-json\/wp\/v2\/comments?post=22224"}],"wp:attachment":[{"href":"https:\/\/uj.adatbank.ro\/lexikon\/wp-json\/wp\/v2\/media?parent=22224"}],"wp:term":[{"taxonomy":"product_brand","embeddable":true,"href":"https:\/\/uj.adatbank.ro\/lexikon\/wp-json\/wp\/v2\/product_brand?post=22224"},{"taxonomy":"product_cat","embeddable":true,"href":"https:\/\/uj.adatbank.ro\/lexikon\/wp-json\/wp\/v2\/product_cat?post=22224"},{"taxonomy":"product_tag","embeddable":true,"href":"https:\/\/uj.adatbank.ro\/lexikon\/wp-json\/wp\/v2\/product_tag?post=22224"}],"curies":[{"name":"wp","href":"https:\/\/api.w.org\/{rel}","templated":true}]}}