{"id":22226,"date":"2025-07-22T19:53:30","date_gmt":"2025-07-22T17:53:30","guid":{"rendered":"https:\/\/uj.adatbank.ro\/lexikon\/termek\/szia-gero-jozsef\/"},"modified":"2025-07-22T19:53:30","modified_gmt":"2025-07-22T17:53:30","slug":"szia-gero-jozsef","status":"publish","type":"product","link":"https:\/\/uj.adatbank.ro\/lexikon\/termek\/szia-gero-jozsef\/","title":{"rendered":"SZIA Ger\u0151 J\u00f3zsef"},"content":{"rendered":"<p>Mv., 1924. m\u00e1j. 3., \u2020 Mv., 1980.: k\u00f6zgazd\u00e1sz. \u2013 K\u00f6zgazdas\u00e1gi egyetemet v\u00e9gzett. Letart\u00f3ztat\u00e1sakor (1961.okt 3.) a mv.-i IPROFIL v\u00e1llalat k\u00f6zgazd\u00e1sza volt. A MAT Katonai \u00dcgy\u00e9szs\u00e9ge a n\u00e9pi demokratikus rendszer elleni intenz\u00edv propagandatev\u00e9kenys\u00e9g, a magyarorsz\u00e1gi forradalom esem\u00e9nyeivel val\u00f3 rokonszenv, tiltott kiadv\u00e1nyok tart\u00e1sa \u00e9s terjeszt\u00e9se v\u00e1dj\u00e1val \u00e1ll\u00edtotta b\u00edr\u00f3s\u00e1g el\u00e9. 5 \u00e9vre \u00edt\u00e9lt\u00e9k. Szabadul\u00e1sa (1964. aug. 1.) ut\u00e1n az IPROFILN\u00c1L, majd a Minszki Lajos \u00fczemben dolgozott. \u2013 Irod: 1956 Erd\u00e9lyben; \u00c1ldozatok.<\/br><\/p>\n","protected":false},"excerpt":{"rendered":"<p>Mv., 1924. m\u00e1j. 3., \u2020 Mv., 1980.: k\u00f6zgazd\u00e1sz. \u2013 K\u00f6zgazdas\u00e1gi egyetemet v\u00e9gzett. Letart\u00f3ztat\u00e1sakor (1961.okt 3.) a mv.-i IPROFIL v\u00e1llalat k\u00f6zgazd\u00e1sza volt. A MAT Katonai \u00dcgy\u00e9szs\u00e9ge a n\u00e9pi demokratikus rendszer elleni intenz\u00edv propagandatev\u00e9kenys\u00e9g, a magyarorsz\u00e1gi forradalom esem\u00e9nyeivel val\u00f3 rokonszenv, tiltott kiadv\u00e1nyok tart\u00e1sa \u00e9s terjeszt\u00e9se v\u00e1dj\u00e1val \u00e1ll\u00edtotta b\u00edr\u00f3s\u00e1g el\u00e9. 5 \u00e9vre \u00edt\u00e9lt\u00e9k. Szabadul\u00e1sa (1964. aug. 1.) ut\u00e1n [&hellip;]<\/p>\n","protected":false},"featured_media":0,"comment_status":"open","ping_status":"closed","template":"","meta":[],"product_brand":[],"product_cat":[137],"product_tag":[],"class_list":{"0":"post-22226","1":"product","2":"type-product","3":"status-publish","5":"product_cat-maros-megyei-eletrajzi-lexikon","7":"first","8":"instock","9":"shipping-taxable","10":"product-type-simple"},"_links":{"self":[{"href":"https:\/\/uj.adatbank.ro\/lexikon\/wp-json\/wp\/v2\/product\/22226","targetHints":{"allow":["GET"]}}],"collection":[{"href":"https:\/\/uj.adatbank.ro\/lexikon\/wp-json\/wp\/v2\/product"}],"about":[{"href":"https:\/\/uj.adatbank.ro\/lexikon\/wp-json\/wp\/v2\/types\/product"}],"replies":[{"embeddable":true,"href":"https:\/\/uj.adatbank.ro\/lexikon\/wp-json\/wp\/v2\/comments?post=22226"}],"wp:attachment":[{"href":"https:\/\/uj.adatbank.ro\/lexikon\/wp-json\/wp\/v2\/media?parent=22226"}],"wp:term":[{"taxonomy":"product_brand","embeddable":true,"href":"https:\/\/uj.adatbank.ro\/lexikon\/wp-json\/wp\/v2\/product_brand?post=22226"},{"taxonomy":"product_cat","embeddable":true,"href":"https:\/\/uj.adatbank.ro\/lexikon\/wp-json\/wp\/v2\/product_cat?post=22226"},{"taxonomy":"product_tag","embeddable":true,"href":"https:\/\/uj.adatbank.ro\/lexikon\/wp-json\/wp\/v2\/product_tag?post=22226"}],"curies":[{"name":"wp","href":"https:\/\/api.w.org\/{rel}","templated":true}]}}