{"id":22227,"date":"2025-07-22T19:53:33","date_gmt":"2025-07-22T17:53:33","guid":{"rendered":"https:\/\/uj.adatbank.ro\/lexikon\/termek\/szigethi-gyula-mihaly-szigeti-gyula-mihaly-szigety-mihaly\/"},"modified":"2025-07-22T19:53:33","modified_gmt":"2025-07-22T17:53:33","slug":"szigethi-gyula-mihaly-szigeti-gyula-mihaly-szigety-mihaly","status":"publish","type":"product","link":"https:\/\/uj.adatbank.ro\/lexikon\/termek\/szigethi-gyula-mihaly-szigeti-gyula-mihaly-szigety-mihaly\/","title":{"rendered":"SZIGETHI Gyula Mih\u00e1ly; Szigeti Gyula Mih\u00e1ly, Szigety Mih\u00e1ly,"},"content":{"rendered":"<p>Mv., 1759., \u2020\u00a0Sz\u00e9kelyudvarhely, 1837. m\u00e1rc. 3.: ref. f\u0151iskolai tan\u00e1r. \u2013 K\u00f6z\u00e9piskolai tanulm\u00e1nyait a mv.-i Ref. Koll.-ban v\u00e9gezte (1777), Fogarasi S\u00e1muel els\u0151 tan\u00edt\u00f3ja, Fogarasi Pap J\u00f3zsef kedvenc tan\u00edtv\u00e1nya volt; n\u00e9gy \u00e9vet t\u00f6lt\u00f6tt a marburgi (1786\u2013), g\u00f6ttingai, stuttgarti \u00e9s a b\u00e9csi egyetemen. Hazat\u00e9rt \u00e9s gr. Bethlen S\u00e1ndor fiai, Imre \u00e9s S\u00e1ndor mellett volt nevel\u0151, majd a sz\u00e9kelyudvarhelyi f\u0151iskola b\u00f6lcseleti tan\u00e1r\u00e1nak v\u00e1lasztott\u00e1k, ott tan\u00edtott nyugd\u00edjaz\u00e1s\u00e1ig (1797\u20131823). Latin k\u00f6ltem\u00e9nyei vannak a Socrates Redivivus (Claudiopoli, 1785) c. munk\u00e1ban \u00e9s a M. Kurir 1805. I. febr. Toldal\u00e9kj\u00e1ban. Cikkei a Tudom. Gy\u0171jtem\u00e9nyben (1825.), a Nemzeti T\u00e1rsalkod\u00f3ban (1831), a Fels\u0151 Magyarorsz\u00e1gi Minerv\u00e1ban. Hossz\u00fa gy\u00e1szverset \u00edrt a Fogarasi hal\u00e1l\u00e1ra, aki felett tartott eml\u00e9kbesz\u00e9d\u00e9t a P. E. I. L. 1897-ben k\u00f6z\u00f6lte T\u00f6bb mint 40 k\u00f6tetes k\u00e9zirata a sz\u00e9kelyudvarhelyi tudom\u00e1nyos k\u00f6nyvt\u00e1rban van. \u2013 <strong>F. m.<\/strong>: Socrates redivivus\u2026 (Fogarasi Pap J\u00f3zsef \u00e9letrajza). (Kv., 1785.) Sz\u00e9kelyudvarhelyi r\u00f3zs\u00e1skert (Benk\u0151 J\u00f3zsef \u00e9s m\u00e1s k\u00fatf\u0151k ut\u00e1n, a f\u0151iskola t\u00f6rt\u00e9nete 1674\u20131820, megjelent a Tudom\u00e1nyos gy\u0171jtem\u00e9ny, 1825\/ 11. f\u00fczet), Sz\u00e9kelyudvarhely a nemes sz\u00e9kely nemzet anyav\u00e1ros\u00e1nak le\u00edr\u00e1sa, f\u0151leg a Csonkav\u00e1r ismertet\u00e9se, azon feliratok melyek a v\u00e1r b\u00e1sty\u00e1i egyes k\u00f6vein voltak m\u00e1r nem l\u00e1that\u00f3k, \u00e1ltala maradtak fenn (Fels\u0151magyaro.-i Minerva, 1828\/6); Fogarasi Pap J\u00f3zsef \u00e9let\u00edr\u00e1sa (Uo. 1832.). <br \/><strong>Irod.:<\/strong> Aranka Gy\u00f6rgy; Fogarasi; Hermann Guszt\u00e1v Mih\u00e1ly: \u201eMelyik m\u00e1r a nagyobb sid\u00f3?\u201d (Szigethi Gyula Mih\u00e1ly v\u00e1laszkeres\u00e9sei egy r\u00e9gi k\u00e9rd\u00e9sre) = Sebesty\u00e9n-Spielmann; Kiss\u2013K\u00e1lm\u00e1n\u2013Bierbrunner; P\u00e1l-Antal 2002; Szab\u00f3\u2013Sz\u00f6gi Szinnyei; \u00daMIL.<\/br><\/p>\n","protected":false},"excerpt":{"rendered":"<p>Mv., 1759., \u2020\u00a0Sz\u00e9kelyudvarhely, 1837. m\u00e1rc. 3.: ref. f\u0151iskolai tan\u00e1r. \u2013 K\u00f6z\u00e9piskolai tanulm\u00e1nyait a mv.-i Ref. Koll.-ban v\u00e9gezte (1777), Fogarasi S\u00e1muel els\u0151 tan\u00edt\u00f3ja, Fogarasi Pap J\u00f3zsef kedvenc tan\u00edtv\u00e1nya volt; n\u00e9gy \u00e9vet t\u00f6lt\u00f6tt a marburgi (1786\u2013), g\u00f6ttingai, stuttgarti \u00e9s a b\u00e9csi egyetemen. Hazat\u00e9rt \u00e9s gr. Bethlen S\u00e1ndor fiai, Imre \u00e9s S\u00e1ndor mellett volt nevel\u0151, majd a sz\u00e9kelyudvarhelyi [&hellip;]<\/p>\n","protected":false},"featured_media":0,"comment_status":"open","ping_status":"closed","template":"","meta":[],"product_brand":[],"product_cat":[137],"product_tag":[],"class_list":{"0":"post-22227","1":"product","2":"type-product","3":"status-publish","5":"product_cat-maros-megyei-eletrajzi-lexikon","7":"first","8":"instock","9":"shipping-taxable","10":"product-type-simple"},"_links":{"self":[{"href":"https:\/\/uj.adatbank.ro\/lexikon\/wp-json\/wp\/v2\/product\/22227","targetHints":{"allow":["GET"]}}],"collection":[{"href":"https:\/\/uj.adatbank.ro\/lexikon\/wp-json\/wp\/v2\/product"}],"about":[{"href":"https:\/\/uj.adatbank.ro\/lexikon\/wp-json\/wp\/v2\/types\/product"}],"replies":[{"embeddable":true,"href":"https:\/\/uj.adatbank.ro\/lexikon\/wp-json\/wp\/v2\/comments?post=22227"}],"wp:attachment":[{"href":"https:\/\/uj.adatbank.ro\/lexikon\/wp-json\/wp\/v2\/media?parent=22227"}],"wp:term":[{"taxonomy":"product_brand","embeddable":true,"href":"https:\/\/uj.adatbank.ro\/lexikon\/wp-json\/wp\/v2\/product_brand?post=22227"},{"taxonomy":"product_cat","embeddable":true,"href":"https:\/\/uj.adatbank.ro\/lexikon\/wp-json\/wp\/v2\/product_cat?post=22227"},{"taxonomy":"product_tag","embeddable":true,"href":"https:\/\/uj.adatbank.ro\/lexikon\/wp-json\/wp\/v2\/product_tag?post=22227"}],"curies":[{"name":"wp","href":"https:\/\/api.w.org\/{rel}","templated":true}]}}