{"id":22231,"date":"2025-07-22T19:53:43","date_gmt":"2025-07-22T17:53:43","guid":{"rendered":"https:\/\/uj.adatbank.ro\/lexikon\/termek\/szigethi-miklos-dr\/"},"modified":"2026-02-18T15:21:32","modified_gmt":"2026-02-18T14:21:32","slug":"szigethi-miklos-dr","status":"publish","type":"product","link":"https:\/\/uj.adatbank.ro\/lexikon\/termek\/szigethi-miklos-dr\/","title":{"rendered":"SZIGETHI Mikl\u00f3s, dr."},"content":{"rendered":"<p>1956, \u2020\u00a0Mv., 2006. szept. 4.: orvos. \u2013 Szigethi Mikl\u00f3s ezredes (1930\u2013) \u00e9s Kicsid Jol\u00e1nka (1931\u20131992) fia. \u2013 A MOGYI \u00e1ltal\u00e1nos orvosi kar rom\u00e1n tagozat\u00e1n v\u00e9gzett (1983).<br \/>\n<strong>Irod.:<\/strong> Kiss Cs. M 4.<\/p>\n","protected":false},"excerpt":{"rendered":"<p>1956, \u2020\u00a0Mv., 2006. szept. 4.: orvos. \u2013 Szigethi Mikl\u00f3s ezredes (1930\u2013) \u00e9s Kicsid Jol\u00e1nka (1931\u20131992) fia. \u2013 A MOGYI \u00e1ltal\u00e1nos orvosi kar rom\u00e1n tagozat\u00e1n v\u00e9gzett (1983). Irod.: Kiss Cs. M 4.<\/p>\n","protected":false},"featured_media":0,"comment_status":"open","ping_status":"closed","template":"","meta":[],"product_brand":[],"product_cat":[137],"product_tag":[],"class_list":{"0":"post-22231","1":"product","2":"type-product","3":"status-publish","5":"product_cat-maros-megyei-eletrajzi-lexikon","7":"first","8":"instock","9":"shipping-taxable","10":"product-type-simple"},"_links":{"self":[{"href":"https:\/\/uj.adatbank.ro\/lexikon\/wp-json\/wp\/v2\/product\/22231","targetHints":{"allow":["GET"]}}],"collection":[{"href":"https:\/\/uj.adatbank.ro\/lexikon\/wp-json\/wp\/v2\/product"}],"about":[{"href":"https:\/\/uj.adatbank.ro\/lexikon\/wp-json\/wp\/v2\/types\/product"}],"replies":[{"embeddable":true,"href":"https:\/\/uj.adatbank.ro\/lexikon\/wp-json\/wp\/v2\/comments?post=22231"}],"wp:attachment":[{"href":"https:\/\/uj.adatbank.ro\/lexikon\/wp-json\/wp\/v2\/media?parent=22231"}],"wp:term":[{"taxonomy":"product_brand","embeddable":true,"href":"https:\/\/uj.adatbank.ro\/lexikon\/wp-json\/wp\/v2\/product_brand?post=22231"},{"taxonomy":"product_cat","embeddable":true,"href":"https:\/\/uj.adatbank.ro\/lexikon\/wp-json\/wp\/v2\/product_cat?post=22231"},{"taxonomy":"product_tag","embeddable":true,"href":"https:\/\/uj.adatbank.ro\/lexikon\/wp-json\/wp\/v2\/product_tag?post=22231"}],"curies":[{"name":"wp","href":"https:\/\/api.w.org\/{rel}","templated":true}]}}