{"id":22232,"date":"2025-07-22T19:53:45","date_gmt":"2025-07-22T17:53:45","guid":{"rendered":"https:\/\/uj.adatbank.ro\/lexikon\/termek\/szigethy-pal\/"},"modified":"2025-07-22T19:53:45","modified_gmt":"2025-07-22T17:53:45","slug":"szigethy-pal","status":"publish","type":"product","link":"https:\/\/uj.adatbank.ro\/lexikon\/termek\/szigethy-pal\/","title":{"rendered":"SZIGETHY P\u00e1l"},"content":{"rendered":"<p>? \u2020\u00a01576 ut\u00e1n: \u00edrnok, jegyz\u0151, \u00edt\u00e9l\u0151mester. \u2013 Sz. Kov\u00e1cs Bal\u00e1zs \u00e9s Dorottya asszony fia. Feles\u00e9ge: 1. S\u00e1ndor Anna, 2. V\u00e1rkonyi Dorottya, 3. Halabory Erzs\u00e9bet, le\u00e1nyaik: Anna Angyalosi J\u00e1nosn\u00e9, Judit Petrichevich Horv\u00e1th J\u00e1nosn\u00e9, Erzs\u00e9bet. \u2013 Tan\u00edttatt\u00e1k. A kisebb kancell\u00e1ri\u00e1n volt \u00edrnok, majd jegyz\u0151. Izabella kir\u00e1lyn\u00e9t\u00f3l nemess\u00e9get \u00e9s c\u00edmert kapott (1545. szept. 19). Vagyona gyarapodott (1550 k.\u2013): K\u00fck\u00fcll\u0151 v\u00e1rmegy\u00e9ben: Egrest\u0151n, F\u00fcletelk\u00e9n, Sz\u00e9naver\u0151s\u00f6n, Bal\u00e1stelk\u00e9n, Kolozs \u00e9s Bihar megy\u00e9ben voltak birtokai, majd megkapta a marossz\u00e9ki Kelementelk\u00e9t (1569). Megkapta Barcsay Boldizs\u00e1r f\u00fcletelki r\u00e9szj\u00f3sz\u00e1g\u00e1t (1559), amire a homor\u00f3dszentp\u00e1li Kornis Mih\u00e1ly is ig\u00e9nyt tartott. \u00cdt\u00e9l\u0151mester a kisebbik kancell\u00e1ri\u00e1t ir\u00e1ny\u00edtotta Wessel\u00e9nyi Mikl\u00f3ssal egy\u00fctt (1567\u2013), de t\u00e1voznia kellett B\u00e1thori Istv\u00e1n tr\u00f3nra l\u00e9p\u00e9se ut\u00e1n (1571). <br \/><strong>Irod.:<\/strong> Horn Ildik\u00f3: Erd\u00e9lyi unit. 16. sz.<\/br><\/p>\n","protected":false},"excerpt":{"rendered":"<p>? \u2020\u00a01576 ut\u00e1n: \u00edrnok, jegyz\u0151, \u00edt\u00e9l\u0151mester. \u2013 Sz. Kov\u00e1cs Bal\u00e1zs \u00e9s Dorottya asszony fia. Feles\u00e9ge: 1. S\u00e1ndor Anna, 2. V\u00e1rkonyi Dorottya, 3. Halabory Erzs\u00e9bet, le\u00e1nyaik: Anna Angyalosi J\u00e1nosn\u00e9, Judit Petrichevich Horv\u00e1th J\u00e1nosn\u00e9, Erzs\u00e9bet. \u2013 Tan\u00edttatt\u00e1k. A kisebb kancell\u00e1ri\u00e1n volt \u00edrnok, majd jegyz\u0151. Izabella kir\u00e1lyn\u00e9t\u00f3l nemess\u00e9get \u00e9s c\u00edmert kapott (1545. szept. 19). Vagyona gyarapodott (1550 k.\u2013): [&hellip;]<\/p>\n","protected":false},"featured_media":0,"comment_status":"open","ping_status":"closed","template":"","meta":[],"product_brand":[],"product_cat":[137],"product_tag":[],"class_list":{"0":"post-22232","1":"product","2":"type-product","3":"status-publish","5":"product_cat-maros-megyei-eletrajzi-lexikon","7":"first","8":"instock","9":"shipping-taxable","10":"product-type-simple"},"_links":{"self":[{"href":"https:\/\/uj.adatbank.ro\/lexikon\/wp-json\/wp\/v2\/product\/22232","targetHints":{"allow":["GET"]}}],"collection":[{"href":"https:\/\/uj.adatbank.ro\/lexikon\/wp-json\/wp\/v2\/product"}],"about":[{"href":"https:\/\/uj.adatbank.ro\/lexikon\/wp-json\/wp\/v2\/types\/product"}],"replies":[{"embeddable":true,"href":"https:\/\/uj.adatbank.ro\/lexikon\/wp-json\/wp\/v2\/comments?post=22232"}],"wp:attachment":[{"href":"https:\/\/uj.adatbank.ro\/lexikon\/wp-json\/wp\/v2\/media?parent=22232"}],"wp:term":[{"taxonomy":"product_brand","embeddable":true,"href":"https:\/\/uj.adatbank.ro\/lexikon\/wp-json\/wp\/v2\/product_brand?post=22232"},{"taxonomy":"product_cat","embeddable":true,"href":"https:\/\/uj.adatbank.ro\/lexikon\/wp-json\/wp\/v2\/product_cat?post=22232"},{"taxonomy":"product_tag","embeddable":true,"href":"https:\/\/uj.adatbank.ro\/lexikon\/wp-json\/wp\/v2\/product_tag?post=22232"}],"curies":[{"name":"wp","href":"https:\/\/api.w.org\/{rel}","templated":true}]}}