{"id":22238,"date":"2025-07-22T19:53:56","date_gmt":"2025-07-22T17:53:56","guid":{"rendered":"https:\/\/uj.adatbank.ro\/lexikon\/termek\/szigeti-jozsef\/"},"modified":"2025-07-22T19:53:56","modified_gmt":"2025-07-22T17:53:56","slug":"szigeti-jozsef","status":"publish","type":"product","link":"https:\/\/uj.adatbank.ro\/lexikon\/termek\/szigeti-jozsef\/","title":{"rendered":"SZIGETI J\u00f3zsef"},"content":{"rendered":"<p>1912., \u2020? 1986: koll\u00e9giumi, majd egyetemi tan\u00e1r. \u2013 A mv.-i Ref. Koll. tan\u00e1ra volt (1937\u201346), majd a r\u00e9gi m. irodalom tan\u00e1ra volt a Bolyai, majd a BBTE-en. A Mv.-i Kaszin\u00f3 titk\u00e1ra (1947). <br \/><strong>Irod.:<\/strong> De\u00e9 Nagy Anik\u00f3 2007; Elekes B\u00e9la 1999; Mv. t\u00f6rt. 2.<\/br><\/p>\n","protected":false},"excerpt":{"rendered":"<p>1912., \u2020? 1986: koll\u00e9giumi, majd egyetemi tan\u00e1r. \u2013 A mv.-i Ref. Koll. tan\u00e1ra volt (1937\u201346), majd a r\u00e9gi m. irodalom tan\u00e1ra volt a Bolyai, majd a BBTE-en. A Mv.-i Kaszin\u00f3 titk\u00e1ra (1947). Irod.: De\u00e9 Nagy Anik\u00f3 2007; Elekes B\u00e9la 1999; Mv. t\u00f6rt. 2.<\/p>\n","protected":false},"featured_media":0,"comment_status":"open","ping_status":"closed","template":"","meta":[],"product_brand":[],"product_cat":[137],"product_tag":[],"class_list":{"0":"post-22238","1":"product","2":"type-product","3":"status-publish","5":"product_cat-maros-megyei-eletrajzi-lexikon","7":"first","8":"instock","9":"shipping-taxable","10":"product-type-simple"},"_links":{"self":[{"href":"https:\/\/uj.adatbank.ro\/lexikon\/wp-json\/wp\/v2\/product\/22238","targetHints":{"allow":["GET"]}}],"collection":[{"href":"https:\/\/uj.adatbank.ro\/lexikon\/wp-json\/wp\/v2\/product"}],"about":[{"href":"https:\/\/uj.adatbank.ro\/lexikon\/wp-json\/wp\/v2\/types\/product"}],"replies":[{"embeddable":true,"href":"https:\/\/uj.adatbank.ro\/lexikon\/wp-json\/wp\/v2\/comments?post=22238"}],"wp:attachment":[{"href":"https:\/\/uj.adatbank.ro\/lexikon\/wp-json\/wp\/v2\/media?parent=22238"}],"wp:term":[{"taxonomy":"product_brand","embeddable":true,"href":"https:\/\/uj.adatbank.ro\/lexikon\/wp-json\/wp\/v2\/product_brand?post=22238"},{"taxonomy":"product_cat","embeddable":true,"href":"https:\/\/uj.adatbank.ro\/lexikon\/wp-json\/wp\/v2\/product_cat?post=22238"},{"taxonomy":"product_tag","embeddable":true,"href":"https:\/\/uj.adatbank.ro\/lexikon\/wp-json\/wp\/v2\/product_tag?post=22238"}],"curies":[{"name":"wp","href":"https:\/\/api.w.org\/{rel}","templated":true}]}}