{"id":22241,"date":"2025-07-22T19:54:02","date_gmt":"2025-07-22T17:54:02","guid":{"rendered":"https:\/\/uj.adatbank.ro\/lexikon\/termek\/szigeti-samuel\/"},"modified":"2025-07-22T19:54:02","modified_gmt":"2025-07-22T17:54:02","slug":"szigeti-samuel","status":"publish","type":"product","link":"https:\/\/uj.adatbank.ro\/lexikon\/termek\/szigeti-samuel\/","title":{"rendered":"SZIGETI S\u00e1muel"},"content":{"rendered":"<p>? \u2020?: tan\u00edt\u00f3. \u2013 Nagyenyeden subscrib\u00e1lt (1732). Sz\u0151kefalv\u00e1n tan\u00edtott a ref. iskol\u00e1ban (1742, 1747\u201352) \u00e9s S\u00f6v\u00e9nyfalv\u00e1n (1755\u201361). <br \/><strong>Irod.:<\/strong> K\u00fck\u00fcll\u0151i Ref. Egyh\u00e1zm. 4; Nagy L\u00e1szl\u00f3.<\/br><\/p>\n","protected":false},"excerpt":{"rendered":"<p>? \u2020?: tan\u00edt\u00f3. \u2013 Nagyenyeden subscrib\u00e1lt (1732). Sz\u0151kefalv\u00e1n tan\u00edtott a ref. iskol\u00e1ban (1742, 1747\u201352) \u00e9s S\u00f6v\u00e9nyfalv\u00e1n (1755\u201361). Irod.: K\u00fck\u00fcll\u0151i Ref. Egyh\u00e1zm. 4; Nagy L\u00e1szl\u00f3.<\/p>\n","protected":false},"featured_media":0,"comment_status":"open","ping_status":"closed","template":"","meta":[],"product_brand":[],"product_cat":[137],"product_tag":[],"class_list":{"0":"post-22241","1":"product","2":"type-product","3":"status-publish","5":"product_cat-maros-megyei-eletrajzi-lexikon","7":"first","8":"instock","9":"shipping-taxable","10":"product-type-simple"},"_links":{"self":[{"href":"https:\/\/uj.adatbank.ro\/lexikon\/wp-json\/wp\/v2\/product\/22241","targetHints":{"allow":["GET"]}}],"collection":[{"href":"https:\/\/uj.adatbank.ro\/lexikon\/wp-json\/wp\/v2\/product"}],"about":[{"href":"https:\/\/uj.adatbank.ro\/lexikon\/wp-json\/wp\/v2\/types\/product"}],"replies":[{"embeddable":true,"href":"https:\/\/uj.adatbank.ro\/lexikon\/wp-json\/wp\/v2\/comments?post=22241"}],"wp:attachment":[{"href":"https:\/\/uj.adatbank.ro\/lexikon\/wp-json\/wp\/v2\/media?parent=22241"}],"wp:term":[{"taxonomy":"product_brand","embeddable":true,"href":"https:\/\/uj.adatbank.ro\/lexikon\/wp-json\/wp\/v2\/product_brand?post=22241"},{"taxonomy":"product_cat","embeddable":true,"href":"https:\/\/uj.adatbank.ro\/lexikon\/wp-json\/wp\/v2\/product_cat?post=22241"},{"taxonomy":"product_tag","embeddable":true,"href":"https:\/\/uj.adatbank.ro\/lexikon\/wp-json\/wp\/v2\/product_tag?post=22241"}],"curies":[{"name":"wp","href":"https:\/\/api.w.org\/{rel}","templated":true}]}}