{"id":22242,"date":"2025-07-22T19:54:04","date_gmt":"2025-07-22T17:54:04","guid":{"rendered":"https:\/\/uj.adatbank.ro\/lexikon\/termek\/szigeti-tibor\/"},"modified":"2025-07-22T19:54:04","modified_gmt":"2025-07-22T17:54:04","slug":"szigeti-tibor","status":"publish","type":"product","link":"https:\/\/uj.adatbank.ro\/lexikon\/termek\/szigeti-tibor\/","title":{"rendered":"SZIGETI Tibor"},"content":{"rendered":"<p>? \u2020?: \u2013 A mv.-i \u00c1llami Sz\u00e9kely Sz\u00ednh\u00e1z tagja (1955 \u2013). \u2013 <strong>F. sz.:<\/strong> Horv\u00e1th Mih\u00e1ly (Illy\u00e9s Gyula: F\u00e1klyal\u00e1ng); Petrisor Constantin (Vornic.Postelnicu: Felsz\u00e1ll a k\u00f6d); Jasenyka (Arbuzov: M\u00e1sodik szerelem); J\u00e1r\u00e1sorvos (Br\u00f3dy S\u00e1ndor: A tan\u00edt\u00f3n\u0151); Els\u0151 lak\u00e1j (Szirmai Albert: M\u00e9zeskal\u00e1cs); Frank (Shaw: Warrenn\u00e9 mesters\u00e9ge); Gyer\u0151fi Mih\u00e1ly (K\u00f3s K\u00e1roly: Budai Nagy Antal); Duzzog, \u00f6rd\u00f6gfi (V\u00f6r\u00f6smarthy Mih\u00e1ly: Csongor \u00e9s T\u00fcnde, 1957). <br \/><strong>Irod.:<\/strong> Horv\u00e1th Bea; Kov\u00e1cs Levente.<\/br><\/p>\n","protected":false},"excerpt":{"rendered":"<p>? \u2020?: \u2013 A mv.-i \u00c1llami Sz\u00e9kely Sz\u00ednh\u00e1z tagja (1955 \u2013). \u2013 F. sz.: Horv\u00e1th Mih\u00e1ly (Illy\u00e9s Gyula: F\u00e1klyal\u00e1ng); Petrisor Constantin (Vornic.Postelnicu: Felsz\u00e1ll a k\u00f6d); Jasenyka (Arbuzov: M\u00e1sodik szerelem); J\u00e1r\u00e1sorvos (Br\u00f3dy S\u00e1ndor: A tan\u00edt\u00f3n\u0151); Els\u0151 lak\u00e1j (Szirmai Albert: M\u00e9zeskal\u00e1cs); Frank (Shaw: Warrenn\u00e9 mesters\u00e9ge); Gyer\u0151fi Mih\u00e1ly (K\u00f3s K\u00e1roly: Budai Nagy Antal); Duzzog, \u00f6rd\u00f6gfi (V\u00f6r\u00f6smarthy Mih\u00e1ly: Csongor [&hellip;]<\/p>\n","protected":false},"featured_media":0,"comment_status":"open","ping_status":"closed","template":"","meta":[],"product_brand":[],"product_cat":[137],"product_tag":[],"class_list":{"0":"post-22242","1":"product","2":"type-product","3":"status-publish","5":"product_cat-maros-megyei-eletrajzi-lexikon","7":"first","8":"instock","9":"shipping-taxable","10":"product-type-simple"},"_links":{"self":[{"href":"https:\/\/uj.adatbank.ro\/lexikon\/wp-json\/wp\/v2\/product\/22242","targetHints":{"allow":["GET"]}}],"collection":[{"href":"https:\/\/uj.adatbank.ro\/lexikon\/wp-json\/wp\/v2\/product"}],"about":[{"href":"https:\/\/uj.adatbank.ro\/lexikon\/wp-json\/wp\/v2\/types\/product"}],"replies":[{"embeddable":true,"href":"https:\/\/uj.adatbank.ro\/lexikon\/wp-json\/wp\/v2\/comments?post=22242"}],"wp:attachment":[{"href":"https:\/\/uj.adatbank.ro\/lexikon\/wp-json\/wp\/v2\/media?parent=22242"}],"wp:term":[{"taxonomy":"product_brand","embeddable":true,"href":"https:\/\/uj.adatbank.ro\/lexikon\/wp-json\/wp\/v2\/product_brand?post=22242"},{"taxonomy":"product_cat","embeddable":true,"href":"https:\/\/uj.adatbank.ro\/lexikon\/wp-json\/wp\/v2\/product_cat?post=22242"},{"taxonomy":"product_tag","embeddable":true,"href":"https:\/\/uj.adatbank.ro\/lexikon\/wp-json\/wp\/v2\/product_tag?post=22242"}],"curies":[{"name":"wp","href":"https:\/\/api.w.org\/{rel}","templated":true}]}}