{"id":22243,"date":"2025-07-22T19:54:05","date_gmt":"2025-07-22T17:54:05","guid":{"rendered":"https:\/\/uj.adatbank.ro\/lexikon\/termek\/szigyarto-gabor\/"},"modified":"2025-07-22T19:54:05","modified_gmt":"2025-07-22T17:54:05","slug":"szigyarto-gabor","status":"publish","type":"product","link":"https:\/\/uj.adatbank.ro\/lexikon\/termek\/szigyarto-gabor\/","title":{"rendered":"SZIGY\u00c1RT\u00d3 G\u00e1bor"},"content":{"rendered":"<p>jog\u00e1sz. \u2013 Sz\u00edgy\u00e1rt\u00f3 G\u00e1bor fia. Jogot v\u00e9gzett. Az \u00dajj\u00e1sz\u00fclet\u00e9si Front magyar tagozata Maros megyei r\u00e9szleg\u00e9nek f\u0151titk\u00e1ra volt. A II. vh.-ban tart. hadnagyi rangban vett r\u00e9szt. 1945. m\u00e1j.-ban szovjet hadifogs\u00e1gba esett, ahonnan 1947. j\u00fan.-ban t\u00e9rt haza. <br \/><strong>Irod.:<\/strong> Berekm\u00e9ri; Sipos.<\/br><\/p>\n","protected":false},"excerpt":{"rendered":"<p>jog\u00e1sz. \u2013 Sz\u00edgy\u00e1rt\u00f3 G\u00e1bor fia. Jogot v\u00e9gzett. Az \u00dajj\u00e1sz\u00fclet\u00e9si Front magyar tagozata Maros megyei r\u00e9szleg\u00e9nek f\u0151titk\u00e1ra volt. A II. vh.-ban tart. hadnagyi rangban vett r\u00e9szt. 1945. m\u00e1j.-ban szovjet hadifogs\u00e1gba esett, ahonnan 1947. j\u00fan.-ban t\u00e9rt haza. Irod.: Berekm\u00e9ri; Sipos.<\/p>\n","protected":false},"featured_media":0,"comment_status":"open","ping_status":"closed","template":"","meta":[],"product_brand":[],"product_cat":[137],"product_tag":[],"class_list":{"0":"post-22243","1":"product","2":"type-product","3":"status-publish","5":"product_cat-maros-megyei-eletrajzi-lexikon","7":"first","8":"instock","9":"shipping-taxable","10":"product-type-simple"},"_links":{"self":[{"href":"https:\/\/uj.adatbank.ro\/lexikon\/wp-json\/wp\/v2\/product\/22243","targetHints":{"allow":["GET"]}}],"collection":[{"href":"https:\/\/uj.adatbank.ro\/lexikon\/wp-json\/wp\/v2\/product"}],"about":[{"href":"https:\/\/uj.adatbank.ro\/lexikon\/wp-json\/wp\/v2\/types\/product"}],"replies":[{"embeddable":true,"href":"https:\/\/uj.adatbank.ro\/lexikon\/wp-json\/wp\/v2\/comments?post=22243"}],"wp:attachment":[{"href":"https:\/\/uj.adatbank.ro\/lexikon\/wp-json\/wp\/v2\/media?parent=22243"}],"wp:term":[{"taxonomy":"product_brand","embeddable":true,"href":"https:\/\/uj.adatbank.ro\/lexikon\/wp-json\/wp\/v2\/product_brand?post=22243"},{"taxonomy":"product_cat","embeddable":true,"href":"https:\/\/uj.adatbank.ro\/lexikon\/wp-json\/wp\/v2\/product_cat?post=22243"},{"taxonomy":"product_tag","embeddable":true,"href":"https:\/\/uj.adatbank.ro\/lexikon\/wp-json\/wp\/v2\/product_tag?post=22243"}],"curies":[{"name":"wp","href":"https:\/\/api.w.org\/{rel}","templated":true}]}}