{"id":22244,"date":"2025-07-22T19:54:07","date_gmt":"2025-07-22T17:54:07","guid":{"rendered":"https:\/\/uj.adatbank.ro\/lexikon\/termek\/szigyarto-gabor-n-szijgyarto-gabor\/"},"modified":"2025-07-22T19:54:07","modified_gmt":"2025-07-22T17:54:07","slug":"szigyarto-gabor-n-szijgyarto-gabor","status":"publish","type":"product","link":"https:\/\/uj.adatbank.ro\/lexikon\/termek\/szigyarto-gabor-n-szijgyarto-gabor\/","title":{"rendered":"SZ\u00cdGY\u00c1RT\u00d3 G\u00e1bor N., Szijgy\u00e1rt\u00f3 G\u00e1bor"},"content":{"rendered":"<p>Udvarfalva, 1884. \u00e1pr. 27., \u2020 Mv., 1958.: tan\u00e1r, k\u00f6zgazdas\u00e1gi \u00edr\u00f3. \u2013 K\u00f6z\u00e9piskol\u00e1t Mv.-en egyetemet Kv.-on v\u00e9gzett, ahol tan\u00e1ri oklevelet szerzett (1908), majd k\u00f6zgazdas\u00e1gi tanfolyamot hallgatott Laussane-ban \u00e9s Bp.-en. A mv.-i Fels\u0151kereskedelmi Iskola tan\u00e1ra, majd igazgat\u00f3ja volt (\u20131923). Az iskol\u00e1k \u00e1llamos\u00edt\u00e1sakor felmentett\u00e9k \u00e1ll\u00e1s\u00e1b\u00f3l \u00e9s a Ref. Koll. tan\u00e1ra lett (1922\u201341), ahol t\u00f6rt\u00e9nelmet \u00e9s f\u00f6ldrajzot tan\u00edtott. A Teleki T\u00e9ka megb\u00edzott k\u00f6nyvt\u00e1rosa Guly\u00e1s K\u00e1roly mellett (1926\u201340). Az \u00fajonnan alap\u00edtott \u00e1llami k\u00f6z\u00e9piskola igazgat\u00f3ja, a Mv. v\u00e1ros tulajdon\u00e1ban lev\u0151 le\u00e1nygimn\u00e1zium \u00e9p\u00fclet\u00e9ben (a mai Unirea L\u00edc.), \u00fajraind\u00edtotta a ref. le\u00e1nygimn\u00e1ziumot (1940 \u0151sz\u00e9n), amelyet a mai Papiu L\u00edc. n\u00e9ven ismert \u00e9p\u00fcletb\u0151l lakoltattak ki, rom\u00e1n fi\u00faiskol\u00e1v\u00e1 alak\u00edtva azt (1921). Kiv\u00e1l\u00f3 k\u00f6zgazda, f\u00f6ldrajztud\u00f3s Tev\u00e9kenykedett irodalmi, kultur\u00e1lis, egyh\u00e1zi, t\u00e1rsadalmi \u00e9s p\u00e1rtpolitikai t\u00e9ren. V\u00e1rosi tan\u00e1csos (1929\u2013), alpolg\u00e1rmester (1938\u201340). A KZST tagja (1912\u2013), aleln\u00f6ke, a Kaszin\u00f3 tagja (1926\u2013), vezet\u0151s\u00e9gi tagja, az Erd\u00e9lyi Helikon mv.-i tagjai k\u00f6zt szerepelt (1930), az EKE eln\u00f6ke (1931\u2013), a ref. egyh\u00e1z presbitere, egyh\u00e1zmegyei vil\u00e1gi f\u0151jegyz\u0151, a MP \u00e9s a M. Iparostanul\u00f3 Otthon aleln\u00f6ke, az MP-i Kult\u00farbizotts\u00e1g tagja volt, az Erd\u00e9lyi P\u00e1rt titk\u00e1ra (1941\u2013). A MSE vezet\u0151s\u00e9gi tagja. A Kolozsv\u00e1ri b\u00e1l c. Bolyaiakr\u00f3l sz\u00f3l\u00f3 sz\u00edndarabj\u00e1t el\u0151adt\u00e1k Kv.-on \u00e9s Mv.-en. Az 1900-as \u00e9vek elej\u00e9n t\u00f6bbsz\u00f6r utazott Pestre saj\u00e1t k\u00f6lts\u00e9g\u00e9n k\u00e9rni hogy Kv.\u2013Udvarhely\u2013Cs\u00edkszereda k\u00f6z\u00f6tt vas\u00fatvonalat \u00e9p\u00edtsenek a term\u00e9szeti kincsek jobb kihaszn\u00e1l\u00e1sa \u00e9s f\u0151leg a fakereskedelem fellend\u00edt\u00e9se \u00e9rdek\u00e9ben. K\u00f6zgazdas\u00e1gi \u00e9s irodalmi m\u0171veket \u00edrt. Sz\u00e1mos elbesz\u00e9l\u00e9s novella, politikai k\u00f6zgazdas\u00e1gi cikket \u00edrt bel- \u00e9s k\u00fclf\u00f6ldi lapokban, pl. Zord Id\u0151. \u2013 <strong>F. m.<\/strong>: Erd\u00e9lyr\u00e9szi vas\u00fatpolitik\u00e1nk (Mv., 1914); Sz\u00f3zat az erd\u00e9lyr\u00e9szi magyarok \u00e9s sz\u00e1szok \u00fcgy\u00e9ben (Mv., 1917), Nemere: Reg\u00e9ny (?); Riad\u00f3: R\u00e9szlet A bokolabra c. reg\u00e9nyb\u0151l. (Mv., 1930) = \u00dcnnepi konyv; A turisztik\u00e1r\u00f3l = Illy\u00e9s. <br \/><strong>Irod.:<\/strong> B\u00e1nyai R\u00e9ka: Guly\u00e1s K\u00e1roly [k\u00e9zirat]; B\u00e1nyai R\u00e9ka: Egy k\u00f6nyvt\u00e1r mindennapjai = K\u00f6nyvek \u00e1ltal\u2026; Bern\u00e1dy; Bi\u00e1s Istv\u00e1n; Csekme; EM; Helikon 1924\u20131944; Id\u0151t\u00e1r 3; Illy\u00e9s; Katona Szab\u00f3; Ki kicsoda?; KZST1930; Marosi-Helikon; Marosi-KZST; Molter 1, 2., 3.; Molter K\u00e1roly: Marosv\u00e1s\u00e1rhely. Kultur\u00e1lis \u00e9let (\u00daj Kezdet, 1. sz., 2010.); Mv. t\u00f6rt. 2.; Osv\u00e1th; Sebesty\u00e9n; Sipos \u00dcnnepi k\u00f6nyv.<\/br><\/p>\n","protected":false},"excerpt":{"rendered":"<p>Udvarfalva, 1884. \u00e1pr. 27., \u2020 Mv., 1958.: tan\u00e1r, k\u00f6zgazdas\u00e1gi \u00edr\u00f3. \u2013 K\u00f6z\u00e9piskol\u00e1t Mv.-en egyetemet Kv.-on v\u00e9gzett, ahol tan\u00e1ri oklevelet szerzett (1908), majd k\u00f6zgazdas\u00e1gi tanfolyamot hallgatott Laussane-ban \u00e9s Bp.-en. A mv.-i Fels\u0151kereskedelmi Iskola tan\u00e1ra, majd igazgat\u00f3ja volt (\u20131923). Az iskol\u00e1k \u00e1llamos\u00edt\u00e1sakor felmentett\u00e9k \u00e1ll\u00e1s\u00e1b\u00f3l \u00e9s a Ref. Koll. tan\u00e1ra lett (1922\u201341), ahol t\u00f6rt\u00e9nelmet \u00e9s f\u00f6ldrajzot tan\u00edtott. A [&hellip;]<\/p>\n","protected":false},"featured_media":0,"comment_status":"open","ping_status":"closed","template":"","meta":[],"product_brand":[],"product_cat":[137],"product_tag":[],"class_list":{"0":"post-22244","1":"product","2":"type-product","3":"status-publish","5":"product_cat-maros-megyei-eletrajzi-lexikon","7":"first","8":"instock","9":"shipping-taxable","10":"product-type-simple"},"_links":{"self":[{"href":"https:\/\/uj.adatbank.ro\/lexikon\/wp-json\/wp\/v2\/product\/22244","targetHints":{"allow":["GET"]}}],"collection":[{"href":"https:\/\/uj.adatbank.ro\/lexikon\/wp-json\/wp\/v2\/product"}],"about":[{"href":"https:\/\/uj.adatbank.ro\/lexikon\/wp-json\/wp\/v2\/types\/product"}],"replies":[{"embeddable":true,"href":"https:\/\/uj.adatbank.ro\/lexikon\/wp-json\/wp\/v2\/comments?post=22244"}],"wp:attachment":[{"href":"https:\/\/uj.adatbank.ro\/lexikon\/wp-json\/wp\/v2\/media?parent=22244"}],"wp:term":[{"taxonomy":"product_brand","embeddable":true,"href":"https:\/\/uj.adatbank.ro\/lexikon\/wp-json\/wp\/v2\/product_brand?post=22244"},{"taxonomy":"product_cat","embeddable":true,"href":"https:\/\/uj.adatbank.ro\/lexikon\/wp-json\/wp\/v2\/product_cat?post=22244"},{"taxonomy":"product_tag","embeddable":true,"href":"https:\/\/uj.adatbank.ro\/lexikon\/wp-json\/wp\/v2\/product_tag?post=22244"}],"curies":[{"name":"wp","href":"https:\/\/api.w.org\/{rel}","templated":true}]}}