{"id":22245,"date":"2025-07-22T19:54:10","date_gmt":"2025-07-22T17:54:10","guid":{"rendered":"https:\/\/uj.adatbank.ro\/lexikon\/termek\/szigyarto-gyorgy\/"},"modified":"2025-07-22T19:54:10","modified_gmt":"2025-07-22T17:54:10","slug":"szigyarto-gyorgy","status":"publish","type":"product","link":"https:\/\/uj.adatbank.ro\/lexikon\/termek\/szigyarto-gyorgy\/","title":{"rendered":"SZIGY\u00c1RT\u00d3 Gy\u00f6rgy"},"content":{"rendered":"<p>1663., \u2020 Mv., 1728. b\u00f6jtm\u00e1s hava, 8: f\u0151b\u00edr\u00f3. \u2013 Feles\u00e9ge Kontz Anna 37 \u00e9vet \u00e9ltek egy\u00fctt. <br \/><strong>Irod.:<\/strong> Csekme; P\u00e1lmay J\u00f3zsef.<\/br><\/p>\n","protected":false},"excerpt":{"rendered":"<p>1663., \u2020 Mv., 1728. b\u00f6jtm\u00e1s hava, 8: f\u0151b\u00edr\u00f3. \u2013 Feles\u00e9ge Kontz Anna 37 \u00e9vet \u00e9ltek egy\u00fctt. Irod.: Csekme; P\u00e1lmay J\u00f3zsef.<\/p>\n","protected":false},"featured_media":0,"comment_status":"open","ping_status":"closed","template":"","meta":[],"product_brand":[],"product_cat":[137],"product_tag":[],"class_list":{"0":"post-22245","1":"product","2":"type-product","3":"status-publish","5":"product_cat-maros-megyei-eletrajzi-lexikon","7":"first","8":"instock","9":"shipping-taxable","10":"product-type-simple"},"_links":{"self":[{"href":"https:\/\/uj.adatbank.ro\/lexikon\/wp-json\/wp\/v2\/product\/22245","targetHints":{"allow":["GET"]}}],"collection":[{"href":"https:\/\/uj.adatbank.ro\/lexikon\/wp-json\/wp\/v2\/product"}],"about":[{"href":"https:\/\/uj.adatbank.ro\/lexikon\/wp-json\/wp\/v2\/types\/product"}],"replies":[{"embeddable":true,"href":"https:\/\/uj.adatbank.ro\/lexikon\/wp-json\/wp\/v2\/comments?post=22245"}],"wp:attachment":[{"href":"https:\/\/uj.adatbank.ro\/lexikon\/wp-json\/wp\/v2\/media?parent=22245"}],"wp:term":[{"taxonomy":"product_brand","embeddable":true,"href":"https:\/\/uj.adatbank.ro\/lexikon\/wp-json\/wp\/v2\/product_brand?post=22245"},{"taxonomy":"product_cat","embeddable":true,"href":"https:\/\/uj.adatbank.ro\/lexikon\/wp-json\/wp\/v2\/product_cat?post=22245"},{"taxonomy":"product_tag","embeddable":true,"href":"https:\/\/uj.adatbank.ro\/lexikon\/wp-json\/wp\/v2\/product_tag?post=22245"}],"curies":[{"name":"wp","href":"https:\/\/api.w.org\/{rel}","templated":true}]}}