{"id":22246,"date":"2025-07-22T19:54:11","date_gmt":"2025-07-22T17:54:11","guid":{"rendered":"https:\/\/uj.adatbank.ro\/lexikon\/termek\/szigyarto-jozsef\/"},"modified":"2025-07-22T19:54:11","modified_gmt":"2025-07-22T17:54:11","slug":"szigyarto-jozsef","status":"publish","type":"product","link":"https:\/\/uj.adatbank.ro\/lexikon\/termek\/szigyarto-jozsef\/","title":{"rendered":"SZIGY\u00c1RT\u00d3 J\u00f3zsef"},"content":{"rendered":"<p>? \u2020 Mv., 2007 m\u00e1rc.10,: \u00fasz\u00f3, labdar\u00fag\u00f3. <br \/><strong>Irod.:<\/strong> Kl\u00f3sz\u2013Tolok\u00e1n.<\/br><\/p>\n","protected":false},"excerpt":{"rendered":"<p>? \u2020 Mv., 2007 m\u00e1rc.10,: \u00fasz\u00f3, labdar\u00fag\u00f3. Irod.: Kl\u00f3sz\u2013Tolok\u00e1n.<\/p>\n","protected":false},"featured_media":0,"comment_status":"open","ping_status":"closed","template":"","meta":[],"product_brand":[],"product_cat":[137],"product_tag":[],"class_list":{"0":"post-22246","1":"product","2":"type-product","3":"status-publish","5":"product_cat-maros-megyei-eletrajzi-lexikon","7":"first","8":"instock","9":"shipping-taxable","10":"product-type-simple"},"_links":{"self":[{"href":"https:\/\/uj.adatbank.ro\/lexikon\/wp-json\/wp\/v2\/product\/22246","targetHints":{"allow":["GET"]}}],"collection":[{"href":"https:\/\/uj.adatbank.ro\/lexikon\/wp-json\/wp\/v2\/product"}],"about":[{"href":"https:\/\/uj.adatbank.ro\/lexikon\/wp-json\/wp\/v2\/types\/product"}],"replies":[{"embeddable":true,"href":"https:\/\/uj.adatbank.ro\/lexikon\/wp-json\/wp\/v2\/comments?post=22246"}],"wp:attachment":[{"href":"https:\/\/uj.adatbank.ro\/lexikon\/wp-json\/wp\/v2\/media?parent=22246"}],"wp:term":[{"taxonomy":"product_brand","embeddable":true,"href":"https:\/\/uj.adatbank.ro\/lexikon\/wp-json\/wp\/v2\/product_brand?post=22246"},{"taxonomy":"product_cat","embeddable":true,"href":"https:\/\/uj.adatbank.ro\/lexikon\/wp-json\/wp\/v2\/product_cat?post=22246"},{"taxonomy":"product_tag","embeddable":true,"href":"https:\/\/uj.adatbank.ro\/lexikon\/wp-json\/wp\/v2\/product_tag?post=22246"}],"curies":[{"name":"wp","href":"https:\/\/api.w.org\/{rel}","templated":true}]}}