{"id":2225,"date":"2025-06-28T12:07:34","date_gmt":"2025-06-28T10:07:34","guid":{"rendered":"https:\/\/uj.adatbank.ro\/lexikon\/termek\/banky-robert-id-buchstabler\/"},"modified":"2025-06-28T12:07:34","modified_gmt":"2025-06-28T10:07:34","slug":"banky-robert-id-buchstabler","status":"publish","type":"product","link":"https:\/\/uj.adatbank.ro\/lexikon\/termek\/banky-robert-id-buchstabler\/","title":{"rendered":"B\u00c1NKY R\u00f3bert, id., Buchstabler"},"content":{"rendered":"<p>Kispest, 1894. nov. 25., \u2020 Bp., 1979. \u00e1pr. 23.: sz\u00edn\u00e9sz, sz\u00ednh\u00e1zigazgat\u00f3. \u2013 F\u00e9l\u00e9vig jogot hallgatott majd a bp.-i sz\u00ednm\u00fcv. akad.-n egy \u00e9vet v\u00e9gzett. Az I. vh.-ban orosz hadifogs\u00e1gba ker\u00fclt; a l\u00e1gerben sz\u00ednt\u00e1rsulatot szervezett. Hazat\u00e9rte ut\u00e1n a bp.-en j\u00e1tszott (1925\u201326). Majd egy \u00e9vadot volt Mv.-en a Feh\u00e9r Imre t\u00e1rsulat\u00e1ban (1926\u201327). K\u00e9s\u0151bb P\u00e9csett, Kecskem\u00e9ten, Szolnokon, Gy\u0151rben, Szegeden j\u00e1tszott, igazgatott. <br \/><strong>Irod.:<\/strong> K\u00f6t\u0151; \u00daM\u00c9L<\/br><\/p>\n","protected":false},"excerpt":{"rendered":"<p>Kispest, 1894. nov. 25., \u2020 Bp., 1979. \u00e1pr. 23.: sz\u00edn\u00e9sz, sz\u00ednh\u00e1zigazgat\u00f3. \u2013 F\u00e9l\u00e9vig jogot hallgatott majd a bp.-i sz\u00ednm\u00fcv. akad.-n egy \u00e9vet v\u00e9gzett. Az I. vh.-ban orosz hadifogs\u00e1gba ker\u00fclt; a l\u00e1gerben sz\u00ednt\u00e1rsulatot szervezett. Hazat\u00e9rte ut\u00e1n a bp.-en j\u00e1tszott (1925\u201326). Majd egy \u00e9vadot volt Mv.-en a Feh\u00e9r Imre t\u00e1rsulat\u00e1ban (1926\u201327). K\u00e9s\u0151bb P\u00e9csett, Kecskem\u00e9ten, Szolnokon, Gy\u0151rben, Szegeden [&hellip;]<\/p>\n","protected":false},"featured_media":0,"comment_status":"open","ping_status":"closed","template":"","meta":[],"product_brand":[],"product_cat":[137],"product_tag":[],"class_list":{"0":"post-2225","1":"product","2":"type-product","3":"status-publish","5":"product_cat-maros-megyei-eletrajzi-lexikon","7":"first","8":"instock","9":"shipping-taxable","10":"product-type-simple"},"_links":{"self":[{"href":"https:\/\/uj.adatbank.ro\/lexikon\/wp-json\/wp\/v2\/product\/2225","targetHints":{"allow":["GET"]}}],"collection":[{"href":"https:\/\/uj.adatbank.ro\/lexikon\/wp-json\/wp\/v2\/product"}],"about":[{"href":"https:\/\/uj.adatbank.ro\/lexikon\/wp-json\/wp\/v2\/types\/product"}],"replies":[{"embeddable":true,"href":"https:\/\/uj.adatbank.ro\/lexikon\/wp-json\/wp\/v2\/comments?post=2225"}],"wp:attachment":[{"href":"https:\/\/uj.adatbank.ro\/lexikon\/wp-json\/wp\/v2\/media?parent=2225"}],"wp:term":[{"taxonomy":"product_brand","embeddable":true,"href":"https:\/\/uj.adatbank.ro\/lexikon\/wp-json\/wp\/v2\/product_brand?post=2225"},{"taxonomy":"product_cat","embeddable":true,"href":"https:\/\/uj.adatbank.ro\/lexikon\/wp-json\/wp\/v2\/product_cat?post=2225"},{"taxonomy":"product_tag","embeddable":true,"href":"https:\/\/uj.adatbank.ro\/lexikon\/wp-json\/wp\/v2\/product_tag?post=2225"}],"curies":[{"name":"wp","href":"https:\/\/api.w.org\/{rel}","templated":true}]}}