{"id":22253,"date":"2025-07-22T19:54:28","date_gmt":"2025-07-22T17:54:28","guid":{"rendered":"https:\/\/uj.adatbank.ro\/lexikon\/termek\/szikszai-imre\/"},"modified":"2025-07-22T19:54:28","modified_gmt":"2025-07-22T17:54:28","slug":"szikszai-imre","status":"publish","type":"product","link":"https:\/\/uj.adatbank.ro\/lexikon\/termek\/szikszai-imre\/","title":{"rendered":"SZIKSZAI Imre"},"content":{"rendered":"<p>? \u2020?: Torda vm. assesora (1820-.as \u00e9vek): <br \/><strong>Irod.:<\/strong> P\u00f3ka; Szikszay B\u00e9la. A Szikszayak Maros megy\u00e9ben. \u2013 Maros.<\/br><\/p>\n","protected":false},"excerpt":{"rendered":"<p>? \u2020?: Torda vm. assesora (1820-.as \u00e9vek): Irod.: P\u00f3ka; Szikszay B\u00e9la. A Szikszayak Maros megy\u00e9ben. \u2013 Maros.<\/p>\n","protected":false},"featured_media":0,"comment_status":"open","ping_status":"closed","template":"","meta":[],"product_brand":[],"product_cat":[137],"product_tag":[],"class_list":{"0":"post-22253","1":"product","2":"type-product","3":"status-publish","5":"product_cat-maros-megyei-eletrajzi-lexikon","7":"first","8":"instock","9":"shipping-taxable","10":"product-type-simple"},"_links":{"self":[{"href":"https:\/\/uj.adatbank.ro\/lexikon\/wp-json\/wp\/v2\/product\/22253","targetHints":{"allow":["GET"]}}],"collection":[{"href":"https:\/\/uj.adatbank.ro\/lexikon\/wp-json\/wp\/v2\/product"}],"about":[{"href":"https:\/\/uj.adatbank.ro\/lexikon\/wp-json\/wp\/v2\/types\/product"}],"replies":[{"embeddable":true,"href":"https:\/\/uj.adatbank.ro\/lexikon\/wp-json\/wp\/v2\/comments?post=22253"}],"wp:attachment":[{"href":"https:\/\/uj.adatbank.ro\/lexikon\/wp-json\/wp\/v2\/media?parent=22253"}],"wp:term":[{"taxonomy":"product_brand","embeddable":true,"href":"https:\/\/uj.adatbank.ro\/lexikon\/wp-json\/wp\/v2\/product_brand?post=22253"},{"taxonomy":"product_cat","embeddable":true,"href":"https:\/\/uj.adatbank.ro\/lexikon\/wp-json\/wp\/v2\/product_cat?post=22253"},{"taxonomy":"product_tag","embeddable":true,"href":"https:\/\/uj.adatbank.ro\/lexikon\/wp-json\/wp\/v2\/product_tag?post=22253"}],"curies":[{"name":"wp","href":"https:\/\/api.w.org\/{rel}","templated":true}]}}