{"id":22255,"date":"2025-07-22T19:54:31","date_gmt":"2025-07-22T17:54:31","guid":{"rendered":"https:\/\/uj.adatbank.ro\/lexikon\/termek\/szikszai-janos\/"},"modified":"2025-07-22T19:54:31","modified_gmt":"2025-07-22T17:54:31","slug":"szikszai-janos","status":"publish","type":"product","link":"https:\/\/uj.adatbank.ro\/lexikon\/termek\/szikszai-janos\/","title":{"rendered":"SZIKSZAI J\u00e1nos"},"content":{"rendered":"<p>?\u00a0\u2020?: nemes. \u2013 Nemess\u00e9get kapott II. Miksa cs\u00e1sz\u00e1rt\u00f3l (1572). Sziksz\u00f3n \u00e9lt a csal\u00e1d, majd Ugocsa megy\u00e9ben, innen k\u00f6lt\u00f6ztek P\u00f3k\u00e1ba. <br \/><strong>Irod.:<\/strong> Szikszay B\u00e9la: \u201eErd\u00e9ly sz\u00e1momra a t\u00f6rt\u00e9nelmet jelenti, amely egyben a csal\u00e1dom t\u00f6rt\u00e9nete is\u201d = Nemes Gyula: A tiszta forr\u00e1s \u00e9ltet\u0151 ereje (interj\u00fak\u00f6tet). \u2013 Mv., Nagyernye, 2020.<\/br><\/p>\n","protected":false},"excerpt":{"rendered":"<p>?\u00a0\u2020?: nemes. \u2013 Nemess\u00e9get kapott II. Miksa cs\u00e1sz\u00e1rt\u00f3l (1572). Sziksz\u00f3n \u00e9lt a csal\u00e1d, majd Ugocsa megy\u00e9ben, innen k\u00f6lt\u00f6ztek P\u00f3k\u00e1ba. Irod.: Szikszay B\u00e9la: \u201eErd\u00e9ly sz\u00e1momra a t\u00f6rt\u00e9nelmet jelenti, amely egyben a csal\u00e1dom t\u00f6rt\u00e9nete is\u201d = Nemes Gyula: A tiszta forr\u00e1s \u00e9ltet\u0151 ereje (interj\u00fak\u00f6tet). \u2013 Mv., Nagyernye, 2020.<\/p>\n","protected":false},"featured_media":0,"comment_status":"open","ping_status":"closed","template":"","meta":[],"product_brand":[],"product_cat":[137],"product_tag":[],"class_list":{"0":"post-22255","1":"product","2":"type-product","3":"status-publish","5":"product_cat-maros-megyei-eletrajzi-lexikon","7":"first","8":"instock","9":"shipping-taxable","10":"product-type-simple"},"_links":{"self":[{"href":"https:\/\/uj.adatbank.ro\/lexikon\/wp-json\/wp\/v2\/product\/22255","targetHints":{"allow":["GET"]}}],"collection":[{"href":"https:\/\/uj.adatbank.ro\/lexikon\/wp-json\/wp\/v2\/product"}],"about":[{"href":"https:\/\/uj.adatbank.ro\/lexikon\/wp-json\/wp\/v2\/types\/product"}],"replies":[{"embeddable":true,"href":"https:\/\/uj.adatbank.ro\/lexikon\/wp-json\/wp\/v2\/comments?post=22255"}],"wp:attachment":[{"href":"https:\/\/uj.adatbank.ro\/lexikon\/wp-json\/wp\/v2\/media?parent=22255"}],"wp:term":[{"taxonomy":"product_brand","embeddable":true,"href":"https:\/\/uj.adatbank.ro\/lexikon\/wp-json\/wp\/v2\/product_brand?post=22255"},{"taxonomy":"product_cat","embeddable":true,"href":"https:\/\/uj.adatbank.ro\/lexikon\/wp-json\/wp\/v2\/product_cat?post=22255"},{"taxonomy":"product_tag","embeddable":true,"href":"https:\/\/uj.adatbank.ro\/lexikon\/wp-json\/wp\/v2\/product_tag?post=22255"}],"curies":[{"name":"wp","href":"https:\/\/api.w.org\/{rel}","templated":true}]}}