{"id":22256,"date":"2025-07-22T19:54:33","date_gmt":"2025-07-22T17:54:33","guid":{"rendered":"https:\/\/uj.adatbank.ro\/lexikon\/termek\/szikszai-jozsef\/"},"modified":"2025-07-22T19:54:33","modified_gmt":"2025-07-22T17:54:33","slug":"szikszai-jozsef","status":"publish","type":"product","link":"https:\/\/uj.adatbank.ro\/lexikon\/termek\/szikszai-jozsef\/","title":{"rendered":"SZIKSZAI J\u00f3zsef"},"content":{"rendered":"<p>1927, \u2020 Mv., 2001 okt. 21, ref. lelkip\u00e1sztor. Torboszl\u00f3n helyettes lelk\u00e9sz (1952), megv\u00e1lasztott lelkip\u00e1sztor (1955\u2013), Maroskereszt\u00faron folytatta szolg\u00e1lat\u00e1t (1961\u2013). <br \/><strong>Irod.:<\/strong> Cs\u00e1ky; [Nekrol\u00f3g] (N\u00fa., 2001. okt. 23).<\/br><\/p>\n","protected":false},"excerpt":{"rendered":"<p>1927, \u2020 Mv., 2001 okt. 21, ref. lelkip\u00e1sztor. Torboszl\u00f3n helyettes lelk\u00e9sz (1952), megv\u00e1lasztott lelkip\u00e1sztor (1955\u2013), Maroskereszt\u00faron folytatta szolg\u00e1lat\u00e1t (1961\u2013). Irod.: Cs\u00e1ky; [Nekrol\u00f3g] (N\u00fa., 2001. okt. 23).<\/p>\n","protected":false},"featured_media":0,"comment_status":"open","ping_status":"closed","template":"","meta":[],"product_brand":[],"product_cat":[137],"product_tag":[],"class_list":{"0":"post-22256","1":"product","2":"type-product","3":"status-publish","5":"product_cat-maros-megyei-eletrajzi-lexikon","7":"first","8":"instock","9":"shipping-taxable","10":"product-type-simple"},"_links":{"self":[{"href":"https:\/\/uj.adatbank.ro\/lexikon\/wp-json\/wp\/v2\/product\/22256","targetHints":{"allow":["GET"]}}],"collection":[{"href":"https:\/\/uj.adatbank.ro\/lexikon\/wp-json\/wp\/v2\/product"}],"about":[{"href":"https:\/\/uj.adatbank.ro\/lexikon\/wp-json\/wp\/v2\/types\/product"}],"replies":[{"embeddable":true,"href":"https:\/\/uj.adatbank.ro\/lexikon\/wp-json\/wp\/v2\/comments?post=22256"}],"wp:attachment":[{"href":"https:\/\/uj.adatbank.ro\/lexikon\/wp-json\/wp\/v2\/media?parent=22256"}],"wp:term":[{"taxonomy":"product_brand","embeddable":true,"href":"https:\/\/uj.adatbank.ro\/lexikon\/wp-json\/wp\/v2\/product_brand?post=22256"},{"taxonomy":"product_cat","embeddable":true,"href":"https:\/\/uj.adatbank.ro\/lexikon\/wp-json\/wp\/v2\/product_cat?post=22256"},{"taxonomy":"product_tag","embeddable":true,"href":"https:\/\/uj.adatbank.ro\/lexikon\/wp-json\/wp\/v2\/product_tag?post=22256"}],"curies":[{"name":"wp","href":"https:\/\/api.w.org\/{rel}","templated":true}]}}