{"id":22257,"date":"2025-07-22T19:54:36","date_gmt":"2025-07-22T17:54:36","guid":{"rendered":"https:\/\/uj.adatbank.ro\/lexikon\/termek\/szikszai-jozsef-2\/"},"modified":"2025-07-22T19:54:36","modified_gmt":"2025-07-22T17:54:36","slug":"szikszai-jozsef-2","status":"publish","type":"product","link":"https:\/\/uj.adatbank.ro\/lexikon\/termek\/szikszai-jozsef-2\/","title":{"rendered":"SZIKSZAI J\u00f3zsef"},"content":{"rendered":"<p>Nagy\u00f6lyves, 1933. j\u00fan. 10., \u2020\u00a0Mv., 2005. febr. 20.: tan\u00e1r. \u2013 Nagyv\u00e1radon \u00e9retts\u00e9gizett (1955); Kv.-on a BBTE Filol\u00f3gia Kar\u00e1n tan\u00e1ri oklevelet szerzett (1960). Mv.-en az \u00c9p\u00edt\u00e9szeti Lic.-ban rom\u00e1n szakos tan\u00e1r (1960\u201395). \u2013 <strong>F. m.<\/strong>: <strong>szerk.:<\/strong> F\u00e9szekrak\u00f3k: Az \u00c9p\u00edt\u00e9szeti Iskola eml\u00e9kk\u00f6nyv1949\u20131999. (Mv., 1999). <br \/><strong>Irod.:<\/strong> MMK; A Szikszayak Maros megy\u00e9ben.<\/br><\/p>\n","protected":false},"excerpt":{"rendered":"<p>Nagy\u00f6lyves, 1933. j\u00fan. 10., \u2020\u00a0Mv., 2005. febr. 20.: tan\u00e1r. \u2013 Nagyv\u00e1radon \u00e9retts\u00e9gizett (1955); Kv.-on a BBTE Filol\u00f3gia Kar\u00e1n tan\u00e1ri oklevelet szerzett (1960). Mv.-en az \u00c9p\u00edt\u00e9szeti Lic.-ban rom\u00e1n szakos tan\u00e1r (1960\u201395). \u2013 F. m.: szerk.: F\u00e9szekrak\u00f3k: Az \u00c9p\u00edt\u00e9szeti Iskola eml\u00e9kk\u00f6nyv1949\u20131999. (Mv., 1999). Irod.: MMK; A Szikszayak Maros megy\u00e9ben.<\/p>\n","protected":false},"featured_media":0,"comment_status":"open","ping_status":"closed","template":"","meta":[],"product_brand":[],"product_cat":[137],"product_tag":[],"class_list":{"0":"post-22257","1":"product","2":"type-product","3":"status-publish","5":"product_cat-maros-megyei-eletrajzi-lexikon","7":"first","8":"instock","9":"shipping-taxable","10":"product-type-simple"},"_links":{"self":[{"href":"https:\/\/uj.adatbank.ro\/lexikon\/wp-json\/wp\/v2\/product\/22257","targetHints":{"allow":["GET"]}}],"collection":[{"href":"https:\/\/uj.adatbank.ro\/lexikon\/wp-json\/wp\/v2\/product"}],"about":[{"href":"https:\/\/uj.adatbank.ro\/lexikon\/wp-json\/wp\/v2\/types\/product"}],"replies":[{"embeddable":true,"href":"https:\/\/uj.adatbank.ro\/lexikon\/wp-json\/wp\/v2\/comments?post=22257"}],"wp:attachment":[{"href":"https:\/\/uj.adatbank.ro\/lexikon\/wp-json\/wp\/v2\/media?parent=22257"}],"wp:term":[{"taxonomy":"product_brand","embeddable":true,"href":"https:\/\/uj.adatbank.ro\/lexikon\/wp-json\/wp\/v2\/product_brand?post=22257"},{"taxonomy":"product_cat","embeddable":true,"href":"https:\/\/uj.adatbank.ro\/lexikon\/wp-json\/wp\/v2\/product_cat?post=22257"},{"taxonomy":"product_tag","embeddable":true,"href":"https:\/\/uj.adatbank.ro\/lexikon\/wp-json\/wp\/v2\/product_tag?post=22257"}],"curies":[{"name":"wp","href":"https:\/\/api.w.org\/{rel}","templated":true}]}}