{"id":22259,"date":"2025-07-22T19:54:40","date_gmt":"2025-07-22T17:54:40","guid":{"rendered":"https:\/\/uj.adatbank.ro\/lexikon\/termek\/szikszai-mihaly-2\/"},"modified":"2025-07-22T19:54:40","modified_gmt":"2025-07-22T17:54:40","slug":"szikszai-mihaly-2","status":"publish","type":"product","link":"https:\/\/uj.adatbank.ro\/lexikon\/termek\/szikszai-mihaly-2\/","title":{"rendered":"SZIKSZAI Mih\u00e1ly"},"content":{"rendered":"<p>Mez\u0151s\u00e1msond, 1890., \u2020?: husz\u00e1r, k\u00f6z\u00e9pbirtokos. \u2013 T\u00e9nyleges katonai szolg\u00e1latra vonult be Brass\u00f3ba a 2-es husz\u00e1rezredhez (1913\u2013). Ott \u00e9rte az els\u0151 vh. kit\u00f6r\u00e9se. Az orosz \u00e9s az olasz frontokon harcolt: Przemysl, Udine, Ariago \u00e9s Piave mellett (1914. aug. \u2013 1918. szept. 1.). Olasz hadifogs\u00e1gba esett, csak 1919 v\u00e9g\u00e9n t\u00e9rt haza. <strong>Kit\u00fcntet\u00e9sei:<\/strong> bronz vit\u00e9zs\u00e9gi \u00e9rem \u00e9s K\u00e1roly csapat \u2013 kereszt. szolg\u00e1lata idej\u00e9ben alakult meg a faluban az EMGE (1892), valamivel k\u00e9s\u0151bb a HANGYA Sz\u00f6vetkezet, amelyek jelent\u0151s m\u00e9rt\u00e9kben j\u00e1rultak hozz\u00e1 a k\u00f6zs\u00e9g gazdas\u00e1gi fejl\u0151d\u00e9s\u00e9hez. <br \/><strong>Irod.:<\/strong> Mez\u0151s\u00e1msond; A Szikszayak Maros megy\u00e9ben.<\/br><\/p>\n","protected":false},"excerpt":{"rendered":"<p>Mez\u0151s\u00e1msond, 1890., \u2020?: husz\u00e1r, k\u00f6z\u00e9pbirtokos. \u2013 T\u00e9nyleges katonai szolg\u00e1latra vonult be Brass\u00f3ba a 2-es husz\u00e1rezredhez (1913\u2013). Ott \u00e9rte az els\u0151 vh. kit\u00f6r\u00e9se. Az orosz \u00e9s az olasz frontokon harcolt: Przemysl, Udine, Ariago \u00e9s Piave mellett (1914. aug. \u2013 1918. szept. 1.). Olasz hadifogs\u00e1gba esett, csak 1919 v\u00e9g\u00e9n t\u00e9rt haza. Kit\u00fcntet\u00e9sei: bronz vit\u00e9zs\u00e9gi \u00e9rem \u00e9s K\u00e1roly [&hellip;]<\/p>\n","protected":false},"featured_media":0,"comment_status":"open","ping_status":"closed","template":"","meta":[],"product_brand":[],"product_cat":[137],"product_tag":[],"class_list":{"0":"post-22259","1":"product","2":"type-product","3":"status-publish","5":"product_cat-maros-megyei-eletrajzi-lexikon","7":"first","8":"instock","9":"shipping-taxable","10":"product-type-simple"},"_links":{"self":[{"href":"https:\/\/uj.adatbank.ro\/lexikon\/wp-json\/wp\/v2\/product\/22259","targetHints":{"allow":["GET"]}}],"collection":[{"href":"https:\/\/uj.adatbank.ro\/lexikon\/wp-json\/wp\/v2\/product"}],"about":[{"href":"https:\/\/uj.adatbank.ro\/lexikon\/wp-json\/wp\/v2\/types\/product"}],"replies":[{"embeddable":true,"href":"https:\/\/uj.adatbank.ro\/lexikon\/wp-json\/wp\/v2\/comments?post=22259"}],"wp:attachment":[{"href":"https:\/\/uj.adatbank.ro\/lexikon\/wp-json\/wp\/v2\/media?parent=22259"}],"wp:term":[{"taxonomy":"product_brand","embeddable":true,"href":"https:\/\/uj.adatbank.ro\/lexikon\/wp-json\/wp\/v2\/product_brand?post=22259"},{"taxonomy":"product_cat","embeddable":true,"href":"https:\/\/uj.adatbank.ro\/lexikon\/wp-json\/wp\/v2\/product_cat?post=22259"},{"taxonomy":"product_tag","embeddable":true,"href":"https:\/\/uj.adatbank.ro\/lexikon\/wp-json\/wp\/v2\/product_tag?post=22259"}],"curies":[{"name":"wp","href":"https:\/\/api.w.org\/{rel}","templated":true}]}}