{"id":22261,"date":"2025-07-22T19:54:46","date_gmt":"2025-07-22T17:54:46","guid":{"rendered":"https:\/\/uj.adatbank.ro\/lexikon\/termek\/szilagyi-akosfalvi\/"},"modified":"2025-07-22T19:54:46","modified_gmt":"2025-07-22T17:54:46","slug":"szilagyi-akosfalvi","status":"publish","type":"product","link":"https:\/\/uj.adatbank.ro\/lexikon\/termek\/szilagyi-akosfalvi\/","title":{"rendered":"SZIL\u00c1GYI, \u00e1kosfalvi"},"content":{"rendered":"<p>A csal\u00e1d neve Tolvaj volt. Tolvaj J\u00e1nos R\u00e1k\u00f3czi Gy\u00f6rgy beleegyez\u00e9s\u00e9vel a Szil\u00e1gyi nevet vette fel \u00e9s adom\u00e1nyk\u00e9pen birtokokat kapott \u00c1kosfalv\u00e1n, Cserefalv\u00e1n \u00e9s M\u00e9nesen. (1630). Sz. Lajos kir. tsz\u00e9ki b\u00edr\u00f3 \u00e9s gyermekeinek r\u00e9gi magyar nemess\u00e9g\u00e9t s az \u00bb\u00e1kosfalvi\u00ab el\u0151n\u00e9v haszn\u00e1lat\u00e1hoz val\u00f3 jogukat a m. kir. bel\u00fcgyminiszter 1917. dec. 19-\u00e9n 140.984\/1917. sz. a. ismerte el K\u00f6z\u00fcl\u00fck: Mih\u00e1ly 1681\u20131690. Marossz\u00e9k alkir\u00e1lyb\u00edr\u00f3ja; L\u00e1szl\u00f3 \u2020 1709. 1681\u20131688. erd. fejed. nemesapr\u00f3d 1708. Marossz\u00e9k alkir\u00e1lyb\u00edr\u00f3ja; J\u00e1nos \u2020 1777. 1752. Marossz\u00e9k kir. f\u0151p\u00e9nzt\u00e1rnoka; J\u00e1nos sz. 1674., \u2020 1733. 1710\u20131721. Marossz\u00e9k alkir\u00e1lyb\u00edr\u00f3ja 1721. kir. f\u0151p\u00e9nzt\u00e1rnoka; J\u00f3zsef \u2020 1743. 1713\u20131743. Marossz\u00e9k f\u0151jegyz\u0151je, 1715. orsz. gy\u0171l. k\u00f6vete; S\u00e1muel Marossz\u00e9k f\u0151biztosa (1727\u201332); S\u00e1ndor * 1760. 1743\u20131745. Marossz\u00e9k alkir\u00e1lyb\u00edr\u00f3ja, 1760. kir. t\u00e1blai \u00fcln\u00f6k, a marosi ref. egyh\u00e1zmegye gondnoka; Mih\u00e1ly \u2020 1762. 1745. Marossz\u00e9k lev\u00e9lt\u00e1rnoka, 1748\u20131751. f\u0151jegyz\u0151je, 1751. orsz. gy\u0171l. k\u00f6vete, 1753\u20131754. alkir\u00e1lyb\u00edr\u00f3ja; J\u00f3zef \u2020 1803. 1777. Marossz\u00e9k aljegyz\u0151je 1778\u20131796. alkir\u00e1lyb\u00edr\u00f3ja, 1790\u20131791. orsz. gy\u0171l. k\u00f6vete; J\u00f3zsef kir\u00e1lyi hivatalos (1791); Farkas sz. 1770., \u2020 1812. 1803\u20131809. Marossz\u00e9k f\u0151jegyz\u0151je. Id\u0151sb K\u00e1roly t\u00e1blab\u00edr\u00f3, \u00e9s ifj. K\u00e1roly aljegyz\u0151 \u00e9s lev\u00e9lt\u00e1rnok Marossz\u00e9kben (1848. el\u0151tt.); K\u00e1roly 1801. marossz\u00e9ki insurgens hadnagy; S\u00e1ndor dull\u00f3 biztos (1836. k\u00f6r\u00fcl); Imre D\u00e9zsv\u00e1ros f\u0151jegyz\u0151je. Mih\u00e1ly Bels\u0151-Szolnokban szeg\u00e9nyek \u00fcgyv\u00e9dje (1848. el\u0151tt.); K\u00e1roly \u2020 1848. Marossz\u00e9k lev\u00e9lt\u00e1rnoka \u00e9s tb. jegyz\u0151je. Az \u00e1kosfalvi ref. templomot Szil\u00e1gyi S\u00e1ndor \u00e9s feles\u00e9ge Patk\u00f3s Judit \u00e9p\u00edttette (1752). A Szil\u00e1gyi csal\u00e1d kript\u00e1ja \u00c1kosfalv\u00e1n van. <br \/><strong>Irod.:<\/strong> Kempelen; Nagy Iv\u00e1n; P\u00e1lmay; Sepsisz\u00e9ki.<\/br><\/p>\n","protected":false},"excerpt":{"rendered":"<p>A csal\u00e1d neve Tolvaj volt. Tolvaj J\u00e1nos R\u00e1k\u00f3czi Gy\u00f6rgy beleegyez\u00e9s\u00e9vel a Szil\u00e1gyi nevet vette fel \u00e9s adom\u00e1nyk\u00e9pen birtokokat kapott \u00c1kosfalv\u00e1n, Cserefalv\u00e1n \u00e9s M\u00e9nesen. (1630). Sz. Lajos kir. tsz\u00e9ki b\u00edr\u00f3 \u00e9s gyermekeinek r\u00e9gi magyar nemess\u00e9g\u00e9t s az \u00bb\u00e1kosfalvi\u00ab el\u0151n\u00e9v haszn\u00e1lat\u00e1hoz val\u00f3 jogukat a m. kir. bel\u00fcgyminiszter 1917. dec. 19-\u00e9n 140.984\/1917. sz. a. ismerte el K\u00f6z\u00fcl\u00fck: Mih\u00e1ly [&hellip;]<\/p>\n","protected":false},"featured_media":0,"comment_status":"open","ping_status":"closed","template":"","meta":[],"product_brand":[],"product_cat":[137],"product_tag":[],"class_list":{"0":"post-22261","1":"product","2":"type-product","3":"status-publish","5":"product_cat-maros-megyei-eletrajzi-lexikon","7":"first","8":"instock","9":"shipping-taxable","10":"product-type-simple"},"_links":{"self":[{"href":"https:\/\/uj.adatbank.ro\/lexikon\/wp-json\/wp\/v2\/product\/22261","targetHints":{"allow":["GET"]}}],"collection":[{"href":"https:\/\/uj.adatbank.ro\/lexikon\/wp-json\/wp\/v2\/product"}],"about":[{"href":"https:\/\/uj.adatbank.ro\/lexikon\/wp-json\/wp\/v2\/types\/product"}],"replies":[{"embeddable":true,"href":"https:\/\/uj.adatbank.ro\/lexikon\/wp-json\/wp\/v2\/comments?post=22261"}],"wp:attachment":[{"href":"https:\/\/uj.adatbank.ro\/lexikon\/wp-json\/wp\/v2\/media?parent=22261"}],"wp:term":[{"taxonomy":"product_brand","embeddable":true,"href":"https:\/\/uj.adatbank.ro\/lexikon\/wp-json\/wp\/v2\/product_brand?post=22261"},{"taxonomy":"product_cat","embeddable":true,"href":"https:\/\/uj.adatbank.ro\/lexikon\/wp-json\/wp\/v2\/product_cat?post=22261"},{"taxonomy":"product_tag","embeddable":true,"href":"https:\/\/uj.adatbank.ro\/lexikon\/wp-json\/wp\/v2\/product_tag?post=22261"}],"curies":[{"name":"wp","href":"https:\/\/api.w.org\/{rel}","templated":true}]}}