{"id":22267,"date":"2025-07-22T19:54:58","date_gmt":"2025-07-22T17:54:58","guid":{"rendered":"https:\/\/uj.adatbank.ro\/lexikon\/termek\/szilagyi-andras-2\/"},"modified":"2025-07-22T19:54:58","modified_gmt":"2025-07-22T17:54:58","slug":"szilagyi-andras-2","status":"publish","type":"product","link":"https:\/\/uj.adatbank.ro\/lexikon\/termek\/szilagyi-andras-2\/","title":{"rendered":"SZIL\u00c1GYI Andr\u00e1s"},"content":{"rendered":"<p>1903., \u2020?: f\u00f6ldbirtokos. \u2013 Havadt\u0151n volt birtokos. Az I. vh.-ban a 62. gyalog ezredben szolg\u00e1lt, mint tizedes. A nagy ez\u00fcst \u00e9s a kisez\u00fcst vit\u00e9zs\u00e9gi\u00e9remmel, a K\u00e1roly csapatkereszttel t\u00fcntett\u00e9k ki. Mv.-r\u0151l deport\u00e1lt\u00e1k (1944. m\u00e1j. 29.). <br \/><strong>Irod.:<\/strong> Mv. zsid\u00f3s\u00e1ga; Visnai.<\/br><\/p>\n","protected":false},"excerpt":{"rendered":"<p>1903., \u2020?: f\u00f6ldbirtokos. \u2013 Havadt\u0151n volt birtokos. Az I. vh.-ban a 62. gyalog ezredben szolg\u00e1lt, mint tizedes. A nagy ez\u00fcst \u00e9s a kisez\u00fcst vit\u00e9zs\u00e9gi\u00e9remmel, a K\u00e1roly csapatkereszttel t\u00fcntett\u00e9k ki. Mv.-r\u0151l deport\u00e1lt\u00e1k (1944. m\u00e1j. 29.). Irod.: Mv. zsid\u00f3s\u00e1ga; Visnai.<\/p>\n","protected":false},"featured_media":0,"comment_status":"open","ping_status":"closed","template":"","meta":[],"product_brand":[],"product_cat":[137],"product_tag":[],"class_list":{"0":"post-22267","1":"product","2":"type-product","3":"status-publish","5":"product_cat-maros-megyei-eletrajzi-lexikon","7":"first","8":"instock","9":"shipping-taxable","10":"product-type-simple"},"_links":{"self":[{"href":"https:\/\/uj.adatbank.ro\/lexikon\/wp-json\/wp\/v2\/product\/22267","targetHints":{"allow":["GET"]}}],"collection":[{"href":"https:\/\/uj.adatbank.ro\/lexikon\/wp-json\/wp\/v2\/product"}],"about":[{"href":"https:\/\/uj.adatbank.ro\/lexikon\/wp-json\/wp\/v2\/types\/product"}],"replies":[{"embeddable":true,"href":"https:\/\/uj.adatbank.ro\/lexikon\/wp-json\/wp\/v2\/comments?post=22267"}],"wp:attachment":[{"href":"https:\/\/uj.adatbank.ro\/lexikon\/wp-json\/wp\/v2\/media?parent=22267"}],"wp:term":[{"taxonomy":"product_brand","embeddable":true,"href":"https:\/\/uj.adatbank.ro\/lexikon\/wp-json\/wp\/v2\/product_brand?post=22267"},{"taxonomy":"product_cat","embeddable":true,"href":"https:\/\/uj.adatbank.ro\/lexikon\/wp-json\/wp\/v2\/product_cat?post=22267"},{"taxonomy":"product_tag","embeddable":true,"href":"https:\/\/uj.adatbank.ro\/lexikon\/wp-json\/wp\/v2\/product_tag?post=22267"}],"curies":[{"name":"wp","href":"https:\/\/api.w.org\/{rel}","templated":true}]}}