{"id":22272,"date":"2025-07-22T19:55:09","date_gmt":"2025-07-22T17:55:09","guid":{"rendered":"https:\/\/uj.adatbank.ro\/lexikon\/termek\/szilagyi-bela-id-szilagysomlyoi\/"},"modified":"2025-07-22T19:55:09","modified_gmt":"2025-07-22T17:55:09","slug":"szilagyi-bela-id-szilagysomlyoi","status":"publish","type":"product","link":"https:\/\/uj.adatbank.ro\/lexikon\/termek\/szilagyi-bela-id-szilagysomlyoi\/","title":{"rendered":"SZIL\u00c1GYI B\u00e9la, id., szil\u00e1gysomly\u00f3i"},"content":{"rendered":"<p>1836. febr. 15., \u2020 Bp., 1899. aug. 2.: sz\u00edn\u00e9sz, sz\u00ednigazgat\u00f3. \u2013. Gyermekk\u00e9nt r\u00e9szt vett a szabads\u00e1gharcban (1848\u201349), majd Havi Mih\u00e1lyn\u00e1l sz\u00edn\u00e9sznek \u00e1llt. Erd\u00e9lyi, miskolci \u00e9s debreceni sikerek ut\u00e1n a Nemzeti Sz\u00ednh\u00e1z szerz\u0151dtette (1859), majd Moln\u00e1r Gy\u00f6rgy sz\u00edn\u00e9sze \u00e9s operettrend.-je lett a N\u00e9psz\u00ednh\u00e1zn\u00e1l (1861\u2013). Moln\u00e1r t\u00e1voll\u00e9t\u00e9ben m\u0171v.-i vez.-nek is kinevezt\u00e9k. Aradon kezdett \u00f6n\u00e1ll\u00f3 igazgat\u00e1sba \u00e9s Mv.-en j\u00e1tszott saj\u00e1t t\u00e1rsulat\u00e1val (1864, 1867), a Kv.-i Sz\u00ednh\u00e1z tagja volt (1868\u201374, 1978\u201381), a Sz\u00e9kesfeh\u00e9rv\u00e1ri T\u00e1rsulat m\u0171vezet\u0151je lett (1874\u201378). Kv.-t \u00fcnnepelte 30 \u00e9ves sz\u00edn\u00e9szi jubileum\u00e1t (1880). Mv.-en m\u00e9g pr\u00f3b\u00e1lkozott az igazgat\u00e1ssal (1883\u201384 tel\u00e9n), de m\u00e1r nem sok sikert \u00e9rt el. V\u00e9gk\u00e9pp visszavonult. Nyugtalan v\u00e9rm\u00e9rs\u00e9klet\u0171, v\u00e1llalkoz\u00f3 szellem\u0171 sz\u00edn\u00e9sz volt. A buff\u00f3szerepekben sz\u00e9p hangj\u00e1val, zenei k\u00e9pzetts\u00e9g\u00e9vel \u00e9s term\u00e9szetes ked\u00e9ly\u00e9vel; az operettek rendez\u00e9s\u00e9ben szakavatotts\u00e1g\u00e1val aratott sikereket. \u2013 <strong>F. sz.:<\/strong> Tympanon (Offenbach: Dunanan ap\u00f3); Zsigmond (Strauss: Metuzalem herceg); Binet (Offenbach: A papag\u00e1j); Kancsukow (Supp\u00e9: Fatinicza); Germont (Verdi: Traviata). <strong>F. r.:<\/strong> Papp Mikl\u00f3s: Az \u00f6rd\u00f6g bibli\u00e1ja. <br \/><strong>Irod.:<\/strong> Id\u0151t\u00e1r 2; MSz\u00ednL; MSZL; \u00daM\u00c9L.<\/br><\/p>\n","protected":false},"excerpt":{"rendered":"<p>1836. febr. 15., \u2020 Bp., 1899. aug. 2.: sz\u00edn\u00e9sz, sz\u00ednigazgat\u00f3. \u2013. Gyermekk\u00e9nt r\u00e9szt vett a szabads\u00e1gharcban (1848\u201349), majd Havi Mih\u00e1lyn\u00e1l sz\u00edn\u00e9sznek \u00e1llt. Erd\u00e9lyi, miskolci \u00e9s debreceni sikerek ut\u00e1n a Nemzeti Sz\u00ednh\u00e1z szerz\u0151dtette (1859), majd Moln\u00e1r Gy\u00f6rgy sz\u00edn\u00e9sze \u00e9s operettrend.-je lett a N\u00e9psz\u00ednh\u00e1zn\u00e1l (1861\u2013). Moln\u00e1r t\u00e1voll\u00e9t\u00e9ben m\u0171v.-i vez.-nek is kinevezt\u00e9k. Aradon kezdett \u00f6n\u00e1ll\u00f3 igazgat\u00e1sba \u00e9s Mv.-en [&hellip;]<\/p>\n","protected":false},"featured_media":0,"comment_status":"open","ping_status":"closed","template":"","meta":[],"product_brand":[],"product_cat":[137],"product_tag":[],"class_list":{"0":"post-22272","1":"product","2":"type-product","3":"status-publish","5":"product_cat-maros-megyei-eletrajzi-lexikon","7":"first","8":"instock","9":"shipping-taxable","10":"product-type-simple"},"_links":{"self":[{"href":"https:\/\/uj.adatbank.ro\/lexikon\/wp-json\/wp\/v2\/product\/22272","targetHints":{"allow":["GET"]}}],"collection":[{"href":"https:\/\/uj.adatbank.ro\/lexikon\/wp-json\/wp\/v2\/product"}],"about":[{"href":"https:\/\/uj.adatbank.ro\/lexikon\/wp-json\/wp\/v2\/types\/product"}],"replies":[{"embeddable":true,"href":"https:\/\/uj.adatbank.ro\/lexikon\/wp-json\/wp\/v2\/comments?post=22272"}],"wp:attachment":[{"href":"https:\/\/uj.adatbank.ro\/lexikon\/wp-json\/wp\/v2\/media?parent=22272"}],"wp:term":[{"taxonomy":"product_brand","embeddable":true,"href":"https:\/\/uj.adatbank.ro\/lexikon\/wp-json\/wp\/v2\/product_brand?post=22272"},{"taxonomy":"product_cat","embeddable":true,"href":"https:\/\/uj.adatbank.ro\/lexikon\/wp-json\/wp\/v2\/product_cat?post=22272"},{"taxonomy":"product_tag","embeddable":true,"href":"https:\/\/uj.adatbank.ro\/lexikon\/wp-json\/wp\/v2\/product_tag?post=22272"}],"curies":[{"name":"wp","href":"https:\/\/api.w.org\/{rel}","templated":true}]}}