{"id":22274,"date":"2025-07-22T19:55:13","date_gmt":"2025-07-22T17:55:13","guid":{"rendered":"https:\/\/uj.adatbank.ro\/lexikon\/termek\/szilagyi-csiszar-janos-alias-nagy-csiszar-janos-csiszar-janos\/"},"modified":"2025-07-22T19:55:13","modified_gmt":"2025-07-22T17:55:13","slug":"szilagyi-csiszar-janos-alias-nagy-csiszar-janos-csiszar-janos","status":"publish","type":"product","link":"https:\/\/uj.adatbank.ro\/lexikon\/termek\/szilagyi-csiszar-janos-alias-nagy-csiszar-janos-csiszar-janos\/","title":{"rendered":"SZIL\u00c1GYI CSISZ\u00c1R J\u00e1nos, alias Nagy Csisz\u00e1r J\u00e1nos, Csisz\u00e1r J\u00e1nos"},"content":{"rendered":"<p>? \u2020?: csisz\u00e1rmester, v\u00e1rosb\u00edr\u00f3. \u2013 Mv.-i polg\u00e1r, csisz\u00e1rmester, esk\u00fcdt polg\u00e1r (1651, 1656\u201357, 1659), v\u00e1rosb\u00edr\u00f3 (1661, 1663, 1666, 1669, 1671, 1673, 1676, 1679). <br \/><strong>Irod.:<\/strong> Fodor\u2013Bal\u00e1s; Id\u0151t\u00e1r 1; Kraus: Erd\u00e9lyi kr\u00f3nika, P\u00e1l-Antal 2006; Szentgy\u00f6rgyi; SzOkl, 6.<\/br><\/p>\n","protected":false},"excerpt":{"rendered":"<p>? \u2020?: csisz\u00e1rmester, v\u00e1rosb\u00edr\u00f3. \u2013 Mv.-i polg\u00e1r, csisz\u00e1rmester, esk\u00fcdt polg\u00e1r (1651, 1656\u201357, 1659), v\u00e1rosb\u00edr\u00f3 (1661, 1663, 1666, 1669, 1671, 1673, 1676, 1679). Irod.: Fodor\u2013Bal\u00e1s; Id\u0151t\u00e1r 1; Kraus: Erd\u00e9lyi kr\u00f3nika, P\u00e1l-Antal 2006; Szentgy\u00f6rgyi; SzOkl, 6.<\/p>\n","protected":false},"featured_media":0,"comment_status":"open","ping_status":"closed","template":"","meta":[],"product_brand":[],"product_cat":[137],"product_tag":[],"class_list":{"0":"post-22274","1":"product","2":"type-product","3":"status-publish","5":"product_cat-maros-megyei-eletrajzi-lexikon","7":"first","8":"instock","9":"shipping-taxable","10":"product-type-simple"},"_links":{"self":[{"href":"https:\/\/uj.adatbank.ro\/lexikon\/wp-json\/wp\/v2\/product\/22274","targetHints":{"allow":["GET"]}}],"collection":[{"href":"https:\/\/uj.adatbank.ro\/lexikon\/wp-json\/wp\/v2\/product"}],"about":[{"href":"https:\/\/uj.adatbank.ro\/lexikon\/wp-json\/wp\/v2\/types\/product"}],"replies":[{"embeddable":true,"href":"https:\/\/uj.adatbank.ro\/lexikon\/wp-json\/wp\/v2\/comments?post=22274"}],"wp:attachment":[{"href":"https:\/\/uj.adatbank.ro\/lexikon\/wp-json\/wp\/v2\/media?parent=22274"}],"wp:term":[{"taxonomy":"product_brand","embeddable":true,"href":"https:\/\/uj.adatbank.ro\/lexikon\/wp-json\/wp\/v2\/product_brand?post=22274"},{"taxonomy":"product_cat","embeddable":true,"href":"https:\/\/uj.adatbank.ro\/lexikon\/wp-json\/wp\/v2\/product_cat?post=22274"},{"taxonomy":"product_tag","embeddable":true,"href":"https:\/\/uj.adatbank.ro\/lexikon\/wp-json\/wp\/v2\/product_tag?post=22274"}],"curies":[{"name":"wp","href":"https:\/\/api.w.org\/{rel}","templated":true}]}}