{"id":22275,"date":"2025-07-22T19:55:15","date_gmt":"2025-07-22T17:55:15","guid":{"rendered":"https:\/\/uj.adatbank.ro\/lexikon\/termek\/szilagyi-daniel\/"},"modified":"2025-07-22T19:55:15","modified_gmt":"2025-07-22T17:55:15","slug":"szilagyi-daniel","status":"publish","type":"product","link":"https:\/\/uj.adatbank.ro\/lexikon\/termek\/szilagyi-daniel\/","title":{"rendered":"SZIL\u00c1GYI D\u00e1niel"},"content":{"rendered":"<p>\u00c1kosfalva? \u2020?: pap. \u2013 Tanult Mv.-en \u00e9s Franekerben (1730\u201333). Pap Mez\u0151b\u00e1ndon. \u2013 <strong><strong>F. m.<\/strong><\/strong>: Dissertatio theologico philologica, qua inquiritur, in veram &#038; genuinam baptismi \u2026 originem, quam \u2026 praeside \u2026 Hermanno Venema \u2026 publico examini subjicit auctor (Franequerae, 1732); Dissertatio theologico mistuca, qua inquiritur: partim in oeconomiam S.S. Trinitatis ad externam ecclesiac, sub variis temporum differentiis, administrationem relatam, partim vero in genuinum conspectum Israelitarum mysticum, relate ad ecclesiam N. T. quam \u2026 praeside \u2026 Hermanno Venema \u2026 publicae disquisitioni subjicit auctor (Franequerae, 1733). <br \/><strong>Irod.:<\/strong> RMK III\/ sz.; Szab\u00f3\u2013Sz\u00f6gi.<\/br><\/p>\n","protected":false},"excerpt":{"rendered":"<p>\u00c1kosfalva? \u2020?: pap. \u2013 Tanult Mv.-en \u00e9s Franekerben (1730\u201333). Pap Mez\u0151b\u00e1ndon. \u2013 F. m.: Dissertatio theologico philologica, qua inquiritur, in veram &#038; genuinam baptismi \u2026 originem, quam \u2026 praeside \u2026 Hermanno Venema \u2026 publico examini subjicit auctor (Franequerae, 1732); Dissertatio theologico mistuca, qua inquiritur: partim in oeconomiam S.S. Trinitatis ad externam ecclesiac, sub variis temporum [&hellip;]<\/p>\n","protected":false},"featured_media":0,"comment_status":"open","ping_status":"closed","template":"","meta":[],"product_brand":[],"product_cat":[137],"product_tag":[],"class_list":{"0":"post-22275","1":"product","2":"type-product","3":"status-publish","5":"product_cat-maros-megyei-eletrajzi-lexikon","7":"first","8":"instock","9":"shipping-taxable","10":"product-type-simple"},"_links":{"self":[{"href":"https:\/\/uj.adatbank.ro\/lexikon\/wp-json\/wp\/v2\/product\/22275","targetHints":{"allow":["GET"]}}],"collection":[{"href":"https:\/\/uj.adatbank.ro\/lexikon\/wp-json\/wp\/v2\/product"}],"about":[{"href":"https:\/\/uj.adatbank.ro\/lexikon\/wp-json\/wp\/v2\/types\/product"}],"replies":[{"embeddable":true,"href":"https:\/\/uj.adatbank.ro\/lexikon\/wp-json\/wp\/v2\/comments?post=22275"}],"wp:attachment":[{"href":"https:\/\/uj.adatbank.ro\/lexikon\/wp-json\/wp\/v2\/media?parent=22275"}],"wp:term":[{"taxonomy":"product_brand","embeddable":true,"href":"https:\/\/uj.adatbank.ro\/lexikon\/wp-json\/wp\/v2\/product_brand?post=22275"},{"taxonomy":"product_cat","embeddable":true,"href":"https:\/\/uj.adatbank.ro\/lexikon\/wp-json\/wp\/v2\/product_cat?post=22275"},{"taxonomy":"product_tag","embeddable":true,"href":"https:\/\/uj.adatbank.ro\/lexikon\/wp-json\/wp\/v2\/product_tag?post=22275"}],"curies":[{"name":"wp","href":"https:\/\/api.w.org\/{rel}","templated":true}]}}