{"id":22276,"date":"2025-07-22T19:55:16","date_gmt":"2025-07-22T17:55:16","guid":{"rendered":"https:\/\/uj.adatbank.ro\/lexikon\/termek\/szilagyi-daniel-2\/"},"modified":"2025-07-22T19:55:16","modified_gmt":"2025-07-22T17:55:16","slug":"szilagyi-daniel-2","status":"publish","type":"product","link":"https:\/\/uj.adatbank.ro\/lexikon\/termek\/szilagyi-daniel-2\/","title":{"rendered":"SZIL\u00c1GYI D\u00e1niel"},"content":{"rendered":"<p>? \u2020?: lev\u00e9lt\u00e1ros, p\u00e9nzt\u00e1ros. \u2013 A v\u00e1rosi lev\u00e9lt\u00e1rban dolgozott (1811?\u201316; 1820\u201322). A lev\u00e9lt\u00e1rba bet\u00f6rtek \u00e9s az ott \u0151rz\u00f6tt nemes-f\u00e9m t\u00e1rgyakat elvitt\u00e9k az iratokat \u00f6sszeh\u00e1nyt\u00e1k (1813). Sikeresen fejezte be a v\u00e1ros lev\u00e9lt\u00e1r\u00e1nak rendez\u00e9s\u00e9t, amit Vir\u00e1g D\u00e1niel kezdett el. Elk\u00e9sz\u00edtette a k\u00f6zigazgat\u00e1si iratok mutat\u00f3j\u00e1t (1470\u20131635); folytatta \u00e9s befejezte a k\u00f6zigazgat\u00e1si (1790\u20131816), a peres iratok (1785 \u2013 1816), valamint a f\u0151korm\u00e1nysz\u00e9ki rendeletek mutat\u00f3inak elk\u00e9sz\u00edt\u00e9s\u00e9t (1772\u20131790). Ut\u00f3da \u00c1ts J\u00f3zsef szak\u00e9rtelem \u00e9s j\u00e1rtass\u00e1g hi\u00e1ny\u00e1ban nem tudta a munk\u00e1t folytatni, ez\u00e9rt a lev\u00e9lt\u00e1r vezet\u00e9s\u00e9vel k\u00e9s\u0151bb is \u00fajra megb\u00edzt\u00e1k (1820\u201322). Abban az id\u0151szakban fejezte be az \u00e1ltala kor\u00e1bban megkezdett munk\u00e1t, de akkor is elmaradt az allodi\u00e1lis \u00e9s peres iratok lajstromoz\u00e1sa (1817\u201322). Ennek ellen\u00e9re az \u0151 \u00e9s a Vir\u00e1g D\u00e1niel nev\u00e9hez f\u0171z\u0151dik Mv. lev\u00e9lt\u00e1r\u00e1nak mintegy negyvenezer irat\u00e1nak korszer\u0171 rendez\u00e9se \u00e9s fellelt\u00e1roz\u00e1sa (befejezt\u00e9k 1824), valamint a lev\u00e9lt\u00e1r hivatali \u00fcgyvitel\u00e9nek kialak\u00edt\u00e1sa. A tan\u00e1cs\u00fcl\u00e9sek jegyz\u0151k\u00f6nyveit is \u00e1tm\u00e1solt\u00e1k, kijav\u00edtott\u00e1k \u00e9s bek\u00f6ttett\u00e9k, \u00fagy helyezt\u00e9k el a lev\u00e9lt\u00e1rban. Ma is bizalommal haszn\u00e1lhat\u00f3k. Iratt\u00e1ros volt (1822\u2013). Kebli p\u00e9nzt\u00e1rnok (1825\u2013). Mv. V\u00e1rosi tan\u00e1cs\u00e1nak tagja (1847). <br \/><strong>Irod.:<\/strong> Id\u0151t\u00e1r 1, P\u00e1l-Antal 2009; Szab\u00f3 Mikl\u00f3s.<\/br><\/p>\n","protected":false},"excerpt":{"rendered":"<p>? \u2020?: lev\u00e9lt\u00e1ros, p\u00e9nzt\u00e1ros. \u2013 A v\u00e1rosi lev\u00e9lt\u00e1rban dolgozott (1811?\u201316; 1820\u201322). A lev\u00e9lt\u00e1rba bet\u00f6rtek \u00e9s az ott \u0151rz\u00f6tt nemes-f\u00e9m t\u00e1rgyakat elvitt\u00e9k az iratokat \u00f6sszeh\u00e1nyt\u00e1k (1813). Sikeresen fejezte be a v\u00e1ros lev\u00e9lt\u00e1r\u00e1nak rendez\u00e9s\u00e9t, amit Vir\u00e1g D\u00e1niel kezdett el. Elk\u00e9sz\u00edtette a k\u00f6zigazgat\u00e1si iratok mutat\u00f3j\u00e1t (1470\u20131635); folytatta \u00e9s befejezte a k\u00f6zigazgat\u00e1si (1790\u20131816), a peres iratok (1785 \u2013 1816), [&hellip;]<\/p>\n","protected":false},"featured_media":0,"comment_status":"open","ping_status":"closed","template":"","meta":[],"product_brand":[],"product_cat":[137],"product_tag":[],"class_list":{"0":"post-22276","1":"product","2":"type-product","3":"status-publish","5":"product_cat-maros-megyei-eletrajzi-lexikon","7":"first","8":"instock","9":"shipping-taxable","10":"product-type-simple"},"_links":{"self":[{"href":"https:\/\/uj.adatbank.ro\/lexikon\/wp-json\/wp\/v2\/product\/22276","targetHints":{"allow":["GET"]}}],"collection":[{"href":"https:\/\/uj.adatbank.ro\/lexikon\/wp-json\/wp\/v2\/product"}],"about":[{"href":"https:\/\/uj.adatbank.ro\/lexikon\/wp-json\/wp\/v2\/types\/product"}],"replies":[{"embeddable":true,"href":"https:\/\/uj.adatbank.ro\/lexikon\/wp-json\/wp\/v2\/comments?post=22276"}],"wp:attachment":[{"href":"https:\/\/uj.adatbank.ro\/lexikon\/wp-json\/wp\/v2\/media?parent=22276"}],"wp:term":[{"taxonomy":"product_brand","embeddable":true,"href":"https:\/\/uj.adatbank.ro\/lexikon\/wp-json\/wp\/v2\/product_brand?post=22276"},{"taxonomy":"product_cat","embeddable":true,"href":"https:\/\/uj.adatbank.ro\/lexikon\/wp-json\/wp\/v2\/product_cat?post=22276"},{"taxonomy":"product_tag","embeddable":true,"href":"https:\/\/uj.adatbank.ro\/lexikon\/wp-json\/wp\/v2\/product_tag?post=22276"}],"curies":[{"name":"wp","href":"https:\/\/api.w.org\/{rel}","templated":true}]}}