{"id":22278,"date":"2025-07-22T19:55:21","date_gmt":"2025-07-22T17:55:21","guid":{"rendered":"https:\/\/uj.adatbank.ro\/lexikon\/termek\/szilagyi-dezso-szilagysomlyoi\/"},"modified":"2025-07-22T19:55:21","modified_gmt":"2025-07-22T17:55:21","slug":"szilagyi-dezso-szilagysomlyoi","status":"publish","type":"product","link":"https:\/\/uj.adatbank.ro\/lexikon\/termek\/szilagyi-dezso-szilagysomlyoi\/","title":{"rendered":"SZIL\u00c1GYI Dezs\u0151, szil\u00e1gysomly\u00f3i"},"content":{"rendered":"<p>Miskolc, 1865. nov. 12., \u2020 Mv., 1933. m\u00e1j. 18.: sz\u00edn\u00e9sz, sz\u00ednh\u00e1zigazgat\u00f3. \u2013 Nagyapja Sz. P\u00e1l az \u00fatt\u00f6r\u0151 sz\u00edn\u00e9szek egyike. Sz. B\u00e9la sz\u00ednigazgat\u00f3 \u00e9s V\u00edgh R\u00f3za \u00e9nekesn\u0151 fia. Testv\u00e9rei: Sz. Alad\u00e1r; G\u00e9za; Erzs\u00e9bet dr. Mell\u00e9ky G\u00e9z\u00e1n\u00e9; Ilona; J\u00falia. Feles\u00e9ge: Folyt\u00e9nyi R\u00f3za. Gyermekeik: Sz. Erzs\u00e9bet Dvor\u00e1tsek Antaln\u00e9; dr. Sz. Dezs\u0151, feles\u00e9ge Keleti Anna; dr. Sz. P\u00e1l. Mv.-en, apja Sz. B\u00e9la t\u00e1rs.-n\u00e1l kezdte p\u00e1ly\u00e1j\u00e1t (1883\u2013), Harminc\u00e9vi \u00f6r\u00f6k\u00f6s v\u00e1ndorl\u00e1ssal megj\u00e1rta Mo. \u00f6sszes nagy \u00e9s kis v\u00e1rosait. T\u00e1rsulat\u00e1val Miskolcon, Ungv\u00e1rott, Szatm\u00e1ron, Zilahon is j\u00e1tszott K\u00f6zben sz\u00ednigazgat\u00f3k\u00e9nt m\u0171k\u00f6d\u00f6tt (1902\u201312), Az els\u0151 erd\u00e9lyi sz\u00edniker\u00fclet igazgat\u00f3ja (1908\u2013). Mv.-en j\u00e1tszott t\u00e1rsulat\u00e1val (1910). Visszavonult 10 \u00e9vi igazgat\u00e1sb\u00f3l, mert az erd\u00e9lyi sz\u00edniker\u00fclet felbomlott (1912), Mv.-en v\u00e1rosi tisztvisel\u0151 volt (1912\u201322) ahonnan nyugd\u00edjazt\u00e1k. Az I. vh. kezdet\u00e9n Bern\u00e1dy polg\u00e1rmester a v\u00e1rosi polg\u00e1rok meg\u00e9lhet\u00e9s\u00e9t akarta seg\u00edteni, k\u00e9rte a tehet\u0151sebbeket, hogy adakozzanak, Sz. D. volt az els\u0151 felaj\u00e1nl\u00f3. \u00cdrt humoros sz\u00edn\u00e9sz hist\u00f3ri\u00e1kat, hazafias verseket. <br \/><strong>Irod.:<\/strong> Bern\u00e1dy; Gy\u00e1szjelent\u0151; Id\u0151t\u00e1r 2; MSZL; Sch\u00f6pflin; (Sz\u00e9kely Ellenz\u00e9k, 1908).<\/br><\/p>\n","protected":false},"excerpt":{"rendered":"<p>Miskolc, 1865. nov. 12., \u2020 Mv., 1933. m\u00e1j. 18.: sz\u00edn\u00e9sz, sz\u00ednh\u00e1zigazgat\u00f3. \u2013 Nagyapja Sz. P\u00e1l az \u00fatt\u00f6r\u0151 sz\u00edn\u00e9szek egyike. Sz. B\u00e9la sz\u00ednigazgat\u00f3 \u00e9s V\u00edgh R\u00f3za \u00e9nekesn\u0151 fia. Testv\u00e9rei: Sz. Alad\u00e1r; G\u00e9za; Erzs\u00e9bet dr. Mell\u00e9ky G\u00e9z\u00e1n\u00e9; Ilona; J\u00falia. Feles\u00e9ge: Folyt\u00e9nyi R\u00f3za. Gyermekeik: Sz. Erzs\u00e9bet Dvor\u00e1tsek Antaln\u00e9; dr. Sz. Dezs\u0151, feles\u00e9ge Keleti Anna; dr. Sz. P\u00e1l. Mv.-en, [&hellip;]<\/p>\n","protected":false},"featured_media":0,"comment_status":"open","ping_status":"closed","template":"","meta":[],"product_brand":[],"product_cat":[137],"product_tag":[],"class_list":{"0":"post-22278","1":"product","2":"type-product","3":"status-publish","5":"product_cat-maros-megyei-eletrajzi-lexikon","7":"first","8":"instock","9":"shipping-taxable","10":"product-type-simple"},"_links":{"self":[{"href":"https:\/\/uj.adatbank.ro\/lexikon\/wp-json\/wp\/v2\/product\/22278","targetHints":{"allow":["GET"]}}],"collection":[{"href":"https:\/\/uj.adatbank.ro\/lexikon\/wp-json\/wp\/v2\/product"}],"about":[{"href":"https:\/\/uj.adatbank.ro\/lexikon\/wp-json\/wp\/v2\/types\/product"}],"replies":[{"embeddable":true,"href":"https:\/\/uj.adatbank.ro\/lexikon\/wp-json\/wp\/v2\/comments?post=22278"}],"wp:attachment":[{"href":"https:\/\/uj.adatbank.ro\/lexikon\/wp-json\/wp\/v2\/media?parent=22278"}],"wp:term":[{"taxonomy":"product_brand","embeddable":true,"href":"https:\/\/uj.adatbank.ro\/lexikon\/wp-json\/wp\/v2\/product_brand?post=22278"},{"taxonomy":"product_cat","embeddable":true,"href":"https:\/\/uj.adatbank.ro\/lexikon\/wp-json\/wp\/v2\/product_cat?post=22278"},{"taxonomy":"product_tag","embeddable":true,"href":"https:\/\/uj.adatbank.ro\/lexikon\/wp-json\/wp\/v2\/product_tag?post=22278"}],"curies":[{"name":"wp","href":"https:\/\/api.w.org\/{rel}","templated":true}]}}