{"id":22279,"date":"2025-07-22T19:55:23","date_gmt":"2025-07-22T17:55:23","guid":{"rendered":"https:\/\/uj.adatbank.ro\/lexikon\/termek\/szilagyi-domokos\/"},"modified":"2025-07-22T19:55:23","modified_gmt":"2025-07-22T17:55:23","slug":"szilagyi-domokos","status":"publish","type":"product","link":"https:\/\/uj.adatbank.ro\/lexikon\/termek\/szilagyi-domokos\/","title":{"rendered":"SZIL\u00c1GYI Domokos"},"content":{"rendered":"<p>Kisadorj\u00e1n, 1926. szept. 21. \u2020?: tan\u00edt\u00f3. \u2013 A mv-i Helyi K\u00f6z\u00e9lelmez\u00e9si Tr\u00f6szt (TAPL) adminisztrat\u00edv oszt\u00e1ly\u00e1nak f\u0151n\u00f6ke. Mag\u00e1nokirat hamis\u00edt\u00e1s v\u00e1dj\u00e1val 6 h\u00f3napra felf\u00fcggesztett b\u00f6rt\u00f6nb\u00fcntet\u00e9sre \u00edt\u00e9lt\u00e9k. (1957), majd letart\u00f3ztatt\u00e1k (1963. \u00e1pr. 3) a n\u00e9pidemokratikus rendszerrel szemben ellens\u00e9ges tev\u00e9kenys\u00e9g\u00e9rt (1960\u201363) \u00e9s 3 \u00e9v b\u00f6rt\u00f6nre \u00edt\u00e9lt\u00e9k. \u2013 <strong>F. m.<\/strong>: Itt sz\u00fclettem, ez a haz\u00e1m. Sz\u00e1mok, esem\u00e9nyek, szok\u00e1sok Kisadorj\u00e1n t\u00f6rt\u00e9net\u00e9b\u0151l (1567\u20132010. (Cs\u00edkszereda, 2012). <br \/><strong>Irod.:<\/strong> 1956 Erd\u00e9lyben; \u00c1ldozatok.<\/br><\/p>\n","protected":false},"excerpt":{"rendered":"<p>Kisadorj\u00e1n, 1926. szept. 21. \u2020?: tan\u00edt\u00f3. \u2013 A mv-i Helyi K\u00f6z\u00e9lelmez\u00e9si Tr\u00f6szt (TAPL) adminisztrat\u00edv oszt\u00e1ly\u00e1nak f\u0151n\u00f6ke. Mag\u00e1nokirat hamis\u00edt\u00e1s v\u00e1dj\u00e1val 6 h\u00f3napra felf\u00fcggesztett b\u00f6rt\u00f6nb\u00fcntet\u00e9sre \u00edt\u00e9lt\u00e9k. (1957), majd letart\u00f3ztatt\u00e1k (1963. \u00e1pr. 3) a n\u00e9pidemokratikus rendszerrel szemben ellens\u00e9ges tev\u00e9kenys\u00e9g\u00e9rt (1960\u201363) \u00e9s 3 \u00e9v b\u00f6rt\u00f6nre \u00edt\u00e9lt\u00e9k. \u2013 F. m.: Itt sz\u00fclettem, ez a haz\u00e1m. Sz\u00e1mok, esem\u00e9nyek, szok\u00e1sok Kisadorj\u00e1n t\u00f6rt\u00e9net\u00e9b\u0151l [&hellip;]<\/p>\n","protected":false},"featured_media":0,"comment_status":"open","ping_status":"closed","template":"","meta":[],"product_brand":[],"product_cat":[137],"product_tag":[],"class_list":{"0":"post-22279","1":"product","2":"type-product","3":"status-publish","5":"product_cat-maros-megyei-eletrajzi-lexikon","7":"first","8":"instock","9":"shipping-taxable","10":"product-type-simple"},"_links":{"self":[{"href":"https:\/\/uj.adatbank.ro\/lexikon\/wp-json\/wp\/v2\/product\/22279","targetHints":{"allow":["GET"]}}],"collection":[{"href":"https:\/\/uj.adatbank.ro\/lexikon\/wp-json\/wp\/v2\/product"}],"about":[{"href":"https:\/\/uj.adatbank.ro\/lexikon\/wp-json\/wp\/v2\/types\/product"}],"replies":[{"embeddable":true,"href":"https:\/\/uj.adatbank.ro\/lexikon\/wp-json\/wp\/v2\/comments?post=22279"}],"wp:attachment":[{"href":"https:\/\/uj.adatbank.ro\/lexikon\/wp-json\/wp\/v2\/media?parent=22279"}],"wp:term":[{"taxonomy":"product_brand","embeddable":true,"href":"https:\/\/uj.adatbank.ro\/lexikon\/wp-json\/wp\/v2\/product_brand?post=22279"},{"taxonomy":"product_cat","embeddable":true,"href":"https:\/\/uj.adatbank.ro\/lexikon\/wp-json\/wp\/v2\/product_cat?post=22279"},{"taxonomy":"product_tag","embeddable":true,"href":"https:\/\/uj.adatbank.ro\/lexikon\/wp-json\/wp\/v2\/product_tag?post=22279"}],"curies":[{"name":"wp","href":"https:\/\/api.w.org\/{rel}","templated":true}]}}