{"id":22280,"date":"2025-07-22T19:55:24","date_gmt":"2025-07-22T17:55:24","guid":{"rendered":"https:\/\/uj.adatbank.ro\/lexikon\/termek\/szilagyi-domokos-dr\/"},"modified":"2025-07-22T19:55:24","modified_gmt":"2025-07-22T17:55:24","slug":"szilagyi-domokos-dr","status":"publish","type":"product","link":"https:\/\/uj.adatbank.ro\/lexikon\/termek\/szilagyi-domokos-dr\/","title":{"rendered":"SZIL\u00c1GYI Domokos, dr."},"content":{"rendered":"<p>1925? \u2020\u00a0Mv., 1990. m\u00e1j. 20.: orvos. \u2013 Egyetemi tan\u00e1rseg\u00e9d a MOGYI-n, orvos a Fert\u0151z\u0151betegs\u00e9gek Klinik\u00e1j\u00e1n Mv.-en, majd Dics\u0151szentm\u00e1rtonban, Sz\u00e1szr\u00e9genben f\u0151orvos. \u2013 <strong>F. m.<\/strong>: t\u00e1rssz: \u00c9lettani jegyzet. 1\u20133 k\u00f6t. (Szab\u00f3 Istv\u00e1n, D\u00e9si Zolt\u00e1nnal, Mv., 1954\u20131955, 1957). <br \/><strong>Irod.:<\/strong> [Nekrol\u00f3g] (N\u00fa., 1990. m\u00e1j. 23.); P\u00e9ter; Todea.<\/br><\/p>\n","protected":false},"excerpt":{"rendered":"<p>1925? \u2020\u00a0Mv., 1990. m\u00e1j. 20.: orvos. \u2013 Egyetemi tan\u00e1rseg\u00e9d a MOGYI-n, orvos a Fert\u0151z\u0151betegs\u00e9gek Klinik\u00e1j\u00e1n Mv.-en, majd Dics\u0151szentm\u00e1rtonban, Sz\u00e1szr\u00e9genben f\u0151orvos. \u2013 F. m.: t\u00e1rssz: \u00c9lettani jegyzet. 1\u20133 k\u00f6t. (Szab\u00f3 Istv\u00e1n, D\u00e9si Zolt\u00e1nnal, Mv., 1954\u20131955, 1957). Irod.: [Nekrol\u00f3g] (N\u00fa., 1990. m\u00e1j. 23.); P\u00e9ter; Todea.<\/p>\n","protected":false},"featured_media":0,"comment_status":"open","ping_status":"closed","template":"","meta":[],"product_brand":[],"product_cat":[137],"product_tag":[],"class_list":{"0":"post-22280","1":"product","2":"type-product","3":"status-publish","5":"product_cat-maros-megyei-eletrajzi-lexikon","7":"first","8":"instock","9":"shipping-taxable","10":"product-type-simple"},"_links":{"self":[{"href":"https:\/\/uj.adatbank.ro\/lexikon\/wp-json\/wp\/v2\/product\/22280","targetHints":{"allow":["GET"]}}],"collection":[{"href":"https:\/\/uj.adatbank.ro\/lexikon\/wp-json\/wp\/v2\/product"}],"about":[{"href":"https:\/\/uj.adatbank.ro\/lexikon\/wp-json\/wp\/v2\/types\/product"}],"replies":[{"embeddable":true,"href":"https:\/\/uj.adatbank.ro\/lexikon\/wp-json\/wp\/v2\/comments?post=22280"}],"wp:attachment":[{"href":"https:\/\/uj.adatbank.ro\/lexikon\/wp-json\/wp\/v2\/media?parent=22280"}],"wp:term":[{"taxonomy":"product_brand","embeddable":true,"href":"https:\/\/uj.adatbank.ro\/lexikon\/wp-json\/wp\/v2\/product_brand?post=22280"},{"taxonomy":"product_cat","embeddable":true,"href":"https:\/\/uj.adatbank.ro\/lexikon\/wp-json\/wp\/v2\/product_cat?post=22280"},{"taxonomy":"product_tag","embeddable":true,"href":"https:\/\/uj.adatbank.ro\/lexikon\/wp-json\/wp\/v2\/product_tag?post=22280"}],"curies":[{"name":"wp","href":"https:\/\/api.w.org\/{rel}","templated":true}]}}