{"id":22282,"date":"2025-07-22T19:55:30","date_gmt":"2025-07-22T17:55:30","guid":{"rendered":"https:\/\/uj.adatbank.ro\/lexikon\/termek\/szilagyi-erzsebet-%c2%a7-chovan-richardne\/"},"modified":"2025-07-22T19:55:30","modified_gmt":"2025-07-22T17:55:30","slug":"szilagyi-erzsebet-%c2%a7-chovan-richardne","status":"publish","type":"product","link":"https:\/\/uj.adatbank.ro\/lexikon\/termek\/szilagyi-erzsebet-%c2%a7-chovan-richardne\/","title":{"rendered":"SZIL\u00c1GYI Erzs\u00e9bet, \u00a7 Chov\u00e1n Rich\u00e1rdn\u00e9"},"content":{"rendered":"<p>1898. j\u00fal. 2., \u2020?: f\u00e9nyk\u00e9p\u00e9sz, \u00e9nekesn\u0151, \u00e9nektan\u00e1rn\u0151, sz\u00edn\u00e9szn\u0151. \u2013 Sz J\u00e1nos l\u00e1nya. \u2013 A mv.-i zeneiskol\u00e1ban, majd a r\u00f3mai Zeneakad\u00e9mi\u00e1n tanult. R\u00f3m\u00e1ban, az erd\u00e9lyi v\u00e1rosokban tartott dalesteket. Mv.-en gyakran fell\u00e9pett el\u0151ad\u00f3esteken, a KZST \u00f6sszej\u00f6vetelein, tan\u00edtott m\u0171kedvel\u0151ket. Hossz\u00fa ideig f\u00e9nyk\u00e9p\u00e9szeti m\u0171terme is volt Mv.-en, a korabeli \u00edr\u00f3kr\u00f3l k\u00e9sz\u00edtett j\u00f3 f\u00e9nyk\u00e9pfelv\u00e9teleket. Ut\u00f3dja Kiss Erzs\u00e9bet. Ki\u00e1ll\u00edtott a mv.-i T\u00e9li T\u00e1rlaton (1920). Bp.-re ment (1944). <br \/><strong>Irod.:<\/strong> Id\u0151t\u00e1r 3; Marosi Ildik\u00f3; Marosi-KZST; Sch\u00f6pflin; Sipos; T\u00f6r\u00f6k G\u00e1sp\u00e1r: Visszapillant\u00e1s a fot\u00f3m\u0171v\u00e9szet v\u00e1s\u00e1rhelyi el\u0151zm\u00e9nyeire (N\u00fa., M\u00fazsa, 302. sz., 1997. j\u00fal. 11.).<\/br><\/p>\n","protected":false},"excerpt":{"rendered":"<p>1898. j\u00fal. 2., \u2020?: f\u00e9nyk\u00e9p\u00e9sz, \u00e9nekesn\u0151, \u00e9nektan\u00e1rn\u0151, sz\u00edn\u00e9szn\u0151. \u2013 Sz J\u00e1nos l\u00e1nya. \u2013 A mv.-i zeneiskol\u00e1ban, majd a r\u00f3mai Zeneakad\u00e9mi\u00e1n tanult. R\u00f3m\u00e1ban, az erd\u00e9lyi v\u00e1rosokban tartott dalesteket. Mv.-en gyakran fell\u00e9pett el\u0151ad\u00f3esteken, a KZST \u00f6sszej\u00f6vetelein, tan\u00edtott m\u0171kedvel\u0151ket. Hossz\u00fa ideig f\u00e9nyk\u00e9p\u00e9szeti m\u0171terme is volt Mv.-en, a korabeli \u00edr\u00f3kr\u00f3l k\u00e9sz\u00edtett j\u00f3 f\u00e9nyk\u00e9pfelv\u00e9teleket. Ut\u00f3dja Kiss Erzs\u00e9bet. Ki\u00e1ll\u00edtott a mv.-i [&hellip;]<\/p>\n","protected":false},"featured_media":0,"comment_status":"open","ping_status":"closed","template":"","meta":[],"product_brand":[],"product_cat":[137],"product_tag":[],"class_list":{"0":"post-22282","1":"product","2":"type-product","3":"status-publish","5":"product_cat-maros-megyei-eletrajzi-lexikon","7":"first","8":"instock","9":"shipping-taxable","10":"product-type-simple"},"_links":{"self":[{"href":"https:\/\/uj.adatbank.ro\/lexikon\/wp-json\/wp\/v2\/product\/22282","targetHints":{"allow":["GET"]}}],"collection":[{"href":"https:\/\/uj.adatbank.ro\/lexikon\/wp-json\/wp\/v2\/product"}],"about":[{"href":"https:\/\/uj.adatbank.ro\/lexikon\/wp-json\/wp\/v2\/types\/product"}],"replies":[{"embeddable":true,"href":"https:\/\/uj.adatbank.ro\/lexikon\/wp-json\/wp\/v2\/comments?post=22282"}],"wp:attachment":[{"href":"https:\/\/uj.adatbank.ro\/lexikon\/wp-json\/wp\/v2\/media?parent=22282"}],"wp:term":[{"taxonomy":"product_brand","embeddable":true,"href":"https:\/\/uj.adatbank.ro\/lexikon\/wp-json\/wp\/v2\/product_brand?post=22282"},{"taxonomy":"product_cat","embeddable":true,"href":"https:\/\/uj.adatbank.ro\/lexikon\/wp-json\/wp\/v2\/product_cat?post=22282"},{"taxonomy":"product_tag","embeddable":true,"href":"https:\/\/uj.adatbank.ro\/lexikon\/wp-json\/wp\/v2\/product_tag?post=22282"}],"curies":[{"name":"wp","href":"https:\/\/api.w.org\/{rel}","templated":true}]}}