{"id":22283,"date":"2025-07-22T19:55:32","date_gmt":"2025-07-22T17:55:32","guid":{"rendered":"https:\/\/uj.adatbank.ro\/lexikon\/termek\/szilagyi-eugen\/"},"modified":"2025-07-22T19:55:32","modified_gmt":"2025-07-22T17:55:32","slug":"szilagyi-eugen","status":"publish","type":"product","link":"https:\/\/uj.adatbank.ro\/lexikon\/termek\/szilagyi-eugen\/","title":{"rendered":"SZIL\u00c1GYI Eugen"},"content":{"rendered":"<p>Kv., 1930. jan. 1., \u2020\u00a0Mv., 2005.: alezredes. \u2013 F\u0151hadnagy (1957), sz\u00e1zados (1959), \u00f6rnagy (1966), alezredes (1969). Mv.-en a Securitate Tartom\u00e1nyi Igazgat\u00f3s\u00e1g\u00e1n dolgozott (1950\u201368). Hargita Megyei Securitate alezredese (1968\u201369). Tartal\u00e9kba helyezt\u00e9k (1969. dec. 31.). <br \/><strong>Irod.:<\/strong> Bartos 2012. http: \/\/www.cnsas.ro\/documente\/cadrele_securitatii\/SZILAGYI%20EUGEN.pdf.<\/br><\/p>\n","protected":false},"excerpt":{"rendered":"<p>Kv., 1930. jan. 1., \u2020\u00a0Mv., 2005.: alezredes. \u2013 F\u0151hadnagy (1957), sz\u00e1zados (1959), \u00f6rnagy (1966), alezredes (1969). Mv.-en a Securitate Tartom\u00e1nyi Igazgat\u00f3s\u00e1g\u00e1n dolgozott (1950\u201368). Hargita Megyei Securitate alezredese (1968\u201369). Tartal\u00e9kba helyezt\u00e9k (1969. dec. 31.). Irod.: Bartos 2012. http: \/\/www.cnsas.ro\/documente\/cadrele_securitatii\/SZILAGYI%20EUGEN.pdf.<\/p>\n","protected":false},"featured_media":0,"comment_status":"open","ping_status":"closed","template":"","meta":[],"product_brand":[],"product_cat":[137],"product_tag":[],"class_list":{"0":"post-22283","1":"product","2":"type-product","3":"status-publish","5":"product_cat-maros-megyei-eletrajzi-lexikon","7":"first","8":"instock","9":"shipping-taxable","10":"product-type-simple"},"_links":{"self":[{"href":"https:\/\/uj.adatbank.ro\/lexikon\/wp-json\/wp\/v2\/product\/22283","targetHints":{"allow":["GET"]}}],"collection":[{"href":"https:\/\/uj.adatbank.ro\/lexikon\/wp-json\/wp\/v2\/product"}],"about":[{"href":"https:\/\/uj.adatbank.ro\/lexikon\/wp-json\/wp\/v2\/types\/product"}],"replies":[{"embeddable":true,"href":"https:\/\/uj.adatbank.ro\/lexikon\/wp-json\/wp\/v2\/comments?post=22283"}],"wp:attachment":[{"href":"https:\/\/uj.adatbank.ro\/lexikon\/wp-json\/wp\/v2\/media?parent=22283"}],"wp:term":[{"taxonomy":"product_brand","embeddable":true,"href":"https:\/\/uj.adatbank.ro\/lexikon\/wp-json\/wp\/v2\/product_brand?post=22283"},{"taxonomy":"product_cat","embeddable":true,"href":"https:\/\/uj.adatbank.ro\/lexikon\/wp-json\/wp\/v2\/product_cat?post=22283"},{"taxonomy":"product_tag","embeddable":true,"href":"https:\/\/uj.adatbank.ro\/lexikon\/wp-json\/wp\/v2\/product_tag?post=22283"}],"curies":[{"name":"wp","href":"https:\/\/api.w.org\/{rel}","templated":true}]}}