{"id":22284,"date":"2025-07-22T19:55:34","date_gmt":"2025-07-22T17:55:34","guid":{"rendered":"https:\/\/uj.adatbank.ro\/lexikon\/termek\/szilagyi-farkas-akosfalvi\/"},"modified":"2025-07-22T19:55:34","modified_gmt":"2025-07-22T17:55:34","slug":"szilagyi-farkas-akosfalvi","status":"publish","type":"product","link":"https:\/\/uj.adatbank.ro\/lexikon\/termek\/szilagyi-farkas-akosfalvi\/","title":{"rendered":"SZIL\u00c1GYI Farkas, \u00e1kosfalvi"},"content":{"rendered":"<p>1770., \u2020\u00a01812: f\u0151jegyz\u0151. \u2013 Marossz\u00e9k f\u0151jegyz\u0151je (1803\u201309). <br \/><strong>Irod.:<\/strong> Nagy Iv\u00e1n.<\/br><\/p>\n","protected":false},"excerpt":{"rendered":"<p>1770., \u2020\u00a01812: f\u0151jegyz\u0151. \u2013 Marossz\u00e9k f\u0151jegyz\u0151je (1803\u201309). Irod.: Nagy Iv\u00e1n.<\/p>\n","protected":false},"featured_media":0,"comment_status":"open","ping_status":"closed","template":"","meta":[],"product_brand":[],"product_cat":[137],"product_tag":[],"class_list":{"0":"post-22284","1":"product","2":"type-product","3":"status-publish","5":"product_cat-maros-megyei-eletrajzi-lexikon","7":"first","8":"instock","9":"shipping-taxable","10":"product-type-simple"},"_links":{"self":[{"href":"https:\/\/uj.adatbank.ro\/lexikon\/wp-json\/wp\/v2\/product\/22284","targetHints":{"allow":["GET"]}}],"collection":[{"href":"https:\/\/uj.adatbank.ro\/lexikon\/wp-json\/wp\/v2\/product"}],"about":[{"href":"https:\/\/uj.adatbank.ro\/lexikon\/wp-json\/wp\/v2\/types\/product"}],"replies":[{"embeddable":true,"href":"https:\/\/uj.adatbank.ro\/lexikon\/wp-json\/wp\/v2\/comments?post=22284"}],"wp:attachment":[{"href":"https:\/\/uj.adatbank.ro\/lexikon\/wp-json\/wp\/v2\/media?parent=22284"}],"wp:term":[{"taxonomy":"product_brand","embeddable":true,"href":"https:\/\/uj.adatbank.ro\/lexikon\/wp-json\/wp\/v2\/product_brand?post=22284"},{"taxonomy":"product_cat","embeddable":true,"href":"https:\/\/uj.adatbank.ro\/lexikon\/wp-json\/wp\/v2\/product_cat?post=22284"},{"taxonomy":"product_tag","embeddable":true,"href":"https:\/\/uj.adatbank.ro\/lexikon\/wp-json\/wp\/v2\/product_tag?post=22284"}],"curies":[{"name":"wp","href":"https:\/\/api.w.org\/{rel}","templated":true}]}}