{"id":22285,"date":"2025-07-22T19:55:36","date_gmt":"2025-07-22T17:55:36","guid":{"rendered":"https:\/\/uj.adatbank.ro\/lexikon\/termek\/szilagyi-ferenc\/"},"modified":"2025-07-22T19:55:36","modified_gmt":"2025-07-22T17:55:36","slug":"szilagyi-ferenc","status":"publish","type":"product","link":"https:\/\/uj.adatbank.ro\/lexikon\/termek\/szilagyi-ferenc\/","title":{"rendered":"SZIL\u00c1GYI Ferenc"},"content":{"rendered":"<p>1849? \u2020\u00a0Mv., 1876. febr. 23.: fogalmaz\u00f3. Anyja: Tordai Erzs\u00e9bet. Feles\u00e9ge: \u2026 (?). Gyermekeik: Ferenc; Charlotte ref. lelk\u00e9sz Bocz Elekn\u00e9; R\u00f3za, J\u00f3zsef, Lajos, Eszter, Albert, Eliz. \u2013 Mv.-en m. kir. p\u00e9nz\u00fcgyi fogalmaz\u00f3. <br \/><strong>Irod.:<\/strong> Gy\u00e1szjelent\u0151.<\/br><\/p>\n","protected":false},"excerpt":{"rendered":"<p>1849? \u2020\u00a0Mv., 1876. febr. 23.: fogalmaz\u00f3. Anyja: Tordai Erzs\u00e9bet. Feles\u00e9ge: \u2026 (?). Gyermekeik: Ferenc; Charlotte ref. lelk\u00e9sz Bocz Elekn\u00e9; R\u00f3za, J\u00f3zsef, Lajos, Eszter, Albert, Eliz. \u2013 Mv.-en m. kir. p\u00e9nz\u00fcgyi fogalmaz\u00f3. Irod.: Gy\u00e1szjelent\u0151.<\/p>\n","protected":false},"featured_media":0,"comment_status":"open","ping_status":"closed","template":"","meta":[],"product_brand":[],"product_cat":[137],"product_tag":[],"class_list":{"0":"post-22285","1":"product","2":"type-product","3":"status-publish","5":"product_cat-maros-megyei-eletrajzi-lexikon","7":"first","8":"instock","9":"shipping-taxable","10":"product-type-simple"},"_links":{"self":[{"href":"https:\/\/uj.adatbank.ro\/lexikon\/wp-json\/wp\/v2\/product\/22285","targetHints":{"allow":["GET"]}}],"collection":[{"href":"https:\/\/uj.adatbank.ro\/lexikon\/wp-json\/wp\/v2\/product"}],"about":[{"href":"https:\/\/uj.adatbank.ro\/lexikon\/wp-json\/wp\/v2\/types\/product"}],"replies":[{"embeddable":true,"href":"https:\/\/uj.adatbank.ro\/lexikon\/wp-json\/wp\/v2\/comments?post=22285"}],"wp:attachment":[{"href":"https:\/\/uj.adatbank.ro\/lexikon\/wp-json\/wp\/v2\/media?parent=22285"}],"wp:term":[{"taxonomy":"product_brand","embeddable":true,"href":"https:\/\/uj.adatbank.ro\/lexikon\/wp-json\/wp\/v2\/product_brand?post=22285"},{"taxonomy":"product_cat","embeddable":true,"href":"https:\/\/uj.adatbank.ro\/lexikon\/wp-json\/wp\/v2\/product_cat?post=22285"},{"taxonomy":"product_tag","embeddable":true,"href":"https:\/\/uj.adatbank.ro\/lexikon\/wp-json\/wp\/v2\/product_tag?post=22285"}],"curies":[{"name":"wp","href":"https:\/\/api.w.org\/{rel}","templated":true}]}}