{"id":22286,"date":"2025-07-22T19:55:38","date_gmt":"2025-07-22T17:55:38","guid":{"rendered":"https:\/\/uj.adatbank.ro\/lexikon\/termek\/szilagyi-geza\/"},"modified":"2025-07-22T19:55:38","modified_gmt":"2025-07-22T17:55:38","slug":"szilagyi-geza","status":"publish","type":"product","link":"https:\/\/uj.adatbank.ro\/lexikon\/termek\/szilagyi-geza\/","title":{"rendered":"SZIL\u00c1GYI G\u00e9za"},"content":{"rendered":"<p>1877., \u2020?: tan\u00e1r. \u2013 Helyettes tan\u00e1r a mv.-i Ref. Koll.-ban (1902\u201304), a tanul\u00f3k k\u00f6nyvt\u00e1r\u00e1nak felel\u0151se (1902\u201304). <br \/><strong>Irod.:<\/strong> Mv. t\u00f6rt. 2.; Sebesty\u00e9n.<\/br><\/p>\n","protected":false},"excerpt":{"rendered":"<p>1877., \u2020?: tan\u00e1r. \u2013 Helyettes tan\u00e1r a mv.-i Ref. Koll.-ban (1902\u201304), a tanul\u00f3k k\u00f6nyvt\u00e1r\u00e1nak felel\u0151se (1902\u201304). Irod.: Mv. t\u00f6rt. 2.; Sebesty\u00e9n.<\/p>\n","protected":false},"featured_media":0,"comment_status":"open","ping_status":"closed","template":"","meta":[],"product_brand":[],"product_cat":[137],"product_tag":[],"class_list":{"0":"post-22286","1":"product","2":"type-product","3":"status-publish","5":"product_cat-maros-megyei-eletrajzi-lexikon","7":"first","8":"instock","9":"shipping-taxable","10":"product-type-simple"},"_links":{"self":[{"href":"https:\/\/uj.adatbank.ro\/lexikon\/wp-json\/wp\/v2\/product\/22286","targetHints":{"allow":["GET"]}}],"collection":[{"href":"https:\/\/uj.adatbank.ro\/lexikon\/wp-json\/wp\/v2\/product"}],"about":[{"href":"https:\/\/uj.adatbank.ro\/lexikon\/wp-json\/wp\/v2\/types\/product"}],"replies":[{"embeddable":true,"href":"https:\/\/uj.adatbank.ro\/lexikon\/wp-json\/wp\/v2\/comments?post=22286"}],"wp:attachment":[{"href":"https:\/\/uj.adatbank.ro\/lexikon\/wp-json\/wp\/v2\/media?parent=22286"}],"wp:term":[{"taxonomy":"product_brand","embeddable":true,"href":"https:\/\/uj.adatbank.ro\/lexikon\/wp-json\/wp\/v2\/product_brand?post=22286"},{"taxonomy":"product_cat","embeddable":true,"href":"https:\/\/uj.adatbank.ro\/lexikon\/wp-json\/wp\/v2\/product_cat?post=22286"},{"taxonomy":"product_tag","embeddable":true,"href":"https:\/\/uj.adatbank.ro\/lexikon\/wp-json\/wp\/v2\/product_tag?post=22286"}],"curies":[{"name":"wp","href":"https:\/\/api.w.org\/{rel}","templated":true}]}}