{"id":22288,"date":"2025-07-22T19:55:42","date_gmt":"2025-07-22T17:55:42","guid":{"rendered":"https:\/\/uj.adatbank.ro\/lexikon\/termek\/szilagyi-gyorgy\/"},"modified":"2025-07-22T19:55:42","modified_gmt":"2025-07-22T17:55:42","slug":"szilagyi-gyorgy","status":"publish","type":"product","link":"https:\/\/uj.adatbank.ro\/lexikon\/termek\/szilagyi-gyorgy\/","title":{"rendered":"SZIL\u00c1GYI Gy\u00f6rgy"},"content":{"rendered":"<p>Havadt\u0151, 1900., \u2020?: ref. lelk\u00e9sz \u00e1s tan\u00edt\u00f3. \u2013 K\u00f6z\u00e9piskol\u00e1it Nagyenyeden, a teol\u00f3gi\u00e1t Kv.-on v\u00e9gezte el, lelk\u00e9sz lett (1921), tan\u00edt\u00f3i oklevelet szerzett (1922). Hivat\u00e1s\u00e1t Kisily\u00e9n kezdte, ahol \u00e1ll\u00e1s\u00e1b\u00f3l felf\u00fcggesztett\u00e9k, Innen Nagykev\u00e9re, majd Sim\u00e9nfalv\u00e1ra ker\u00fclt (1925\u2013) mint ref. lelk\u00e9sz, ott mint tan\u00edt\u00f3 is m\u0171k\u00f6d\u00f6tt (1940\u2013). <br \/><strong>Irod.:<\/strong> Sz\u00e9kelyf\u00f6ld \u00ed. k.<\/br><\/p>\n","protected":false},"excerpt":{"rendered":"<p>Havadt\u0151, 1900., \u2020?: ref. lelk\u00e9sz \u00e1s tan\u00edt\u00f3. \u2013 K\u00f6z\u00e9piskol\u00e1it Nagyenyeden, a teol\u00f3gi\u00e1t Kv.-on v\u00e9gezte el, lelk\u00e9sz lett (1921), tan\u00edt\u00f3i oklevelet szerzett (1922). Hivat\u00e1s\u00e1t Kisily\u00e9n kezdte, ahol \u00e1ll\u00e1s\u00e1b\u00f3l felf\u00fcggesztett\u00e9k, Innen Nagykev\u00e9re, majd Sim\u00e9nfalv\u00e1ra ker\u00fclt (1925\u2013) mint ref. lelk\u00e9sz, ott mint tan\u00edt\u00f3 is m\u0171k\u00f6d\u00f6tt (1940\u2013). Irod.: Sz\u00e9kelyf\u00f6ld \u00ed. k.<\/p>\n","protected":false},"featured_media":0,"comment_status":"open","ping_status":"closed","template":"","meta":[],"product_brand":[],"product_cat":[137],"product_tag":[],"class_list":{"0":"post-22288","1":"product","2":"type-product","3":"status-publish","5":"product_cat-maros-megyei-eletrajzi-lexikon","7":"first","8":"instock","9":"shipping-taxable","10":"product-type-simple"},"_links":{"self":[{"href":"https:\/\/uj.adatbank.ro\/lexikon\/wp-json\/wp\/v2\/product\/22288","targetHints":{"allow":["GET"]}}],"collection":[{"href":"https:\/\/uj.adatbank.ro\/lexikon\/wp-json\/wp\/v2\/product"}],"about":[{"href":"https:\/\/uj.adatbank.ro\/lexikon\/wp-json\/wp\/v2\/types\/product"}],"replies":[{"embeddable":true,"href":"https:\/\/uj.adatbank.ro\/lexikon\/wp-json\/wp\/v2\/comments?post=22288"}],"wp:attachment":[{"href":"https:\/\/uj.adatbank.ro\/lexikon\/wp-json\/wp\/v2\/media?parent=22288"}],"wp:term":[{"taxonomy":"product_brand","embeddable":true,"href":"https:\/\/uj.adatbank.ro\/lexikon\/wp-json\/wp\/v2\/product_brand?post=22288"},{"taxonomy":"product_cat","embeddable":true,"href":"https:\/\/uj.adatbank.ro\/lexikon\/wp-json\/wp\/v2\/product_cat?post=22288"},{"taxonomy":"product_tag","embeddable":true,"href":"https:\/\/uj.adatbank.ro\/lexikon\/wp-json\/wp\/v2\/product_tag?post=22288"}],"curies":[{"name":"wp","href":"https:\/\/api.w.org\/{rel}","templated":true}]}}