{"id":22289,"date":"2025-07-22T19:55:44","date_gmt":"2025-07-22T17:55:44","guid":{"rendered":"https:\/\/uj.adatbank.ro\/lexikon\/termek\/szilagyi-gyorgy-2\/"},"modified":"2025-07-22T19:55:44","modified_gmt":"2025-07-22T17:55:44","slug":"szilagyi-gyorgy-2","status":"publish","type":"product","link":"https:\/\/uj.adatbank.ro\/lexikon\/termek\/szilagyi-gyorgy-2\/","title":{"rendered":"SZIL\u00c1GYI Gy\u00f6rgy"},"content":{"rendered":"<p>1929.? \u2020 Mv., 1999. \u00e1pr. 23.\u00a0Cs\u00edktapolc\u00e1n temett\u00e9k: k\u00f6nyvt\u00e1ros. \u2013 A mv.-i M\u0171v\u00e9szeti L\u00edc. k\u00f6nyvt\u00e1rosa. <br \/><strong>Irod.:<\/strong> [Nekrol\u00f3g] (N\u00fa., 1999. \u00e1pr. 24.).<\/br><\/p>\n","protected":false},"excerpt":{"rendered":"<p>1929.? \u2020 Mv., 1999. \u00e1pr. 23.\u00a0Cs\u00edktapolc\u00e1n temett\u00e9k: k\u00f6nyvt\u00e1ros. \u2013 A mv.-i M\u0171v\u00e9szeti L\u00edc. k\u00f6nyvt\u00e1rosa. Irod.: [Nekrol\u00f3g] (N\u00fa., 1999. \u00e1pr. 24.).<\/p>\n","protected":false},"featured_media":0,"comment_status":"open","ping_status":"closed","template":"","meta":[],"product_brand":[],"product_cat":[137],"product_tag":[],"class_list":{"0":"post-22289","1":"product","2":"type-product","3":"status-publish","5":"product_cat-maros-megyei-eletrajzi-lexikon","7":"first","8":"instock","9":"shipping-taxable","10":"product-type-simple"},"_links":{"self":[{"href":"https:\/\/uj.adatbank.ro\/lexikon\/wp-json\/wp\/v2\/product\/22289","targetHints":{"allow":["GET"]}}],"collection":[{"href":"https:\/\/uj.adatbank.ro\/lexikon\/wp-json\/wp\/v2\/product"}],"about":[{"href":"https:\/\/uj.adatbank.ro\/lexikon\/wp-json\/wp\/v2\/types\/product"}],"replies":[{"embeddable":true,"href":"https:\/\/uj.adatbank.ro\/lexikon\/wp-json\/wp\/v2\/comments?post=22289"}],"wp:attachment":[{"href":"https:\/\/uj.adatbank.ro\/lexikon\/wp-json\/wp\/v2\/media?parent=22289"}],"wp:term":[{"taxonomy":"product_brand","embeddable":true,"href":"https:\/\/uj.adatbank.ro\/lexikon\/wp-json\/wp\/v2\/product_brand?post=22289"},{"taxonomy":"product_cat","embeddable":true,"href":"https:\/\/uj.adatbank.ro\/lexikon\/wp-json\/wp\/v2\/product_cat?post=22289"},{"taxonomy":"product_tag","embeddable":true,"href":"https:\/\/uj.adatbank.ro\/lexikon\/wp-json\/wp\/v2\/product_tag?post=22289"}],"curies":[{"name":"wp","href":"https:\/\/api.w.org\/{rel}","templated":true}]}}