{"id":2229,"date":"2025-06-28T12:07:40","date_gmt":"2025-06-28T10:07:40","guid":{"rendered":"https:\/\/uj.adatbank.ro\/lexikon\/termek\/banyai-bela-banyay-bela\/"},"modified":"2025-06-28T12:07:40","modified_gmt":"2025-06-28T10:07:40","slug":"banyai-bela-banyay-bela","status":"publish","type":"product","link":"https:\/\/uj.adatbank.ro\/lexikon\/termek\/banyai-bela-banyay-bela\/","title":{"rendered":"B\u00c1NYAI B\u00e9la, B\u00e1nyay B\u00e9la"},"content":{"rendered":"<p>? \u2020 Mv, 1928 k.: m\u00e9sz\u00e1rosmester. \u2013 Feles\u00e9ge: V\u00e1rady Ilona (\u2020 1938. j\u00fan. 15). Gyermekeik: B. B\u00e9la, feles\u00e9ge\u00a0Szil\u00e1gyi Erzs\u00e9bet; B. Jen\u0151, feles\u00e9ge Dacz\u00f3 Ilona; B. Zolt\u00e1n, feles\u00e9ge Horv\u00e1th Ilona; B. Ern\u0151, feles\u00e9ge Hochmal M\u00e1lvin; Iluska dr. Magassy Jen\u0151n\u00e9; B. Lajos; B. Andor, B. L\u00e1szl\u00f3, B. \u00d6d\u00f6n, m. kir. 5. t\u00e1bori honv\u00e9d f\u0151t\u0171z\u00e9r egy\u00e9ves \u00f6nk\u00e9ntese (1895 \u2013 Mv., 1917. jan. 30.). \u2013 A mv.-i M\u00e9sz\u00e1rosok Ipart\u00e1rsulat vezet\u0151s\u00e9gi tagja. H\u00e1za Mv.-en \u201eB\u201d kateg\u00f3ri\u00e1s m\u0171eml\u00e9k (\u00e9p\u00fclt 1904-07, P\u0163a. Trandafirilor \/ F\u0151t\u00e9r 12. sz.), a Toldalagi-palota szomsz\u00e9ds\u00e1g\u00e1ban. Tervez\u0151je Nagy Gy\u0151z\u0151 m\u00e9rn\u0151k, kivitelez\u0151je So\u00f3s P\u00e1l \u00e9p\u00edt\u0151mester. Az udvar\u00e1n volt a h\u00edres \u00c9des lyuk vend\u00e9gl\u0151, mely flekken\u00e9r\u0151l \u00e9s her\u00e1nytok\u00e1ny\u00e1r\u00f3l volt h\u00edres. Bern\u00e1dy Gy\u00f6rgy is lakott a h\u00e1zban. (1936\u201337). \u2013 Irod: Gy\u00e1szjelent\u0151; Id\u0151t\u00e1r 2; [Nekrol\u00f3g] (Reggeli \u00dajs\u00e1g, 1938. j\u00fan. 17.); Orb\u00e1n-Oniga; T\u00eergu Mure\u015f; Valori mure\u015fene de patrimoniu<\/br><\/p>\n","protected":false},"excerpt":{"rendered":"<p>? \u2020 Mv, 1928 k.: m\u00e9sz\u00e1rosmester. \u2013 Feles\u00e9ge: V\u00e1rady Ilona (\u2020 1938. j\u00fan. 15). Gyermekeik: B. B\u00e9la, feles\u00e9ge\u00a0Szil\u00e1gyi Erzs\u00e9bet; B. Jen\u0151, feles\u00e9ge Dacz\u00f3 Ilona; B. Zolt\u00e1n, feles\u00e9ge Horv\u00e1th Ilona; B. Ern\u0151, feles\u00e9ge Hochmal M\u00e1lvin; Iluska dr. Magassy Jen\u0151n\u00e9; B. Lajos; B. Andor, B. L\u00e1szl\u00f3, B. \u00d6d\u00f6n, m. kir. 5. t\u00e1bori honv\u00e9d f\u0151t\u0171z\u00e9r egy\u00e9ves \u00f6nk\u00e9ntese (1895 [&hellip;]<\/p>\n","protected":false},"featured_media":0,"comment_status":"open","ping_status":"closed","template":"","meta":[],"product_brand":[],"product_cat":[137],"product_tag":[],"class_list":{"0":"post-2229","1":"product","2":"type-product","3":"status-publish","5":"product_cat-maros-megyei-eletrajzi-lexikon","7":"first","8":"instock","9":"shipping-taxable","10":"product-type-simple"},"_links":{"self":[{"href":"https:\/\/uj.adatbank.ro\/lexikon\/wp-json\/wp\/v2\/product\/2229","targetHints":{"allow":["GET"]}}],"collection":[{"href":"https:\/\/uj.adatbank.ro\/lexikon\/wp-json\/wp\/v2\/product"}],"about":[{"href":"https:\/\/uj.adatbank.ro\/lexikon\/wp-json\/wp\/v2\/types\/product"}],"replies":[{"embeddable":true,"href":"https:\/\/uj.adatbank.ro\/lexikon\/wp-json\/wp\/v2\/comments?post=2229"}],"wp:attachment":[{"href":"https:\/\/uj.adatbank.ro\/lexikon\/wp-json\/wp\/v2\/media?parent=2229"}],"wp:term":[{"taxonomy":"product_brand","embeddable":true,"href":"https:\/\/uj.adatbank.ro\/lexikon\/wp-json\/wp\/v2\/product_brand?post=2229"},{"taxonomy":"product_cat","embeddable":true,"href":"https:\/\/uj.adatbank.ro\/lexikon\/wp-json\/wp\/v2\/product_cat?post=2229"},{"taxonomy":"product_tag","embeddable":true,"href":"https:\/\/uj.adatbank.ro\/lexikon\/wp-json\/wp\/v2\/product_tag?post=2229"}],"curies":[{"name":"wp","href":"https:\/\/api.w.org\/{rel}","templated":true}]}}