{"id":22290,"date":"2025-07-22T19:55:46","date_gmt":"2025-07-22T17:55:46","guid":{"rendered":"https:\/\/uj.adatbank.ro\/lexikon\/termek\/szilagyi-gyula\/"},"modified":"2025-07-22T19:55:46","modified_gmt":"2025-07-22T17:55:46","slug":"szilagyi-gyula","status":"publish","type":"product","link":"https:\/\/uj.adatbank.ro\/lexikon\/termek\/szilagyi-gyula\/","title":{"rendered":"SZIL\u00c1GYI Gyula"},"content":{"rendered":"<p>D\u00e9s, 1894., \u2020\u00a0Mv., 1967: keresked\u0151, v\u00e1llalkoz\u00f3, kereskedelmi utaz\u00f3 Mv.-en. \u2013 Keresked\u0151, vend\u00e9gl\u0151s Mv.-en R\u00e9szt vett az els\u0151 vh.-ban (1914\u201318), az orosz, olasz \u00e9s a rom\u00e1n fronton harcolt, a Bucsin alatt megsebes\u00fclt. Tartal\u00e9kos \u0151rmester. Vit\u00e9zi avat\u00e1sa: 1944. febr. 28. Kit\u00fcntet\u00e9sekkel szerelt le a forradalom ut\u00e1n. A K\u00f6zponti Sz\u00e1lloda \u00e9s \u00c9tterem tulajdonosa (1921); Az Apoll\u00f3 mulat\u00f3 tulajdonosa (1928). <br \/><strong>Irod.:<\/strong> Berekm\u00e9ri\u2013Nemes; Erd\u00e9lyi ezredek, Id\u0151t\u00e1r 3.<\/br><\/p>\n","protected":false},"excerpt":{"rendered":"<p>D\u00e9s, 1894., \u2020\u00a0Mv., 1967: keresked\u0151, v\u00e1llalkoz\u00f3, kereskedelmi utaz\u00f3 Mv.-en. \u2013 Keresked\u0151, vend\u00e9gl\u0151s Mv.-en R\u00e9szt vett az els\u0151 vh.-ban (1914\u201318), az orosz, olasz \u00e9s a rom\u00e1n fronton harcolt, a Bucsin alatt megsebes\u00fclt. Tartal\u00e9kos \u0151rmester. Vit\u00e9zi avat\u00e1sa: 1944. febr. 28. Kit\u00fcntet\u00e9sekkel szerelt le a forradalom ut\u00e1n. A K\u00f6zponti Sz\u00e1lloda \u00e9s \u00c9tterem tulajdonosa (1921); Az Apoll\u00f3 mulat\u00f3 tulajdonosa [&hellip;]<\/p>\n","protected":false},"featured_media":0,"comment_status":"open","ping_status":"closed","template":"","meta":[],"product_brand":[],"product_cat":[137],"product_tag":[],"class_list":{"0":"post-22290","1":"product","2":"type-product","3":"status-publish","5":"product_cat-maros-megyei-eletrajzi-lexikon","7":"first","8":"instock","9":"shipping-taxable","10":"product-type-simple"},"_links":{"self":[{"href":"https:\/\/uj.adatbank.ro\/lexikon\/wp-json\/wp\/v2\/product\/22290","targetHints":{"allow":["GET"]}}],"collection":[{"href":"https:\/\/uj.adatbank.ro\/lexikon\/wp-json\/wp\/v2\/product"}],"about":[{"href":"https:\/\/uj.adatbank.ro\/lexikon\/wp-json\/wp\/v2\/types\/product"}],"replies":[{"embeddable":true,"href":"https:\/\/uj.adatbank.ro\/lexikon\/wp-json\/wp\/v2\/comments?post=22290"}],"wp:attachment":[{"href":"https:\/\/uj.adatbank.ro\/lexikon\/wp-json\/wp\/v2\/media?parent=22290"}],"wp:term":[{"taxonomy":"product_brand","embeddable":true,"href":"https:\/\/uj.adatbank.ro\/lexikon\/wp-json\/wp\/v2\/product_brand?post=22290"},{"taxonomy":"product_cat","embeddable":true,"href":"https:\/\/uj.adatbank.ro\/lexikon\/wp-json\/wp\/v2\/product_cat?post=22290"},{"taxonomy":"product_tag","embeddable":true,"href":"https:\/\/uj.adatbank.ro\/lexikon\/wp-json\/wp\/v2\/product_tag?post=22290"}],"curies":[{"name":"wp","href":"https:\/\/api.w.org\/{rel}","templated":true}]}}