{"id":22293,"date":"2025-07-22T19:55:54","date_gmt":"2025-07-22T17:55:54","guid":{"rendered":"https:\/\/uj.adatbank.ro\/lexikon\/termek\/szilagyi-imre\/"},"modified":"2025-07-22T19:55:54","modified_gmt":"2025-07-22T17:55:54","slug":"szilagyi-imre","status":"publish","type":"product","link":"https:\/\/uj.adatbank.ro\/lexikon\/termek\/szilagyi-imre\/","title":{"rendered":"SZIL\u00c1GYI Imre"},"content":{"rendered":"<p>Harc\u00f3, 1877., \u2020?: gazd\u00e1lkod\u00f3. \u2013. \u2013 Iskol\u00e1i elv\u00e9gz\u00e9se ut\u00e1n a sz\u00fcl\u0151i h\u00e1zn\u00e1l tanult gazd\u00e1lkodni, \u00f6n\u00e1ll\u00f3 lett (1922). V\u00e9gig k\u00fczd\u00f6tte az els\u0151 vh.-t a 22. gy. ezredben az orosz fronton, fogs\u00e1gba esett, ahol 5 \u00e9vet volt. Az EGE tagja, a ref. egyh\u00e1z gondnoka \u00e9s a k\u00f6zs\u00e9g b\u00edr\u00e1ja volt Harc\u00f3n. <br \/><strong>Irod.:<\/strong> Sz\u00e9kelyf\u00f6ld \u00ed. k.<\/br><\/p>\n","protected":false},"excerpt":{"rendered":"<p>Harc\u00f3, 1877., \u2020?: gazd\u00e1lkod\u00f3. \u2013. \u2013 Iskol\u00e1i elv\u00e9gz\u00e9se ut\u00e1n a sz\u00fcl\u0151i h\u00e1zn\u00e1l tanult gazd\u00e1lkodni, \u00f6n\u00e1ll\u00f3 lett (1922). V\u00e9gig k\u00fczd\u00f6tte az els\u0151 vh.-t a 22. gy. ezredben az orosz fronton, fogs\u00e1gba esett, ahol 5 \u00e9vet volt. Az EGE tagja, a ref. egyh\u00e1z gondnoka \u00e9s a k\u00f6zs\u00e9g b\u00edr\u00e1ja volt Harc\u00f3n. Irod.: Sz\u00e9kelyf\u00f6ld \u00ed. k.<\/p>\n","protected":false},"featured_media":0,"comment_status":"open","ping_status":"closed","template":"","meta":[],"product_brand":[],"product_cat":[137],"product_tag":[],"class_list":{"0":"post-22293","1":"product","2":"type-product","3":"status-publish","5":"product_cat-maros-megyei-eletrajzi-lexikon","7":"first","8":"instock","9":"shipping-taxable","10":"product-type-simple"},"_links":{"self":[{"href":"https:\/\/uj.adatbank.ro\/lexikon\/wp-json\/wp\/v2\/product\/22293","targetHints":{"allow":["GET"]}}],"collection":[{"href":"https:\/\/uj.adatbank.ro\/lexikon\/wp-json\/wp\/v2\/product"}],"about":[{"href":"https:\/\/uj.adatbank.ro\/lexikon\/wp-json\/wp\/v2\/types\/product"}],"replies":[{"embeddable":true,"href":"https:\/\/uj.adatbank.ro\/lexikon\/wp-json\/wp\/v2\/comments?post=22293"}],"wp:attachment":[{"href":"https:\/\/uj.adatbank.ro\/lexikon\/wp-json\/wp\/v2\/media?parent=22293"}],"wp:term":[{"taxonomy":"product_brand","embeddable":true,"href":"https:\/\/uj.adatbank.ro\/lexikon\/wp-json\/wp\/v2\/product_brand?post=22293"},{"taxonomy":"product_cat","embeddable":true,"href":"https:\/\/uj.adatbank.ro\/lexikon\/wp-json\/wp\/v2\/product_cat?post=22293"},{"taxonomy":"product_tag","embeddable":true,"href":"https:\/\/uj.adatbank.ro\/lexikon\/wp-json\/wp\/v2\/product_tag?post=22293"}],"curies":[{"name":"wp","href":"https:\/\/api.w.org\/{rel}","templated":true}]}}