{"id":22298,"date":"2025-07-22T19:56:04","date_gmt":"2025-07-22T17:56:04","guid":{"rendered":"https:\/\/uj.adatbank.ro\/lexikon\/termek\/szilagyi-istvan-4\/"},"modified":"2025-07-22T19:56:04","modified_gmt":"2025-07-22T17:56:04","slug":"szilagyi-istvan-4","status":"publish","type":"product","link":"https:\/\/uj.adatbank.ro\/lexikon\/termek\/szilagyi-istvan-4\/","title":{"rendered":"SZIL\u00c1GYI Istv\u00e1n"},"content":{"rendered":"<p>Gyergy\u00f3csomafalva, 1919. aug. 18., \u2020?: r. k. pap. \u2013 Cs\u00edkszered\u00e1ban \u00e9s Gyulafeh\u00e9rv\u00e1ron tanult. Kv.-on szentelt\u00e9k papp\u00e1 (1943. j\u00fan. 6.). K\u00e1pl\u00e1n K\u00e9zdiszentkereszten, Cs\u00edkszentsimonban, Torj\u00e1n. Pl\u00e9b\u00e1nos volt B\u00f6z\u00f6d\u00fajfaluban (1946), Cs\u00edkszered\u00e1ban (1947), Sz\u00e9pv\u00edzen (1950). Pl\u00e9b\u00e1nos Nagyerny\u00e9ben (1951\u201365), a templomot evang\u00e9liumi ihlet\u00e9s\u0171 jelenetekkel saj\u00e1t kez\u0171leg festette ki (1950-es \u00e9vekben). Nagyjav\u00edt\u00e1sokat v\u00e9geztetett a r. kat. templomon \u00e9s papilakon, \u00faj ker\u00edt\u00e9st \u00e1ll\u00edttatott a cinterem k\u00f6r\u00e9 a h\u00edvek adom\u00e1ny\u00e1b\u00f3l (1959\u201360, \u201365). Tov\u00e1bb\u00e1 pl\u00e9b\u00e1nos Sz\u00e9pv\u00edzen (1965\u2013), szentsz\u00e9ki tan\u00e1csos, esperes (1970). K\u00e9zdialm\u00e1son, Cs\u00edkszentkir\u00e1lyon, Ortov\u00e1n (1990\u201397), tb. kanonok (1992\u2013). Nyugd\u00edjas Gyergy\u00f3csomafalv\u00e1n. <br \/><strong>Irod.:<\/strong> Ferenczi S\u00e1ndor 2009; Maros-k\u00fck\u00fcll\u0151i f\u0151esp.; Nagyernye.<\/br><\/p>\n","protected":false},"excerpt":{"rendered":"<p>Gyergy\u00f3csomafalva, 1919. aug. 18., \u2020?: r. k. pap. \u2013 Cs\u00edkszered\u00e1ban \u00e9s Gyulafeh\u00e9rv\u00e1ron tanult. Kv.-on szentelt\u00e9k papp\u00e1 (1943. j\u00fan. 6.). K\u00e1pl\u00e1n K\u00e9zdiszentkereszten, Cs\u00edkszentsimonban, Torj\u00e1n. Pl\u00e9b\u00e1nos volt B\u00f6z\u00f6d\u00fajfaluban (1946), Cs\u00edkszered\u00e1ban (1947), Sz\u00e9pv\u00edzen (1950). Pl\u00e9b\u00e1nos Nagyerny\u00e9ben (1951\u201365), a templomot evang\u00e9liumi ihlet\u00e9s\u0171 jelenetekkel saj\u00e1t kez\u0171leg festette ki (1950-es \u00e9vekben). Nagyjav\u00edt\u00e1sokat v\u00e9geztetett a r. kat. templomon \u00e9s papilakon, \u00faj ker\u00edt\u00e9st [&hellip;]<\/p>\n","protected":false},"featured_media":0,"comment_status":"open","ping_status":"closed","template":"","meta":[],"product_brand":[],"product_cat":[137],"product_tag":[],"class_list":{"0":"post-22298","1":"product","2":"type-product","3":"status-publish","5":"product_cat-maros-megyei-eletrajzi-lexikon","7":"first","8":"instock","9":"shipping-taxable","10":"product-type-simple"},"_links":{"self":[{"href":"https:\/\/uj.adatbank.ro\/lexikon\/wp-json\/wp\/v2\/product\/22298","targetHints":{"allow":["GET"]}}],"collection":[{"href":"https:\/\/uj.adatbank.ro\/lexikon\/wp-json\/wp\/v2\/product"}],"about":[{"href":"https:\/\/uj.adatbank.ro\/lexikon\/wp-json\/wp\/v2\/types\/product"}],"replies":[{"embeddable":true,"href":"https:\/\/uj.adatbank.ro\/lexikon\/wp-json\/wp\/v2\/comments?post=22298"}],"wp:attachment":[{"href":"https:\/\/uj.adatbank.ro\/lexikon\/wp-json\/wp\/v2\/media?parent=22298"}],"wp:term":[{"taxonomy":"product_brand","embeddable":true,"href":"https:\/\/uj.adatbank.ro\/lexikon\/wp-json\/wp\/v2\/product_brand?post=22298"},{"taxonomy":"product_cat","embeddable":true,"href":"https:\/\/uj.adatbank.ro\/lexikon\/wp-json\/wp\/v2\/product_cat?post=22298"},{"taxonomy":"product_tag","embeddable":true,"href":"https:\/\/uj.adatbank.ro\/lexikon\/wp-json\/wp\/v2\/product_tag?post=22298"}],"curies":[{"name":"wp","href":"https:\/\/api.w.org\/{rel}","templated":true}]}}