{"id":22299,"date":"2025-07-22T19:56:06","date_gmt":"2025-07-22T17:56:06","guid":{"rendered":"https:\/\/uj.adatbank.ro\/lexikon\/termek\/szilagyi-janos\/"},"modified":"2025-07-22T19:56:06","modified_gmt":"2025-07-22T17:56:06","slug":"szilagyi-janos","status":"publish","type":"product","link":"https:\/\/uj.adatbank.ro\/lexikon\/termek\/szilagyi-janos\/","title":{"rendered":"SZIL\u00c1GYI J\u00e1nos"},"content":{"rendered":"<p>Mv., 1866, \u2020 Mv., 1962.: orvos. \u2013 A MOGYI orvos kar\u00e1n v\u00e9gzett. Mv.-en t\u00fcd\u0151gy\u00f3gy\u00e1sz szakorvos. \u2013 A TBC-s betegeket kezelte. Rendel\u0151je volt a Bethlen G\u00e1bor s\u00e9t\u00e1nyon (a mai M\u00e1jus 1. Bulev\u00e1rdon). Az I. vh. alatt a fels\u0151bb le\u00e1nyiskol\u00e1ban berendezett ideiglenes k\u00f3rh\u00e1zban gy\u00f3gy\u00edtotta a fronton megsebes\u00fclt katon\u00e1kat. Az EME v\u00e1lasztm\u00e1nyi tagja. <br \/><strong>Irod.:<\/strong> Kiss\u2013P\u00e9terffy\u2013P\u00e9terffy; Kiss Cs. M 4.<\/br><\/p>\n","protected":false},"excerpt":{"rendered":"<p>Mv., 1866, \u2020 Mv., 1962.: orvos. \u2013 A MOGYI orvos kar\u00e1n v\u00e9gzett. Mv.-en t\u00fcd\u0151gy\u00f3gy\u00e1sz szakorvos. \u2013 A TBC-s betegeket kezelte. Rendel\u0151je volt a Bethlen G\u00e1bor s\u00e9t\u00e1nyon (a mai M\u00e1jus 1. Bulev\u00e1rdon). Az I. vh. alatt a fels\u0151bb le\u00e1nyiskol\u00e1ban berendezett ideiglenes k\u00f3rh\u00e1zban gy\u00f3gy\u00edtotta a fronton megsebes\u00fclt katon\u00e1kat. Az EME v\u00e1lasztm\u00e1nyi tagja. Irod.: Kiss\u2013P\u00e9terffy\u2013P\u00e9terffy; Kiss Cs. M [&hellip;]<\/p>\n","protected":false},"featured_media":0,"comment_status":"open","ping_status":"closed","template":"","meta":[],"product_brand":[],"product_cat":[137],"product_tag":[],"class_list":{"0":"post-22299","1":"product","2":"type-product","3":"status-publish","5":"product_cat-maros-megyei-eletrajzi-lexikon","7":"first","8":"instock","9":"shipping-taxable","10":"product-type-simple"},"_links":{"self":[{"href":"https:\/\/uj.adatbank.ro\/lexikon\/wp-json\/wp\/v2\/product\/22299","targetHints":{"allow":["GET"]}}],"collection":[{"href":"https:\/\/uj.adatbank.ro\/lexikon\/wp-json\/wp\/v2\/product"}],"about":[{"href":"https:\/\/uj.adatbank.ro\/lexikon\/wp-json\/wp\/v2\/types\/product"}],"replies":[{"embeddable":true,"href":"https:\/\/uj.adatbank.ro\/lexikon\/wp-json\/wp\/v2\/comments?post=22299"}],"wp:attachment":[{"href":"https:\/\/uj.adatbank.ro\/lexikon\/wp-json\/wp\/v2\/media?parent=22299"}],"wp:term":[{"taxonomy":"product_brand","embeddable":true,"href":"https:\/\/uj.adatbank.ro\/lexikon\/wp-json\/wp\/v2\/product_brand?post=22299"},{"taxonomy":"product_cat","embeddable":true,"href":"https:\/\/uj.adatbank.ro\/lexikon\/wp-json\/wp\/v2\/product_cat?post=22299"},{"taxonomy":"product_tag","embeddable":true,"href":"https:\/\/uj.adatbank.ro\/lexikon\/wp-json\/wp\/v2\/product_tag?post=22299"}],"curies":[{"name":"wp","href":"https:\/\/api.w.org\/{rel}","templated":true}]}}