{"id":2230,"date":"2025-06-28T12:07:42","date_gmt":"2025-06-28T10:07:42","guid":{"rendered":"https:\/\/uj.adatbank.ro\/lexikon\/termek\/banyai-bela-banyay-bela-2\/"},"modified":"2025-06-28T12:07:42","modified_gmt":"2025-06-28T10:07:42","slug":"banyai-bela-banyay-bela-2","status":"publish","type":"product","link":"https:\/\/uj.adatbank.ro\/lexikon\/termek\/banyai-bela-banyay-bela-2\/","title":{"rendered":"B\u00c1NYAI B\u00e9la, B\u00e1nyay B\u00e9la"},"content":{"rendered":"<p>? \u2020\u00a0?\u00a0: p\u00e9nz\u00fcgyi tan\u00e1csos, p\u00e9nz\u00fcgy-igazgat\u00f3 helyettes. \u2013 Feles\u00e9ge: Szil\u00e1gyi Erzs\u00e9bet. \u2013 Mv.-en m\u0171k\u00f6d\u00f6tt: p\u00e9nz\u00fcgyi tan\u00e1csos, p\u00e9nz\u00fcgyigazgat\u00f3 helyettes. (1918), majd Pestszentl\u0151rincen \u00e9lt (1927), mint nyugd\u00edjas. \u2013 <strong>F. m.:<\/strong> <strong>t\u00e1rssz.:<\/strong> Gyakorlati \u00fatmutat\u00f3 az&#8230; \u00faj \u00e1lt. kereseti ad\u00f3 \u00e9s j\u00f6vedelem ad\u00f3hoz (Mv., 1912); <strong>szerk.:<\/strong> Gyakorlati \u00fatmutat\u00f3 az 1913. jan. 1. \u00e9letbel\u00e9p\u0151 \u00faj \u201e\u00c1ltal\u00e1nos kereseti ad\u00f3 \u00e9s J\u00f6vedelem ad\u00f3\u201d-hoz (Mv., 1912). <br \/><strong>Irod.:<\/strong> Guly\u00e1s; \u00d6kr\u00f6s<\/br><\/p>\n","protected":false},"excerpt":{"rendered":"<p>? \u2020\u00a0?\u00a0: p\u00e9nz\u00fcgyi tan\u00e1csos, p\u00e9nz\u00fcgy-igazgat\u00f3 helyettes. \u2013 Feles\u00e9ge: Szil\u00e1gyi Erzs\u00e9bet. \u2013 Mv.-en m\u0171k\u00f6d\u00f6tt: p\u00e9nz\u00fcgyi tan\u00e1csos, p\u00e9nz\u00fcgyigazgat\u00f3 helyettes. (1918), majd Pestszentl\u0151rincen \u00e9lt (1927), mint nyugd\u00edjas. \u2013 F. m.: t\u00e1rssz.: Gyakorlati \u00fatmutat\u00f3 az&#8230; \u00faj \u00e1lt. kereseti ad\u00f3 \u00e9s j\u00f6vedelem ad\u00f3hoz (Mv., 1912); szerk.: Gyakorlati \u00fatmutat\u00f3 az 1913. jan. 1. \u00e9letbel\u00e9p\u0151 \u00faj \u201e\u00c1ltal\u00e1nos kereseti ad\u00f3 \u00e9s J\u00f6vedelem ad\u00f3\u201d-hoz [&hellip;]<\/p>\n","protected":false},"featured_media":0,"comment_status":"open","ping_status":"closed","template":"","meta":[],"product_brand":[],"product_cat":[137],"product_tag":[],"class_list":{"0":"post-2230","1":"product","2":"type-product","3":"status-publish","5":"product_cat-maros-megyei-eletrajzi-lexikon","7":"first","8":"instock","9":"shipping-taxable","10":"product-type-simple"},"_links":{"self":[{"href":"https:\/\/uj.adatbank.ro\/lexikon\/wp-json\/wp\/v2\/product\/2230","targetHints":{"allow":["GET"]}}],"collection":[{"href":"https:\/\/uj.adatbank.ro\/lexikon\/wp-json\/wp\/v2\/product"}],"about":[{"href":"https:\/\/uj.adatbank.ro\/lexikon\/wp-json\/wp\/v2\/types\/product"}],"replies":[{"embeddable":true,"href":"https:\/\/uj.adatbank.ro\/lexikon\/wp-json\/wp\/v2\/comments?post=2230"}],"wp:attachment":[{"href":"https:\/\/uj.adatbank.ro\/lexikon\/wp-json\/wp\/v2\/media?parent=2230"}],"wp:term":[{"taxonomy":"product_brand","embeddable":true,"href":"https:\/\/uj.adatbank.ro\/lexikon\/wp-json\/wp\/v2\/product_brand?post=2230"},{"taxonomy":"product_cat","embeddable":true,"href":"https:\/\/uj.adatbank.ro\/lexikon\/wp-json\/wp\/v2\/product_cat?post=2230"},{"taxonomy":"product_tag","embeddable":true,"href":"https:\/\/uj.adatbank.ro\/lexikon\/wp-json\/wp\/v2\/product_tag?post=2230"}],"curies":[{"name":"wp","href":"https:\/\/api.w.org\/{rel}","templated":true}]}}